{"id":1216,"date":"2025-04-30T08:06:19","date_gmt":"2025-04-30T06:06:19","guid":{"rendered":"https:\/\/uj.adatbank.ro\/lexikon\/?page_id=1216"},"modified":"2025-04-30T08:08:32","modified_gmt":"2025-04-30T06:08:32","slug":"echipa-editoriala","status":"publish","type":"page","link":"https:\/\/uj.adatbank.ro\/lexikon\/ro\/echipa-editoriala\/","title":{"rendered":"Echipa editorial\u0103"},"content":{"rendered":"\t\t<div data-elementor-type=\"wp-page\" data-elementor-id=\"1216\" class=\"elementor elementor-1216\" data-elementor-post-type=\"page\">\n\t\t\t\t<div class=\"elementor-element elementor-element-c474d65 e-flex e-con-boxed e-con e-parent\" data-id=\"c474d65\" data-element_type=\"container\" data-e-type=\"container\">\n\t\t\t\t\t<div class=\"e-con-inner\">\n\t\t\t\t<div class=\"elementor-element elementor-element-6a41403 elementor-widget elementor-widget-text-editor\" data-id=\"6a41403\" data-element_type=\"widget\" data-e-type=\"widget\" data-widget_type=\"text-editor.default\">\n\t\t\t\t<div class=\"elementor-widget-container\">\n\t\t\t\t\t\t\t\t\t<p>Kiadja a\u00a0<a href=\"https:\/\/www.transindex.ro\/\" target=\"_blank\" rel=\"noopener\">Transindex<\/a>\u00a0\u00e9s a\u00a0<a href=\"https:\/\/www.jakabffy.ro\/\">Jakabffy Elem\u00e9r Alap\u00edtv\u00e1ny<\/a>.<\/p><p><strong>Szakmai vezet\u0151:<\/strong><\/p><p>N\/A<\/p>\t\t\t\t\t\t\t\t<\/div>\n\t\t\t\t<\/div>\n\t\t\t\t\t<\/div>\n\t\t\t\t<\/div>\n\t\t\t\t<\/div>\n\t\t","protected":false},"excerpt":{"rendered":"<p>Kiadja a\u00a0Transindex\u00a0\u00e9s a\u00a0Jakabffy Elem\u00e9r Alap\u00edtv\u00e1ny. Szakmai vezet\u0151: N\/A<\/p>\n","protected":false},"author":3,"featured_media":0,"parent":0,"menu_order":0,"comment_status":"closed","ping_status":"closed","template":"","meta":{"footnotes":""},"class_list":["post-1216","page","type-page","status-publish","hentry"],"_links":{"self":[{"href":"https:\/\/uj.adatbank.ro\/lexikon\/wp-json\/wp\/v2\/pages\/1216","targetHints":{"allow":["GET"]}}],"collection":[{"href":"https:\/\/uj.adatbank.ro\/lexikon\/wp-json\/wp\/v2\/pages"}],"about":[{"href":"https:\/\/uj.adatbank.ro\/lexikon\/wp-json\/wp\/v2\/types\/page"}],"author":[{"embeddable":true,"href":"https:\/\/uj.adatbank.ro\/lexikon\/wp-json\/wp\/v2\/users\/3"}],"replies":[{"embeddable":true,"href":"https:\/\/uj.adatbank.ro\/lexikon\/wp-json\/wp\/v2\/comments?post=1216"}],"version-history":[{"count":4,"href":"https:\/\/uj.adatbank.ro\/lexikon\/wp-json\/wp\/v2\/pages\/1216\/revisions"}],"predecessor-version":[{"id":1223,"href":"https:\/\/uj.adatbank.ro\/lexikon\/wp-json\/wp\/v2\/pages\/1216\/revisions\/1223"}],"wp:attachment":[{"href":"https:\/\/uj.adatbank.ro\/lexikon\/wp-json\/wp\/v2\/media?parent=1216"}],"curies":[{"name":"wp","href":"https:\/\/api.w.org\/{rel}","templated":true}]}}