{"id":13,"date":"2025-04-14T18:00:37","date_gmt":"2025-04-14T16:00:37","guid":{"rendered":"https:\/\/uj.adatbank.ro\/lexikon\/?page_id=13"},"modified":"2025-04-29T14:23:30","modified_gmt":"2025-04-29T12:23:30","slug":"gyarapitasi-terv","status":"publish","type":"page","link":"https:\/\/uj.adatbank.ro\/lexikon\/gyarapitasi-terv\/","title":{"rendered":"Gyarap\u00edt\u00e1si terv"},"content":{"rendered":"\t\t<div data-elementor-type=\"wp-page\" data-elementor-id=\"13\" class=\"elementor elementor-13\" data-elementor-post-type=\"page\">\n\t\t\t\t<div class=\"elementor-element elementor-element-20e95d0 e-flex e-con-boxed e-con e-parent\" data-id=\"20e95d0\" data-element_type=\"container\" data-e-type=\"container\">\n\t\t\t\t\t<div class=\"e-con-inner\">\n\t\t<div class=\"elementor-element elementor-element-6d44d39 e-con-full e-flex e-con e-child\" data-id=\"6d44d39\" data-element_type=\"container\" data-e-type=\"container\">\n\t\t\t\t<div class=\"elementor-element elementor-element-ff13d32 elementor-widget elementor-widget-text-editor\" data-id=\"ff13d32\" data-element_type=\"widget\" data-e-type=\"widget\" data-widget_type=\"text-editor.default\">\n\t\t\t\t<div class=\"elementor-widget-container\">\n\t\t\t\t\t\t\t\t\t<p>A k\u00f6zelj\u00f6v\u0151ben az Erd\u00e9lyi Magyar Lexikon a k\u00f6vetkez\u0151 tematik\u00e1kkal b\u0151v\u00fcl:<\/p><p>&#8211; 150 telep\u00fcl\u00e9s legfontosabb m\u0171eml\u00e9kei, terei, l\u00e1tk\u00e9pei (1500 sz\u00f3cikk)<\/p><p>&#8211; Erd\u00e9lyi telep\u00fcl\u00e9sek le\u00edr\u00e1sai (200 sz\u00f3cikk)<\/p><p>&#8211; Erd\u00e9lyi telep\u00fcl\u00e9sek helyn\u00e9vv\u00e1ltozatai, k\u00f6zigazgat\u00e1si \u00e9s t\u00f6rt\u00e9neti le\u00edr\u00e1sa (5800 sz\u00f3cikk)<\/p><p>&#8211; A rom\u00e1niai magyars\u00e1g fontos szem\u00e9lyis\u00e9gei a XX-XXI. sz\u00e1zadban (1500 sz\u00f3cikk)<\/p><p>&#8211; A rom\u00e1niai magyars\u00e1g fontos int\u00e9zm\u00e9nyei a XX-XXI. sz\u00e1zadban (400 sz\u00f3cikk)<\/p><p>&#8211; Rom\u00e1niai magyar periodik\u00e1k 1918\u20142000 (1000 sz\u00f3cikk)<\/p><p>&#8211; Erd\u00e9lyi szellemt\u00f6rt\u00e9net (500 sz\u00f3cikk)<\/p>\t\t\t\t\t\t\t\t<\/div>\n\t\t\t\t<\/div>\n\t\t\t\t<\/div>\n\t\t\t\t\t<\/div>\n\t\t\t\t<\/div>\n\t\t\t\t<\/div>\n\t\t","protected":false},"excerpt":{"rendered":"<p>A k\u00f6zelj\u00f6v\u0151ben az Erd\u00e9lyi Magyar Lexikon a k\u00f6vetkez\u0151 tematik\u00e1kkal b\u0151v\u00fcl: &#8211; 150 telep\u00fcl\u00e9s legfontosabb m\u0171eml\u00e9kei, terei, l\u00e1tk\u00e9pei (1500 sz\u00f3cikk) &#8211; Erd\u00e9lyi telep\u00fcl\u00e9sek le\u00edr\u00e1sai (200 sz\u00f3cikk) &#8211; Erd\u00e9lyi telep\u00fcl\u00e9sek helyn\u00e9vv\u00e1ltozatai, k\u00f6zigazgat\u00e1si \u00e9s t\u00f6rt\u00e9neti le\u00edr\u00e1sa (5800 sz\u00f3cikk) &#8211; A rom\u00e1niai magyars\u00e1g fontos szem\u00e9lyis\u00e9gei a XX-XXI. sz\u00e1zadban (1500 sz\u00f3cikk) &#8211; A rom\u00e1niai magyars\u00e1g fontos int\u00e9zm\u00e9nyei a XX-XXI. sz\u00e1zadban [&hellip;]<\/p>\n","protected":false},"author":3,"featured_media":0,"parent":0,"menu_order":0,"comment_status":"closed","ping_status":"closed","template":"","meta":{"footnotes":""},"class_list":["post-13","page","type-page","status-publish","hentry"],"_links":{"self":[{"href":"https:\/\/uj.adatbank.ro\/lexikon\/wp-json\/wp\/v2\/pages\/13","targetHints":{"allow":["GET"]}}],"collection":[{"href":"https:\/\/uj.adatbank.ro\/lexikon\/wp-json\/wp\/v2\/pages"}],"about":[{"href":"https:\/\/uj.adatbank.ro\/lexikon\/wp-json\/wp\/v2\/types\/page"}],"author":[{"embeddable":true,"href":"https:\/\/uj.adatbank.ro\/lexikon\/wp-json\/wp\/v2\/users\/3"}],"replies":[{"embeddable":true,"href":"https:\/\/uj.adatbank.ro\/lexikon\/wp-json\/wp\/v2\/comments?post=13"}],"version-history":[{"count":26,"href":"https:\/\/uj.adatbank.ro\/lexikon\/wp-json\/wp\/v2\/pages\/13\/revisions"}],"predecessor-version":[{"id":851,"href":"https:\/\/uj.adatbank.ro\/lexikon\/wp-json\/wp\/v2\/pages\/13\/revisions\/851"}],"wp:attachment":[{"href":"https:\/\/uj.adatbank.ro\/lexikon\/wp-json\/wp\/v2\/media?parent=13"}],"curies":[{"name":"wp","href":"https:\/\/api.w.org\/{rel}","templated":true}]}}