{"id":4,"date":"2025-04-14T13:09:02","date_gmt":"2025-04-14T11:09:02","guid":{"rendered":"https:\/\/uj.adatbank.ro\/lexikon\/kereses\/"},"modified":"2025-04-30T08:02:59","modified_gmt":"2025-04-30T06:02:59","slug":"kereses","status":"publish","type":"page","link":"https:\/\/uj.adatbank.ro\/lexikon\/","title":{"rendered":"A lexikonr\u00f3l"},"content":{"rendered":"\t\t<div data-elementor-type=\"wp-page\" data-elementor-id=\"4\" class=\"elementor elementor-4\" data-elementor-post-type=\"page\">\n\t\t\t\t<div class=\"elementor-element elementor-element-7f54ae5 e-flex e-con-boxed e-con e-parent\" data-id=\"7f54ae5\" data-element_type=\"container\" data-e-type=\"container\">\n\t\t\t\t\t<div class=\"e-con-inner\">\n\t\t<div class=\"elementor-element elementor-element-5e974b5 e-con-full e-flex e-con e-child\" data-id=\"5e974b5\" data-element_type=\"container\" data-e-type=\"container\">\n\t\t\t\t<div class=\"elementor-element elementor-element-4d6661d elementor-widget elementor-widget-text-editor\" data-id=\"4d6661d\" data-element_type=\"widget\" data-e-type=\"widget\" data-widget_type=\"text-editor.default\">\n\t\t\t\t<div class=\"elementor-widget-container\">\n\t\t\t\t\t\t\t\t\t<div id=\"jobb\"><div id=\"also1\"><p id=\"kulso\">Az Erd\u00e9lyi Magyar Lexikon precedens n\u00e9lk\u00fcli v\u00e1llalkoz\u00e1s. C\u00e9lja egy olyan, erd\u00e9lyi tematik\u00e1j\u00fa, klasszikus \u00e9rtelemben vett enciklop\u00e9dia felmutat\u00e1sa, amely az online kommunik\u00e1ci\u00f3 m\u0171faji krit\u00e9riumainak is megfelel. Az itt tal\u00e1lhat\u00f3 sz\u00f3cikkek t\u00falnyom\u00f3 r\u00e9sze eredeti, az Erd\u00e9lyi Magyar Adatbank sz\u00e1m\u00e1ra a legavatottabb szakemberek \u00e1ltal \u00edrt sz\u00f3cikk. Fejleszt\u00e9si strat\u00e9gi\u00e1nk, hogy \u00e9vente 2-3 \u00faj tematik\u00e1val b\u0151v\u00edtj\u00fck a Lexikont.<\/p><p>A Lexikon els\u0151 tematik\u00e1ja 150, Erd\u00e9lyben tal\u00e1lhat\u00f3 m\u0171eml\u00e9k a nemzetk\u00f6zi szakmai standardok szerinti, egys\u00e9ges szerkezet\u0171 le\u00edr\u00e1s\u00e1t tartalmazza rom\u00e1n \u00e9s magyar nyelven. Az Erd\u00e9lyi Magyar Adatbank tudom\u00e1nyos vezet\u0151je B\u00e1rdi N\u00e1ndor. R\u00e9szletes impresszumot l\u00e1sd\u00a0<a href=\"\/lexikon\/impresszum\/\">itt<\/a>!<\/p><\/div><\/div>\t\t\t\t\t\t\t\t<\/div>\n\t\t\t\t<\/div>\n\t\t\t\t<\/div>\n\t\t\t\t\t<\/div>\n\t\t\t\t<\/div>\n\t\t\t\t<\/div>\n\t\t","protected":false},"excerpt":{"rendered":"<p>Az Erd\u00e9lyi Magyar Lexikon precedens n\u00e9lk\u00fcli v\u00e1llalkoz\u00e1s. C\u00e9lja egy olyan, erd\u00e9lyi tematik\u00e1j\u00fa, klasszikus \u00e9rtelemben vett enciklop\u00e9dia felmutat\u00e1sa, amely az online kommunik\u00e1ci\u00f3 m\u0171faji krit\u00e9riumainak is megfelel. Az itt tal\u00e1lhat\u00f3 sz\u00f3cikkek t\u00falnyom\u00f3 r\u00e9sze eredeti, az Erd\u00e9lyi Magyar Adatbank sz\u00e1m\u00e1ra a legavatottabb szakemberek \u00e1ltal \u00edrt sz\u00f3cikk. Fejleszt\u00e9si strat\u00e9gi\u00e1nk, hogy \u00e9vente 2-3 \u00faj tematik\u00e1val b\u0151v\u00edtj\u00fck a Lexikont. A Lexikon [&hellip;]<\/p>\n","protected":false},"author":1,"featured_media":0,"parent":0,"menu_order":0,"comment_status":"closed","ping_status":"closed","template":"","meta":{"footnotes":""},"class_list":["post-4","page","type-page","status-publish","hentry"],"_links":{"self":[{"href":"https:\/\/uj.adatbank.ro\/lexikon\/wp-json\/wp\/v2\/pages\/4","targetHints":{"allow":["GET"]}}],"collection":[{"href":"https:\/\/uj.adatbank.ro\/lexikon\/wp-json\/wp\/v2\/pages"}],"about":[{"href":"https:\/\/uj.adatbank.ro\/lexikon\/wp-json\/wp\/v2\/types\/page"}],"author":[{"embeddable":true,"href":"https:\/\/uj.adatbank.ro\/lexikon\/wp-json\/wp\/v2\/users\/1"}],"replies":[{"embeddable":true,"href":"https:\/\/uj.adatbank.ro\/lexikon\/wp-json\/wp\/v2\/comments?post=4"}],"version-history":[{"count":25,"href":"https:\/\/uj.adatbank.ro\/lexikon\/wp-json\/wp\/v2\/pages\/4\/revisions"}],"predecessor-version":[{"id":1215,"href":"https:\/\/uj.adatbank.ro\/lexikon\/wp-json\/wp\/v2\/pages\/4\/revisions\/1215"}],"wp:attachment":[{"href":"https:\/\/uj.adatbank.ro\/lexikon\/wp-json\/wp\/v2\/media?parent=4"}],"curies":[{"name":"wp","href":"https:\/\/api.w.org\/{rel}","templated":true}]}}