{"id":10194,"date":"2025-06-29T13:11:37","date_gmt":"2025-06-29T11:11:37","guid":{"rendered":"https:\/\/uj.adatbank.ro\/lexikon\/termek\/hunyadi-janos-ioan-huniade-corvin\/"},"modified":"2025-06-29T13:11:37","modified_gmt":"2025-06-29T11:11:37","slug":"hunyadi-janos-ioan-huniade-corvin","status":"publish","type":"product","link":"https:\/\/uj.adatbank.ro\/lexikon\/termek\/hunyadi-janos-ioan-huniade-corvin\/","title":{"rendered":"HUNYADI J\u00e1nos, Ioan Huniade Corvin"},"content":{"rendered":"<p>1407, \u2020 Zimony, 1456. aug. 11.: sz\u00f6r\u00e9nyi b\u00e1n, erd\u00e9lyi vajda. \u2013 Morzsinai Erzs\u00e9bet, rom\u00e1n parasztl\u00e1ny \u00e9s Zsigmond kir\u00e1ly fia. \u2013 Hadvez\u00e9r, Magyaro. korm\u00e1nyz\u00f3ja, az orsz\u00e1gos f\u0151kapit\u00e1ny. A t\u00f6r\u00f6k elleni hadj\u00e1ratokban t\u0171nt ki; nev\u00e9hez f\u0171z\u0151dik a n\u00e1ndorfeh\u00e9rv\u00e1ri diadal II. Mohamed felett (1456). \u2013 \u0150 \u00e9p\u00edttette a ny\u00e1r\u00e1dszentannai templomot (1441). Mv. vend\u00e9ge volt (1448. jan. 20), megl\u00e1togatta a ferences kolostort, felkarolta a templomtorony \u00e9p\u00edt\u00e9s\u00e9nek \u00fcgy\u00e9t. Mv.-en eml\u00e9k\u00e9re felavatt\u00e1k a Hunyadi J\u00e1nos mellszobr\u00e1t a v\u00e1rudvar\u00e1n, alkot\u00f3ja a szov\u00e1tai szobr\u00e1sz Bocskay Vince, bronzba \u00f6nt\u00f6tte S\u00e1nta Csaba, a zs\u00f6g\u00f6di andezit talapzat k\u00e9sz\u00edt\u0151je D\u00f3czy Andr\u00e1s. (2022. j\u00fal. 30.). Mv.-en \u00fat viselte a nev\u00e9t (1912\u2013). <br \/><strong>Irod.:<\/strong> Id\u0151t\u00e1r 1; Nagy Mikl\u00f3s Kund: Err\u0151l jut eszembe (N\u00fa., 2022. aug. 3.); Paget; Vigh Szentgy\u00f6rgyi; Nagy Sz\u00e9kely Ildik\u00f3: \u201eIsten hozta, korm\u00e1nyz\u00f3 \u00far!\u201d: Hunyadi J\u00e1nos-szoboravat\u00f3 a mv.-i v\u00e1rkertben (N\u00fa., 2022. aug. 1); A Hunyadiak \u00e9s a sz\u00e9kelyek (Sz\u00e9kelys\u00e9g t\u00f6rt.)<\/br><\/p>\n","protected":false},"excerpt":{"rendered":"<p>1407, \u2020 Zimony, 1456. aug. 11.: sz\u00f6r\u00e9nyi b\u00e1n, erd\u00e9lyi vajda. \u2013 Morzsinai Erzs\u00e9bet, rom\u00e1n parasztl\u00e1ny \u00e9s Zsigmond kir\u00e1ly fia. \u2013 Hadvez\u00e9r, Magyaro. korm\u00e1nyz\u00f3ja, az orsz\u00e1gos f\u0151kapit\u00e1ny. A t\u00f6r\u00f6k elleni hadj\u00e1ratokban t\u0171nt ki; nev\u00e9hez f\u0171z\u0151dik a n\u00e1ndorfeh\u00e9rv\u00e1ri diadal II. Mohamed felett (1456). \u2013 \u0150 \u00e9p\u00edttette a ny\u00e1r\u00e1dszentannai templomot (1441). Mv. vend\u00e9ge volt (1448. jan. 20), megl\u00e1togatta [&hellip;]<\/p>\n","protected":false},"featured_media":0,"comment_status":"open","ping_status":"closed","template":"","meta":[],"product_brand":[],"product_cat":[137],"product_tag":[],"class_list":{"0":"post-10194","1":"product","2":"type-product","3":"status-publish","5":"product_cat-maros-megyei-eletrajzi-lexikon","7":"first","8":"instock","9":"shipping-taxable","10":"product-type-simple"},"_links":{"self":[{"href":"https:\/\/uj.adatbank.ro\/lexikon\/wp-json\/wp\/v2\/product\/10194","targetHints":{"allow":["GET"]}}],"collection":[{"href":"https:\/\/uj.adatbank.ro\/lexikon\/wp-json\/wp\/v2\/product"}],"about":[{"href":"https:\/\/uj.adatbank.ro\/lexikon\/wp-json\/wp\/v2\/types\/product"}],"replies":[{"embeddable":true,"href":"https:\/\/uj.adatbank.ro\/lexikon\/wp-json\/wp\/v2\/comments?post=10194"}],"wp:attachment":[{"href":"https:\/\/uj.adatbank.ro\/lexikon\/wp-json\/wp\/v2\/media?parent=10194"}],"wp:term":[{"taxonomy":"product_brand","embeddable":true,"href":"https:\/\/uj.adatbank.ro\/lexikon\/wp-json\/wp\/v2\/product_brand?post=10194"},{"taxonomy":"product_cat","embeddable":true,"href":"https:\/\/uj.adatbank.ro\/lexikon\/wp-json\/wp\/v2\/product_cat?post=10194"},{"taxonomy":"product_tag","embeddable":true,"href":"https:\/\/uj.adatbank.ro\/lexikon\/wp-json\/wp\/v2\/product_tag?post=10194"}],"curies":[{"name":"wp","href":"https:\/\/api.w.org\/{rel}","templated":true}]}}