{"id":10254,"date":"2025-06-29T13:13:48","date_gmt":"2025-06-29T11:13:48","guid":{"rendered":"https:\/\/uj.adatbank.ro\/lexikon\/termek\/iacivici-stefan\/"},"modified":"2025-06-29T13:13:48","modified_gmt":"2025-06-29T11:13:48","slug":"iacivici-stefan","status":"publish","type":"product","link":"https:\/\/uj.adatbank.ro\/lexikon\/termek\/iacivici-stefan\/","title":{"rendered":"IACIVICI \u015etefan"},"content":{"rendered":"<p>? \u2020 ?: ort. pap. \u2013 Meggyesfalv\u00e1n szolg\u00e1lt. Azzal v\u00e1dolt\u00e1k, hogy ellenezte Erd\u00e9ly \u00e9s Mo. egyes\u00fcl\u00e9s\u00e9t. B\u00e1r n\u00e9gy f\u00e9l\u00e1rva gyermeke volt, letart\u00f3ztatt\u00e1k, \u00e9s b\u00f6rt\u00f6nbe vetett\u00e9k. Trombit\u00e1s Partenie h\u00edvta fel az esetre a hat\u00f3s\u00e1g figyelm\u00e9t (1851). <br \/><strong>Irod.:<\/strong> \u015eincan 2006<\/br><\/p>\n","protected":false},"excerpt":{"rendered":"<p>? \u2020 ?: ort. pap. \u2013 Meggyesfalv\u00e1n szolg\u00e1lt. Azzal v\u00e1dolt\u00e1k, hogy ellenezte Erd\u00e9ly \u00e9s Mo. egyes\u00fcl\u00e9s\u00e9t. B\u00e1r n\u00e9gy f\u00e9l\u00e1rva gyermeke volt, letart\u00f3ztatt\u00e1k, \u00e9s b\u00f6rt\u00f6nbe vetett\u00e9k. Trombit\u00e1s Partenie h\u00edvta fel az esetre a hat\u00f3s\u00e1g figyelm\u00e9t (1851). Irod.: \u015eincan 2006<\/p>\n","protected":false},"featured_media":0,"comment_status":"open","ping_status":"closed","template":"","meta":[],"product_brand":[],"product_cat":[137],"product_tag":[],"class_list":{"0":"post-10254","1":"product","2":"type-product","3":"status-publish","5":"product_cat-maros-megyei-eletrajzi-lexikon","7":"first","8":"instock","9":"shipping-taxable","10":"product-type-simple"},"_links":{"self":[{"href":"https:\/\/uj.adatbank.ro\/lexikon\/wp-json\/wp\/v2\/product\/10254","targetHints":{"allow":["GET"]}}],"collection":[{"href":"https:\/\/uj.adatbank.ro\/lexikon\/wp-json\/wp\/v2\/product"}],"about":[{"href":"https:\/\/uj.adatbank.ro\/lexikon\/wp-json\/wp\/v2\/types\/product"}],"replies":[{"embeddable":true,"href":"https:\/\/uj.adatbank.ro\/lexikon\/wp-json\/wp\/v2\/comments?post=10254"}],"wp:attachment":[{"href":"https:\/\/uj.adatbank.ro\/lexikon\/wp-json\/wp\/v2\/media?parent=10254"}],"wp:term":[{"taxonomy":"product_brand","embeddable":true,"href":"https:\/\/uj.adatbank.ro\/lexikon\/wp-json\/wp\/v2\/product_brand?post=10254"},{"taxonomy":"product_cat","embeddable":true,"href":"https:\/\/uj.adatbank.ro\/lexikon\/wp-json\/wp\/v2\/product_cat?post=10254"},{"taxonomy":"product_tag","embeddable":true,"href":"https:\/\/uj.adatbank.ro\/lexikon\/wp-json\/wp\/v2\/product_tag?post=10254"}],"curies":[{"name":"wp","href":"https:\/\/api.w.org\/{rel}","templated":true}]}}