{"id":10257,"date":"2025-06-29T13:13:54","date_gmt":"2025-06-29T11:13:54","guid":{"rendered":"https:\/\/uj.adatbank.ro\/lexikon\/termek\/iacob-ioan\/"},"modified":"2025-06-29T13:13:54","modified_gmt":"2025-06-29T11:13:54","slug":"iacob-ioan","status":"publish","type":"product","link":"https:\/\/uj.adatbank.ro\/lexikon\/termek\/iacob-ioan\/","title":{"rendered":"IACOB Ioan"},"content":{"rendered":"<p>? \u2020 ?: ort. pap, esperes, tan\u00edt\u00f3. \u2013 Marosszentgy\u00f6rgy\u00f6n szolg\u00e1lt. Azzal v\u00e1dolt\u00e1k, h. m. nemzetellenes \u00f6sszej\u00f6veteleket tartott a h\u00edveinek, ez\u00e9rt b\u00f6rt\u00f6nbe vetett\u00e9k (1851). A dok. -ok szerint akkor 69 tanul\u00f3 tanult az ort. iskol\u00e1ban (1852). Iskola\u00e9p\u00fclet is l\u00e9tezett (1854\u2013). <br \/><strong>Irod.:<\/strong> S\u00e2ngeorgiu de Mure\u015f \u2013 \u015ecoala; \u015eincan 2006<\/br><\/p>\n","protected":false},"excerpt":{"rendered":"<p>? \u2020 ?: ort. pap, esperes, tan\u00edt\u00f3. \u2013 Marosszentgy\u00f6rgy\u00f6n szolg\u00e1lt. Azzal v\u00e1dolt\u00e1k, h. m. nemzetellenes \u00f6sszej\u00f6veteleket tartott a h\u00edveinek, ez\u00e9rt b\u00f6rt\u00f6nbe vetett\u00e9k (1851). A dok. -ok szerint akkor 69 tanul\u00f3 tanult az ort. iskol\u00e1ban (1852). Iskola\u00e9p\u00fclet is l\u00e9tezett (1854\u2013). Irod.: S\u00e2ngeorgiu de Mure\u015f \u2013 \u015ecoala; \u015eincan 2006<\/p>\n","protected":false},"featured_media":0,"comment_status":"open","ping_status":"closed","template":"","meta":[],"product_brand":[],"product_cat":[137],"product_tag":[],"class_list":{"0":"post-10257","1":"product","2":"type-product","3":"status-publish","5":"product_cat-maros-megyei-eletrajzi-lexikon","7":"first","8":"instock","9":"shipping-taxable","10":"product-type-simple"},"_links":{"self":[{"href":"https:\/\/uj.adatbank.ro\/lexikon\/wp-json\/wp\/v2\/product\/10257","targetHints":{"allow":["GET"]}}],"collection":[{"href":"https:\/\/uj.adatbank.ro\/lexikon\/wp-json\/wp\/v2\/product"}],"about":[{"href":"https:\/\/uj.adatbank.ro\/lexikon\/wp-json\/wp\/v2\/types\/product"}],"replies":[{"embeddable":true,"href":"https:\/\/uj.adatbank.ro\/lexikon\/wp-json\/wp\/v2\/comments?post=10257"}],"wp:attachment":[{"href":"https:\/\/uj.adatbank.ro\/lexikon\/wp-json\/wp\/v2\/media?parent=10257"}],"wp:term":[{"taxonomy":"product_brand","embeddable":true,"href":"https:\/\/uj.adatbank.ro\/lexikon\/wp-json\/wp\/v2\/product_brand?post=10257"},{"taxonomy":"product_cat","embeddable":true,"href":"https:\/\/uj.adatbank.ro\/lexikon\/wp-json\/wp\/v2\/product_cat?post=10257"},{"taxonomy":"product_tag","embeddable":true,"href":"https:\/\/uj.adatbank.ro\/lexikon\/wp-json\/wp\/v2\/product_tag?post=10257"}],"curies":[{"name":"wp","href":"https:\/\/api.w.org\/{rel}","templated":true}]}}