{"id":10262,"date":"2025-06-29T13:14:03","date_gmt":"2025-06-29T11:14:03","guid":{"rendered":"https:\/\/uj.adatbank.ro\/lexikon\/termek\/iancu-gheorghe\/"},"modified":"2025-06-29T13:14:03","modified_gmt":"2025-06-29T11:14:03","slug":"iancu-gheorghe","status":"publish","type":"product","link":"https:\/\/uj.adatbank.ro\/lexikon\/termek\/iancu-gheorghe\/","title":{"rendered":"IANCU Gheorghe"},"content":{"rendered":"<p>Gyulafeh\u00e9rv\u00e1r, 1924. szept. 20., \u2020\u00a0?\u00a0: zeneszerz\u0151, katonai karmester. \u2013 Tanulm\u00e1nyait Gyulafeh\u00e9rv\u00e1ron kezdte (heged\u0171, k\u00fcrt), Buk. -ben k\u00e9pezte mag\u00e1t (1951\u201354). Beszterce-Nasz\u00f3don k\u00fcrt\u00f6s (1943\u201353); a katonai f\u00fav\u00f3s zenekar, a Kult\u00farh\u00e1z karmestere, valamint zenetan\u00e1r (canto) a Tisztek H\u00e1z\u00e1ban (1954\u201356). Mv.-en a 03902-es Katonai Egys\u00e9g f\u00fav\u00f3s zenekar\u00e1nak karnagya (1956\u2013). Cikkeket, zendarabokat k\u00f6z\u00f6lt a Via\u0163a Militar\u0103 foly\u00f3iratban. \u2013 <strong>F. m.:<\/strong> szimfonikus zene: Preludiu (1957); f\u00fav\u00f3s zene: Divertisment pe teme populare (1955); C\u00eentece pentru fanfar\u0103 = Dalok f\u00fav\u00f3szenekarra (Tg. M., 1965); Dou\u0103 c\u00e2ntece ost\u0103se\u015fti (1956); korusm\u0171vek, vokalis zene: Te c\u00e2nt\u0103m primavar\u0103 (1955), Amintire (1958). <br \/><strong>Irod.:<\/strong> Muzicieni din Rom.<\/br><\/p>\n","protected":false},"excerpt":{"rendered":"<p>Gyulafeh\u00e9rv\u00e1r, 1924. szept. 20., \u2020\u00a0?\u00a0: zeneszerz\u0151, katonai karmester. \u2013 Tanulm\u00e1nyait Gyulafeh\u00e9rv\u00e1ron kezdte (heged\u0171, k\u00fcrt), Buk. -ben k\u00e9pezte mag\u00e1t (1951\u201354). Beszterce-Nasz\u00f3don k\u00fcrt\u00f6s (1943\u201353); a katonai f\u00fav\u00f3s zenekar, a Kult\u00farh\u00e1z karmestere, valamint zenetan\u00e1r (canto) a Tisztek H\u00e1z\u00e1ban (1954\u201356). Mv.-en a 03902-es Katonai Egys\u00e9g f\u00fav\u00f3s zenekar\u00e1nak karnagya (1956\u2013). Cikkeket, zendarabokat k\u00f6z\u00f6lt a Via\u0163a Militar\u0103 foly\u00f3iratban. \u2013 F. m.: [&hellip;]<\/p>\n","protected":false},"featured_media":0,"comment_status":"open","ping_status":"closed","template":"","meta":[],"product_brand":[],"product_cat":[137],"product_tag":[],"class_list":{"0":"post-10262","1":"product","2":"type-product","3":"status-publish","5":"product_cat-maros-megyei-eletrajzi-lexikon","7":"first","8":"instock","9":"shipping-taxable","10":"product-type-simple"},"_links":{"self":[{"href":"https:\/\/uj.adatbank.ro\/lexikon\/wp-json\/wp\/v2\/product\/10262","targetHints":{"allow":["GET"]}}],"collection":[{"href":"https:\/\/uj.adatbank.ro\/lexikon\/wp-json\/wp\/v2\/product"}],"about":[{"href":"https:\/\/uj.adatbank.ro\/lexikon\/wp-json\/wp\/v2\/types\/product"}],"replies":[{"embeddable":true,"href":"https:\/\/uj.adatbank.ro\/lexikon\/wp-json\/wp\/v2\/comments?post=10262"}],"wp:attachment":[{"href":"https:\/\/uj.adatbank.ro\/lexikon\/wp-json\/wp\/v2\/media?parent=10262"}],"wp:term":[{"taxonomy":"product_brand","embeddable":true,"href":"https:\/\/uj.adatbank.ro\/lexikon\/wp-json\/wp\/v2\/product_brand?post=10262"},{"taxonomy":"product_cat","embeddable":true,"href":"https:\/\/uj.adatbank.ro\/lexikon\/wp-json\/wp\/v2\/product_cat?post=10262"},{"taxonomy":"product_tag","embeddable":true,"href":"https:\/\/uj.adatbank.ro\/lexikon\/wp-json\/wp\/v2\/product_tag?post=10262"}],"curies":[{"name":"wp","href":"https:\/\/api.w.org\/{rel}","templated":true}]}}