{"id":10263,"date":"2025-06-29T13:14:04","date_gmt":"2025-06-29T11:14:04","guid":{"rendered":"https:\/\/uj.adatbank.ro\/lexikon\/termek\/ichim-maria\/"},"modified":"2025-06-29T13:14:04","modified_gmt":"2025-06-29T11:14:04","slug":"ichim-maria","status":"publish","type":"product","link":"https:\/\/uj.adatbank.ro\/lexikon\/termek\/ichim-maria\/","title":{"rendered":"ICHIM Maria"},"content":{"rendered":"<p>Fels\u0151r\u00e9pa, 1916. m\u00e1rc. 26., \u2020\u00a0?\u00a0: kul\u00e1k. \u2013 I. Dumitru \u00e9s M\u00e1ria le\u00e1nya. \u2013 K\u00e9nyszermunkat\u00e1borba k\u00fcldte a securitate (1952), a p\u00e9nzbev\u00e1lt\u00e1ssal kapcsolatos negat\u00edv h\u00edrkelt\u00e9s miatt. <br \/><strong>Irod.:<\/strong> Bartos 2012<\/br><\/p>\n","protected":false},"excerpt":{"rendered":"<p>Fels\u0151r\u00e9pa, 1916. m\u00e1rc. 26., \u2020\u00a0?\u00a0: kul\u00e1k. \u2013 I. Dumitru \u00e9s M\u00e1ria le\u00e1nya. \u2013 K\u00e9nyszermunkat\u00e1borba k\u00fcldte a securitate (1952), a p\u00e9nzbev\u00e1lt\u00e1ssal kapcsolatos negat\u00edv h\u00edrkelt\u00e9s miatt. Irod.: Bartos 2012<\/p>\n","protected":false},"featured_media":0,"comment_status":"open","ping_status":"closed","template":"","meta":[],"product_brand":[],"product_cat":[137],"product_tag":[],"class_list":{"0":"post-10263","1":"product","2":"type-product","3":"status-publish","5":"product_cat-maros-megyei-eletrajzi-lexikon","7":"first","8":"instock","9":"shipping-taxable","10":"product-type-simple"},"_links":{"self":[{"href":"https:\/\/uj.adatbank.ro\/lexikon\/wp-json\/wp\/v2\/product\/10263","targetHints":{"allow":["GET"]}}],"collection":[{"href":"https:\/\/uj.adatbank.ro\/lexikon\/wp-json\/wp\/v2\/product"}],"about":[{"href":"https:\/\/uj.adatbank.ro\/lexikon\/wp-json\/wp\/v2\/types\/product"}],"replies":[{"embeddable":true,"href":"https:\/\/uj.adatbank.ro\/lexikon\/wp-json\/wp\/v2\/comments?post=10263"}],"wp:attachment":[{"href":"https:\/\/uj.adatbank.ro\/lexikon\/wp-json\/wp\/v2\/media?parent=10263"}],"wp:term":[{"taxonomy":"product_brand","embeddable":true,"href":"https:\/\/uj.adatbank.ro\/lexikon\/wp-json\/wp\/v2\/product_brand?post=10263"},{"taxonomy":"product_cat","embeddable":true,"href":"https:\/\/uj.adatbank.ro\/lexikon\/wp-json\/wp\/v2\/product_cat?post=10263"},{"taxonomy":"product_tag","embeddable":true,"href":"https:\/\/uj.adatbank.ro\/lexikon\/wp-json\/wp\/v2\/product_tag?post=10263"}],"curies":[{"name":"wp","href":"https:\/\/api.w.org\/{rel}","templated":true}]}}