{"id":10265,"date":"2025-06-29T13:14:11","date_gmt":"2025-06-29T11:14:11","guid":{"rendered":"https:\/\/uj.adatbank.ro\/lexikon\/termek\/idieru-n-e\/"},"modified":"2025-06-29T13:14:11","modified_gmt":"2025-06-29T11:14:11","slug":"idieru-n-e","status":"publish","type":"product","link":"https:\/\/uj.adatbank.ro\/lexikon\/termek\/idieru-n-e\/","title":{"rendered":"IDIERU N. E."},"content":{"rendered":"<p>? \u2020\u00a0? : tan\u00e1r. \u2013 Mv.-en a Mihai Viteazul Katonai L\u00edc. -ban tan\u00edtott (1923). \u2013 <strong>F. m.:<\/strong> Progresele literilor, \u015ftiin\u0163elor \u015fi artelor \u00een secolii XVIII. \u015fi XIX. 1. parte (Tg. M., 1923); Limba geografic\u0103 \u015fi descifrarea ei (Ia\u015fi, 1926). <br \/><strong>Irod.:<\/strong> F\u00fcl\u00f6p\u2013Ferencz<\/br><\/p>\n","protected":false},"excerpt":{"rendered":"<p>? \u2020\u00a0? : tan\u00e1r. \u2013 Mv.-en a Mihai Viteazul Katonai L\u00edc. -ban tan\u00edtott (1923). \u2013 F. m.: Progresele literilor, \u015ftiin\u0163elor \u015fi artelor \u00een secolii XVIII. \u015fi XIX. 1. parte (Tg. M., 1923); Limba geografic\u0103 \u015fi descifrarea ei (Ia\u015fi, 1926). Irod.: F\u00fcl\u00f6p\u2013Ferencz<\/p>\n","protected":false},"featured_media":0,"comment_status":"open","ping_status":"closed","template":"","meta":[],"product_brand":[],"product_cat":[137],"product_tag":[],"class_list":{"0":"post-10265","1":"product","2":"type-product","3":"status-publish","5":"product_cat-maros-megyei-eletrajzi-lexikon","7":"first","8":"instock","9":"shipping-taxable","10":"product-type-simple"},"_links":{"self":[{"href":"https:\/\/uj.adatbank.ro\/lexikon\/wp-json\/wp\/v2\/product\/10265","targetHints":{"allow":["GET"]}}],"collection":[{"href":"https:\/\/uj.adatbank.ro\/lexikon\/wp-json\/wp\/v2\/product"}],"about":[{"href":"https:\/\/uj.adatbank.ro\/lexikon\/wp-json\/wp\/v2\/types\/product"}],"replies":[{"embeddable":true,"href":"https:\/\/uj.adatbank.ro\/lexikon\/wp-json\/wp\/v2\/comments?post=10265"}],"wp:attachment":[{"href":"https:\/\/uj.adatbank.ro\/lexikon\/wp-json\/wp\/v2\/media?parent=10265"}],"wp:term":[{"taxonomy":"product_brand","embeddable":true,"href":"https:\/\/uj.adatbank.ro\/lexikon\/wp-json\/wp\/v2\/product_brand?post=10265"},{"taxonomy":"product_cat","embeddable":true,"href":"https:\/\/uj.adatbank.ro\/lexikon\/wp-json\/wp\/v2\/product_cat?post=10265"},{"taxonomy":"product_tag","embeddable":true,"href":"https:\/\/uj.adatbank.ro\/lexikon\/wp-json\/wp\/v2\/product_tag?post=10265"}],"curies":[{"name":"wp","href":"https:\/\/api.w.org\/{rel}","templated":true}]}}