{"id":10268,"date":"2025-06-29T13:14:16","date_gmt":"2025-06-29T11:14:16","guid":{"rendered":"https:\/\/uj.adatbank.ro\/lexikon\/termek\/igaz-jozsef\/"},"modified":"2025-06-29T13:14:16","modified_gmt":"2025-06-29T11:14:16","slug":"igaz-jozsef","status":"publish","type":"product","link":"https:\/\/uj.adatbank.ro\/lexikon\/termek\/igaz-jozsef\/","title":{"rendered":"IGAZ J\u00f3zsef"},"content":{"rendered":"<p>1888., \u2020\u00a0?: ref. lelk\u00e9sz. \u2013 A teol\u00f3gi\u00e1t S\u00e1rospatakon, Genfben, P\u00e1rizsban \u00e9s Edinburgh-ban v\u00e9gezte, lelk\u00e9ssz\u00e9 avatt\u00e1k (1916). P\u00e1ly\u00e1j\u00e1t Keresden kezdte, majd Mv.-en t\u00e1bori lelk\u00e9sz volt s mint ilyen az olasz frontra ker\u00fclt; lelk\u00e9sz B\u00e1jon (1918\u2013), Bodroghal\u00e1szon (1925\u2013), Alacsk\u00e1n (30-as \u00e9vek). <br \/><strong>Irod.:<\/strong> Guly\u00e1s<\/br><\/p>\n","protected":false},"excerpt":{"rendered":"<p>1888., \u2020\u00a0?: ref. lelk\u00e9sz. \u2013 A teol\u00f3gi\u00e1t S\u00e1rospatakon, Genfben, P\u00e1rizsban \u00e9s Edinburgh-ban v\u00e9gezte, lelk\u00e9ssz\u00e9 avatt\u00e1k (1916). P\u00e1ly\u00e1j\u00e1t Keresden kezdte, majd Mv.-en t\u00e1bori lelk\u00e9sz volt s mint ilyen az olasz frontra ker\u00fclt; lelk\u00e9sz B\u00e1jon (1918\u2013), Bodroghal\u00e1szon (1925\u2013), Alacsk\u00e1n (30-as \u00e9vek). Irod.: Guly\u00e1s<\/p>\n","protected":false},"featured_media":0,"comment_status":"open","ping_status":"closed","template":"","meta":[],"product_brand":[],"product_cat":[137],"product_tag":[],"class_list":{"0":"post-10268","1":"product","2":"type-product","3":"status-publish","5":"product_cat-maros-megyei-eletrajzi-lexikon","7":"first","8":"instock","9":"shipping-taxable","10":"product-type-simple"},"_links":{"self":[{"href":"https:\/\/uj.adatbank.ro\/lexikon\/wp-json\/wp\/v2\/product\/10268","targetHints":{"allow":["GET"]}}],"collection":[{"href":"https:\/\/uj.adatbank.ro\/lexikon\/wp-json\/wp\/v2\/product"}],"about":[{"href":"https:\/\/uj.adatbank.ro\/lexikon\/wp-json\/wp\/v2\/types\/product"}],"replies":[{"embeddable":true,"href":"https:\/\/uj.adatbank.ro\/lexikon\/wp-json\/wp\/v2\/comments?post=10268"}],"wp:attachment":[{"href":"https:\/\/uj.adatbank.ro\/lexikon\/wp-json\/wp\/v2\/media?parent=10268"}],"wp:term":[{"taxonomy":"product_brand","embeddable":true,"href":"https:\/\/uj.adatbank.ro\/lexikon\/wp-json\/wp\/v2\/product_brand?post=10268"},{"taxonomy":"product_cat","embeddable":true,"href":"https:\/\/uj.adatbank.ro\/lexikon\/wp-json\/wp\/v2\/product_cat?post=10268"},{"taxonomy":"product_tag","embeddable":true,"href":"https:\/\/uj.adatbank.ro\/lexikon\/wp-json\/wp\/v2\/product_tag?post=10268"}],"curies":[{"name":"wp","href":"https:\/\/api.w.org\/{rel}","templated":true}]}}