{"id":10270,"date":"2025-06-29T13:14:21","date_gmt":"2025-06-29T11:14:21","guid":{"rendered":"https:\/\/uj.adatbank.ro\/lexikon\/termek\/ignacz-alpar\/"},"modified":"2025-06-29T13:14:21","modified_gmt":"2025-06-29T11:14:21","slug":"ignacz-alpar","status":"publish","type":"product","link":"https:\/\/uj.adatbank.ro\/lexikon\/termek\/ignacz-alpar\/","title":{"rendered":"IGN\u00c1CZ Alp\u00e1r"},"content":{"rendered":"<p>1888., \u2020\u00a0?: \u00e9p\u00edt\u00e9szm\u00e9rn\u00f6k. \u2013 A tervei alapj\u00e1n \u00e9p\u00edtett\u00e9k Sz\u00e1szr\u00e9genben a Ref. Egyh\u00e1zk\u00f6zs\u00e9g templom\u00e1t (1890), \u00e9s Radn\u00f3tf\u00e1j\u00e1n a ref. templomot (1895). <br \/><strong>Irod.:<\/strong> Reghin, destin \u015fi istorie<\/br><\/p>\n","protected":false},"excerpt":{"rendered":"<p>1888., \u2020\u00a0?: \u00e9p\u00edt\u00e9szm\u00e9rn\u00f6k. \u2013 A tervei alapj\u00e1n \u00e9p\u00edtett\u00e9k Sz\u00e1szr\u00e9genben a Ref. Egyh\u00e1zk\u00f6zs\u00e9g templom\u00e1t (1890), \u00e9s Radn\u00f3tf\u00e1j\u00e1n a ref. templomot (1895). Irod.: Reghin, destin \u015fi istorie<\/p>\n","protected":false},"featured_media":0,"comment_status":"open","ping_status":"closed","template":"","meta":[],"product_brand":[],"product_cat":[137],"product_tag":[],"class_list":{"0":"post-10270","1":"product","2":"type-product","3":"status-publish","5":"product_cat-maros-megyei-eletrajzi-lexikon","7":"first","8":"instock","9":"shipping-taxable","10":"product-type-simple"},"_links":{"self":[{"href":"https:\/\/uj.adatbank.ro\/lexikon\/wp-json\/wp\/v2\/product\/10270","targetHints":{"allow":["GET"]}}],"collection":[{"href":"https:\/\/uj.adatbank.ro\/lexikon\/wp-json\/wp\/v2\/product"}],"about":[{"href":"https:\/\/uj.adatbank.ro\/lexikon\/wp-json\/wp\/v2\/types\/product"}],"replies":[{"embeddable":true,"href":"https:\/\/uj.adatbank.ro\/lexikon\/wp-json\/wp\/v2\/comments?post=10270"}],"wp:attachment":[{"href":"https:\/\/uj.adatbank.ro\/lexikon\/wp-json\/wp\/v2\/media?parent=10270"}],"wp:term":[{"taxonomy":"product_brand","embeddable":true,"href":"https:\/\/uj.adatbank.ro\/lexikon\/wp-json\/wp\/v2\/product_brand?post=10270"},{"taxonomy":"product_cat","embeddable":true,"href":"https:\/\/uj.adatbank.ro\/lexikon\/wp-json\/wp\/v2\/product_cat?post=10270"},{"taxonomy":"product_tag","embeddable":true,"href":"https:\/\/uj.adatbank.ro\/lexikon\/wp-json\/wp\/v2\/product_tag?post=10270"}],"curies":[{"name":"wp","href":"https:\/\/api.w.org\/{rel}","templated":true}]}}