{"id":10272,"date":"2025-06-29T13:14:24","date_gmt":"2025-06-29T11:14:24","guid":{"rendered":"https:\/\/uj.adatbank.ro\/lexikon\/termek\/ignat-vasile\/"},"modified":"2025-06-29T13:14:24","modified_gmt":"2025-06-29T11:14:24","slug":"ignat-vasile","status":"publish","type":"product","link":"https:\/\/uj.adatbank.ro\/lexikon\/termek\/ignat-vasile\/","title":{"rendered":"IGNAT Vasile"},"content":{"rendered":"<p>Marosbog\u00e1t, 1938., \u2020 Nagyenyed, 1950.: tan\u00edt\u00f3. \u2013 A sz\u00fcl\u0151faluj\u00e1ban volt tan\u00edt\u00f3. Politikai okokb\u00f3l letart\u00f3ztatt\u00e1k, az enyedi b\u00f6rt\u00f6nbe hurcolt\u00e1k, \u00e9s kiv\u00e9gezt\u00e9k. <br \/><strong>Irod.:<\/strong> Balint<\/br><\/p>\n","protected":false},"excerpt":{"rendered":"<p>Marosbog\u00e1t, 1938., \u2020 Nagyenyed, 1950.: tan\u00edt\u00f3. \u2013 A sz\u00fcl\u0151faluj\u00e1ban volt tan\u00edt\u00f3. Politikai okokb\u00f3l letart\u00f3ztatt\u00e1k, az enyedi b\u00f6rt\u00f6nbe hurcolt\u00e1k, \u00e9s kiv\u00e9gezt\u00e9k. Irod.: Balint<\/p>\n","protected":false},"featured_media":0,"comment_status":"open","ping_status":"closed","template":"","meta":[],"product_brand":[],"product_cat":[137],"product_tag":[],"class_list":{"0":"post-10272","1":"product","2":"type-product","3":"status-publish","5":"product_cat-maros-megyei-eletrajzi-lexikon","7":"first","8":"instock","9":"shipping-taxable","10":"product-type-simple"},"_links":{"self":[{"href":"https:\/\/uj.adatbank.ro\/lexikon\/wp-json\/wp\/v2\/product\/10272","targetHints":{"allow":["GET"]}}],"collection":[{"href":"https:\/\/uj.adatbank.ro\/lexikon\/wp-json\/wp\/v2\/product"}],"about":[{"href":"https:\/\/uj.adatbank.ro\/lexikon\/wp-json\/wp\/v2\/types\/product"}],"replies":[{"embeddable":true,"href":"https:\/\/uj.adatbank.ro\/lexikon\/wp-json\/wp\/v2\/comments?post=10272"}],"wp:attachment":[{"href":"https:\/\/uj.adatbank.ro\/lexikon\/wp-json\/wp\/v2\/media?parent=10272"}],"wp:term":[{"taxonomy":"product_brand","embeddable":true,"href":"https:\/\/uj.adatbank.ro\/lexikon\/wp-json\/wp\/v2\/product_brand?post=10272"},{"taxonomy":"product_cat","embeddable":true,"href":"https:\/\/uj.adatbank.ro\/lexikon\/wp-json\/wp\/v2\/product_cat?post=10272"},{"taxonomy":"product_tag","embeddable":true,"href":"https:\/\/uj.adatbank.ro\/lexikon\/wp-json\/wp\/v2\/product_tag?post=10272"}],"curies":[{"name":"wp","href":"https:\/\/api.w.org\/{rel}","templated":true}]}}