{"id":10274,"date":"2025-06-29T13:14:30","date_gmt":"2025-06-29T11:14:30","guid":{"rendered":"https:\/\/uj.adatbank.ro\/lexikon\/termek\/ii-endre-kiraly\/"},"modified":"2025-06-29T13:14:30","modified_gmt":"2025-06-29T11:14:30","slug":"ii-endre-kiraly","status":"publish","type":"product","link":"https:\/\/uj.adatbank.ro\/lexikon\/termek\/ii-endre-kiraly\/","title":{"rendered":"II. ENDRE kir\u00e1ly"},"content":{"rendered":"<p>1176 k.\u20201235: m. kir\u00e1ly. \u2013 Az \u00c1rp\u00e1d-h\u00e1zi m. kir. feles\u00e9g\u00e9nek a meggyilkol\u00e1s\u00e1val kapcsolatos Dedr\u00e9dsz\u00e9plak els\u0151 eml\u00edt\u00e9se (1228). Sz\u00e1szr\u00e9gen neve adom\u00e1nylevel\u00e9ben jelent meg (1228). <br \/><strong>Irod.:<\/strong> B\u00e1lint Zsigmond 2010<\/br><\/p>\n","protected":false},"excerpt":{"rendered":"<p>1176 k.\u20201235: m. kir\u00e1ly. \u2013 Az \u00c1rp\u00e1d-h\u00e1zi m. kir. feles\u00e9g\u00e9nek a meggyilkol\u00e1s\u00e1val kapcsolatos Dedr\u00e9dsz\u00e9plak els\u0151 eml\u00edt\u00e9se (1228). Sz\u00e1szr\u00e9gen neve adom\u00e1nylevel\u00e9ben jelent meg (1228). Irod.: B\u00e1lint Zsigmond 2010<\/p>\n","protected":false},"featured_media":0,"comment_status":"open","ping_status":"closed","template":"","meta":[],"product_brand":[],"product_cat":[137],"product_tag":[],"class_list":{"0":"post-10274","1":"product","2":"type-product","3":"status-publish","5":"product_cat-maros-megyei-eletrajzi-lexikon","7":"first","8":"instock","9":"shipping-taxable","10":"product-type-simple"},"_links":{"self":[{"href":"https:\/\/uj.adatbank.ro\/lexikon\/wp-json\/wp\/v2\/product\/10274","targetHints":{"allow":["GET"]}}],"collection":[{"href":"https:\/\/uj.adatbank.ro\/lexikon\/wp-json\/wp\/v2\/product"}],"about":[{"href":"https:\/\/uj.adatbank.ro\/lexikon\/wp-json\/wp\/v2\/types\/product"}],"replies":[{"embeddable":true,"href":"https:\/\/uj.adatbank.ro\/lexikon\/wp-json\/wp\/v2\/comments?post=10274"}],"wp:attachment":[{"href":"https:\/\/uj.adatbank.ro\/lexikon\/wp-json\/wp\/v2\/media?parent=10274"}],"wp:term":[{"taxonomy":"product_brand","embeddable":true,"href":"https:\/\/uj.adatbank.ro\/lexikon\/wp-json\/wp\/v2\/product_brand?post=10274"},{"taxonomy":"product_cat","embeddable":true,"href":"https:\/\/uj.adatbank.ro\/lexikon\/wp-json\/wp\/v2\/product_cat?post=10274"},{"taxonomy":"product_tag","embeddable":true,"href":"https:\/\/uj.adatbank.ro\/lexikon\/wp-json\/wp\/v2\/product_tag?post=10274"}],"curies":[{"name":"wp","href":"https:\/\/api.w.org\/{rel}","templated":true}]}}