{"id":10275,"date":"2025-06-29T13:14:33","date_gmt":"2025-06-29T11:14:33","guid":{"rendered":"https:\/\/uj.adatbank.ro\/lexikon\/termek\/ikafalvi-ferenc\/"},"modified":"2025-06-29T13:14:33","modified_gmt":"2025-06-29T11:14:33","slug":"ikafalvi-ferenc","status":"publish","type":"product","link":"https:\/\/uj.adatbank.ro\/lexikon\/termek\/ikafalvi-ferenc\/","title":{"rendered":"IKAFALVI Ferenc"},"content":{"rendered":"<p>? \u2020 ? : ref. lelk\u00e9sz. \u2013 Feles\u00e9ge: Mezei M\u00e1ria. \u2013 Subscrib\u00e1lt Mv.-en (1671). Lelk\u00e9sz volt Disznaj\u00f3n (1693), majd az abaf\u00e1ji gy\u00fclekezetben (1712\u201331). <br \/><strong>Irod.:<\/strong> Abaf\u00e1ja; \u0150sz<\/br><\/p>\n","protected":false},"excerpt":{"rendered":"<p>? \u2020 ? : ref. lelk\u00e9sz. \u2013 Feles\u00e9ge: Mezei M\u00e1ria. \u2013 Subscrib\u00e1lt Mv.-en (1671). Lelk\u00e9sz volt Disznaj\u00f3n (1693), majd az abaf\u00e1ji gy\u00fclekezetben (1712\u201331). Irod.: Abaf\u00e1ja; \u0150sz<\/p>\n","protected":false},"featured_media":0,"comment_status":"open","ping_status":"closed","template":"","meta":[],"product_brand":[],"product_cat":[137],"product_tag":[],"class_list":{"0":"post-10275","1":"product","2":"type-product","3":"status-publish","5":"product_cat-maros-megyei-eletrajzi-lexikon","7":"first","8":"instock","9":"shipping-taxable","10":"product-type-simple"},"_links":{"self":[{"href":"https:\/\/uj.adatbank.ro\/lexikon\/wp-json\/wp\/v2\/product\/10275","targetHints":{"allow":["GET"]}}],"collection":[{"href":"https:\/\/uj.adatbank.ro\/lexikon\/wp-json\/wp\/v2\/product"}],"about":[{"href":"https:\/\/uj.adatbank.ro\/lexikon\/wp-json\/wp\/v2\/types\/product"}],"replies":[{"embeddable":true,"href":"https:\/\/uj.adatbank.ro\/lexikon\/wp-json\/wp\/v2\/comments?post=10275"}],"wp:attachment":[{"href":"https:\/\/uj.adatbank.ro\/lexikon\/wp-json\/wp\/v2\/media?parent=10275"}],"wp:term":[{"taxonomy":"product_brand","embeddable":true,"href":"https:\/\/uj.adatbank.ro\/lexikon\/wp-json\/wp\/v2\/product_brand?post=10275"},{"taxonomy":"product_cat","embeddable":true,"href":"https:\/\/uj.adatbank.ro\/lexikon\/wp-json\/wp\/v2\/product_cat?post=10275"},{"taxonomy":"product_tag","embeddable":true,"href":"https:\/\/uj.adatbank.ro\/lexikon\/wp-json\/wp\/v2\/product_tag?post=10275"}],"curies":[{"name":"wp","href":"https:\/\/api.w.org\/{rel}","templated":true}]}}