{"id":10277,"date":"2025-06-29T13:14:35","date_gmt":"2025-06-29T11:14:35","guid":{"rendered":"https:\/\/uj.adatbank.ro\/lexikon\/termek\/ikafalvi-mihaly\/"},"modified":"2025-06-29T13:14:35","modified_gmt":"2025-06-29T11:14:35","slug":"ikafalvi-mihaly","status":"publish","type":"product","link":"https:\/\/uj.adatbank.ro\/lexikon\/termek\/ikafalvi-mihaly\/","title":{"rendered":"IKAFALVI Mih\u00e1ly"},"content":{"rendered":"<p>? \u2020 ?: tan\u00edt\u00f3. \u2013 Subscrib\u00e1lt Kv.-on (1732). Disznaj\u00f3n (1737), P\u00f3k\u00e1ban (1741\u201352) volt mester \u00e9s Kisilly\u00e9n l\u00e9vita (1753\u201359). <br \/><strong>Irod.:<\/strong> \u0150sz<\/br><\/p>\n","protected":false},"excerpt":{"rendered":"<p>? \u2020 ?: tan\u00edt\u00f3. \u2013 Subscrib\u00e1lt Kv.-on (1732). Disznaj\u00f3n (1737), P\u00f3k\u00e1ban (1741\u201352) volt mester \u00e9s Kisilly\u00e9n l\u00e9vita (1753\u201359). Irod.: \u0150sz<\/p>\n","protected":false},"featured_media":0,"comment_status":"open","ping_status":"closed","template":"","meta":[],"product_brand":[],"product_cat":[137],"product_tag":[],"class_list":{"0":"post-10277","1":"product","2":"type-product","3":"status-publish","5":"product_cat-maros-megyei-eletrajzi-lexikon","7":"first","8":"instock","9":"shipping-taxable","10":"product-type-simple"},"_links":{"self":[{"href":"https:\/\/uj.adatbank.ro\/lexikon\/wp-json\/wp\/v2\/product\/10277","targetHints":{"allow":["GET"]}}],"collection":[{"href":"https:\/\/uj.adatbank.ro\/lexikon\/wp-json\/wp\/v2\/product"}],"about":[{"href":"https:\/\/uj.adatbank.ro\/lexikon\/wp-json\/wp\/v2\/types\/product"}],"replies":[{"embeddable":true,"href":"https:\/\/uj.adatbank.ro\/lexikon\/wp-json\/wp\/v2\/comments?post=10277"}],"wp:attachment":[{"href":"https:\/\/uj.adatbank.ro\/lexikon\/wp-json\/wp\/v2\/media?parent=10277"}],"wp:term":[{"taxonomy":"product_brand","embeddable":true,"href":"https:\/\/uj.adatbank.ro\/lexikon\/wp-json\/wp\/v2\/product_brand?post=10277"},{"taxonomy":"product_cat","embeddable":true,"href":"https:\/\/uj.adatbank.ro\/lexikon\/wp-json\/wp\/v2\/product_cat?post=10277"},{"taxonomy":"product_tag","embeddable":true,"href":"https:\/\/uj.adatbank.ro\/lexikon\/wp-json\/wp\/v2\/product_tag?post=10277"}],"curies":[{"name":"wp","href":"https:\/\/api.w.org\/{rel}","templated":true}]}}