{"id":10279,"date":"2025-06-29T13:14:38","date_gmt":"2025-06-29T11:14:38","guid":{"rendered":"https:\/\/uj.adatbank.ro\/lexikon\/termek\/iklandi-zsigmond\/"},"modified":"2025-06-29T13:14:38","modified_gmt":"2025-06-29T11:14:38","slug":"iklandi-zsigmond","status":"publish","type":"product","link":"https:\/\/uj.adatbank.ro\/lexikon\/termek\/iklandi-zsigmond\/","title":{"rendered":"IKLANDI Zsigmond"},"content":{"rendered":"<p>1893., \u2020\u00a0?: f\u00f6ldbirtokos. \u2013 \u00d6n\u00e1ll\u00f3 gazda 58 holdas birtok\u00e1n Folyfalv\u00e1n (1920\u2013). A k\u00f6zs\u00e9g b\u00edr\u00e1ja t\u00edz\u00e9ven \u00e1t \u00e9s minden hazafias \u00e9s kultur\u00e1lis int\u00e9zm\u00e9ny m\u0171k\u00f6d\u00e9s\u00e9ben r\u00e9szt vett. Az els\u0151 vh. -ban a 62. gy. e. -ben a szerb \u00e9s olasz fronton harcolt, megsebes\u00fclt. A K\u00e1roly Csapatkereszt \u00e9s a k\u00e9ts\u00e1vos seb. \u00e9rem tulajdonosa. <br \/><strong>Irod.:<\/strong> Sz\u00e9kelyf\u00f6ld \u00ed. k.<\/br><\/p>\n","protected":false},"excerpt":{"rendered":"<p>1893., \u2020\u00a0?: f\u00f6ldbirtokos. \u2013 \u00d6n\u00e1ll\u00f3 gazda 58 holdas birtok\u00e1n Folyfalv\u00e1n (1920\u2013). A k\u00f6zs\u00e9g b\u00edr\u00e1ja t\u00edz\u00e9ven \u00e1t \u00e9s minden hazafias \u00e9s kultur\u00e1lis int\u00e9zm\u00e9ny m\u0171k\u00f6d\u00e9s\u00e9ben r\u00e9szt vett. Az els\u0151 vh. -ban a 62. gy. e. -ben a szerb \u00e9s olasz fronton harcolt, megsebes\u00fclt. A K\u00e1roly Csapatkereszt \u00e9s a k\u00e9ts\u00e1vos seb. \u00e9rem tulajdonosa. Irod.: Sz\u00e9kelyf\u00f6ld \u00ed. k.<\/p>\n","protected":false},"featured_media":0,"comment_status":"open","ping_status":"closed","template":"","meta":[],"product_brand":[],"product_cat":[137],"product_tag":[],"class_list":{"0":"post-10279","1":"product","2":"type-product","3":"status-publish","5":"product_cat-maros-megyei-eletrajzi-lexikon","7":"first","8":"instock","9":"shipping-taxable","10":"product-type-simple"},"_links":{"self":[{"href":"https:\/\/uj.adatbank.ro\/lexikon\/wp-json\/wp\/v2\/product\/10279","targetHints":{"allow":["GET"]}}],"collection":[{"href":"https:\/\/uj.adatbank.ro\/lexikon\/wp-json\/wp\/v2\/product"}],"about":[{"href":"https:\/\/uj.adatbank.ro\/lexikon\/wp-json\/wp\/v2\/types\/product"}],"replies":[{"embeddable":true,"href":"https:\/\/uj.adatbank.ro\/lexikon\/wp-json\/wp\/v2\/comments?post=10279"}],"wp:attachment":[{"href":"https:\/\/uj.adatbank.ro\/lexikon\/wp-json\/wp\/v2\/media?parent=10279"}],"wp:term":[{"taxonomy":"product_brand","embeddable":true,"href":"https:\/\/uj.adatbank.ro\/lexikon\/wp-json\/wp\/v2\/product_brand?post=10279"},{"taxonomy":"product_cat","embeddable":true,"href":"https:\/\/uj.adatbank.ro\/lexikon\/wp-json\/wp\/v2\/product_cat?post=10279"},{"taxonomy":"product_tag","embeddable":true,"href":"https:\/\/uj.adatbank.ro\/lexikon\/wp-json\/wp\/v2\/product_tag?post=10279"}],"curies":[{"name":"wp","href":"https:\/\/api.w.org\/{rel}","templated":true}]}}