{"id":10282,"date":"2025-06-29T13:14:45","date_gmt":"2025-06-29T11:14:45","guid":{"rendered":"https:\/\/uj.adatbank.ro\/lexikon\/termek\/ilea-gregoriu\/"},"modified":"2025-06-29T13:14:45","modified_gmt":"2025-06-29T11:14:45","slug":"ilea-gregoriu","status":"publish","type":"product","link":"https:\/\/uj.adatbank.ro\/lexikon\/termek\/ilea-gregoriu\/","title":{"rendered":"ILEA Gregoriu"},"content":{"rendered":"<p>Lita Rom\u00e2n\u0103, 1857. szept. 30., \u2020\u00a0Petele, 1902. m\u00e1rc. 6.: g. kat. pap. \u2013 A gimn. -ot Kv.-on v\u00e9gezte, \u00e9retts\u00e9gizett (1881). Bal\u00e1zsfalv\u00e1n a teol\u00f3giai tanulm\u00e1nyai ut\u00e1n (1886) szentelt\u00e9k papp\u00e1 (1888. m\u00e1rc. 13.). Tan\u00edt\u00f3 volt, kinevezt\u00e9k Petel\u00e9re pl\u00e9b\u00e1niai \u00fcgyint\u00e9z\u0151nek (1889\u20131902). <br \/><strong>Irod.:<\/strong> Dobozi; Reghin, Protopopiat<\/br><\/p>\n","protected":false},"excerpt":{"rendered":"<p>Lita Rom\u00e2n\u0103, 1857. szept. 30., \u2020\u00a0Petele, 1902. m\u00e1rc. 6.: g. kat. pap. \u2013 A gimn. -ot Kv.-on v\u00e9gezte, \u00e9retts\u00e9gizett (1881). Bal\u00e1zsfalv\u00e1n a teol\u00f3giai tanulm\u00e1nyai ut\u00e1n (1886) szentelt\u00e9k papp\u00e1 (1888. m\u00e1rc. 13.). Tan\u00edt\u00f3 volt, kinevezt\u00e9k Petel\u00e9re pl\u00e9b\u00e1niai \u00fcgyint\u00e9z\u0151nek (1889\u20131902). Irod.: Dobozi; Reghin, Protopopiat<\/p>\n","protected":false},"featured_media":0,"comment_status":"open","ping_status":"closed","template":"","meta":[],"product_brand":[],"product_cat":[137],"product_tag":[],"class_list":{"0":"post-10282","1":"product","2":"type-product","3":"status-publish","5":"product_cat-maros-megyei-eletrajzi-lexikon","7":"first","8":"instock","9":"shipping-taxable","10":"product-type-simple"},"_links":{"self":[{"href":"https:\/\/uj.adatbank.ro\/lexikon\/wp-json\/wp\/v2\/product\/10282","targetHints":{"allow":["GET"]}}],"collection":[{"href":"https:\/\/uj.adatbank.ro\/lexikon\/wp-json\/wp\/v2\/product"}],"about":[{"href":"https:\/\/uj.adatbank.ro\/lexikon\/wp-json\/wp\/v2\/types\/product"}],"replies":[{"embeddable":true,"href":"https:\/\/uj.adatbank.ro\/lexikon\/wp-json\/wp\/v2\/comments?post=10282"}],"wp:attachment":[{"href":"https:\/\/uj.adatbank.ro\/lexikon\/wp-json\/wp\/v2\/media?parent=10282"}],"wp:term":[{"taxonomy":"product_brand","embeddable":true,"href":"https:\/\/uj.adatbank.ro\/lexikon\/wp-json\/wp\/v2\/product_brand?post=10282"},{"taxonomy":"product_cat","embeddable":true,"href":"https:\/\/uj.adatbank.ro\/lexikon\/wp-json\/wp\/v2\/product_cat?post=10282"},{"taxonomy":"product_tag","embeddable":true,"href":"https:\/\/uj.adatbank.ro\/lexikon\/wp-json\/wp\/v2\/product_tag?post=10282"}],"curies":[{"name":"wp","href":"https:\/\/api.w.org\/{rel}","templated":true}]}}