{"id":10283,"date":"2025-06-29T13:14:49","date_gmt":"2025-06-29T11:14:49","guid":{"rendered":"https:\/\/uj.adatbank.ro\/lexikon\/termek\/ilea-mihaila\/"},"modified":"2025-06-29T13:14:49","modified_gmt":"2025-06-29T11:14:49","slug":"ilea-mihaila","status":"publish","type":"product","link":"https:\/\/uj.adatbank.ro\/lexikon\/termek\/ilea-mihaila\/","title":{"rendered":"ILEA Mihail\u0103"},"content":{"rendered":"<p>Erd\u0151idecs, 1904. szept., 4., \u2020 Erd\u0151idecs, 1944. szept. 22. &#8211; Parasztember l\u00e9v\u00e9n nem menek\u00fclt el 1940-ben; inform\u00e1ci\u00f3kkal seg\u00edtette az Erd\u00e9lybe bevonul\u00f3 rom\u00e1n sereget (1944. aug. 23. ut\u00e1n), elfogt\u00e1k menek\u00fcl\u00e9s k\u00f6zben \u00e9s mint k\u00e9met kiv\u00e9gezt\u00e9k sz\u00fcl\u0151faluja iskol\u00e1j\u00e1nak udvar\u00e1n. <br \/><strong>Irod.:<\/strong> MMK<\/br><\/p>\n","protected":false},"excerpt":{"rendered":"<p>Erd\u0151idecs, 1904. szept., 4., \u2020 Erd\u0151idecs, 1944. szept. 22. &#8211; Parasztember l\u00e9v\u00e9n nem menek\u00fclt el 1940-ben; inform\u00e1ci\u00f3kkal seg\u00edtette az Erd\u00e9lybe bevonul\u00f3 rom\u00e1n sereget (1944. aug. 23. ut\u00e1n), elfogt\u00e1k menek\u00fcl\u00e9s k\u00f6zben \u00e9s mint k\u00e9met kiv\u00e9gezt\u00e9k sz\u00fcl\u0151faluja iskol\u00e1j\u00e1nak udvar\u00e1n. Irod.: MMK<\/p>\n","protected":false},"featured_media":0,"comment_status":"open","ping_status":"closed","template":"","meta":[],"product_brand":[],"product_cat":[137],"product_tag":[],"class_list":{"0":"post-10283","1":"product","2":"type-product","3":"status-publish","5":"product_cat-maros-megyei-eletrajzi-lexikon","7":"first","8":"instock","9":"shipping-taxable","10":"product-type-simple"},"_links":{"self":[{"href":"https:\/\/uj.adatbank.ro\/lexikon\/wp-json\/wp\/v2\/product\/10283","targetHints":{"allow":["GET"]}}],"collection":[{"href":"https:\/\/uj.adatbank.ro\/lexikon\/wp-json\/wp\/v2\/product"}],"about":[{"href":"https:\/\/uj.adatbank.ro\/lexikon\/wp-json\/wp\/v2\/types\/product"}],"replies":[{"embeddable":true,"href":"https:\/\/uj.adatbank.ro\/lexikon\/wp-json\/wp\/v2\/comments?post=10283"}],"wp:attachment":[{"href":"https:\/\/uj.adatbank.ro\/lexikon\/wp-json\/wp\/v2\/media?parent=10283"}],"wp:term":[{"taxonomy":"product_brand","embeddable":true,"href":"https:\/\/uj.adatbank.ro\/lexikon\/wp-json\/wp\/v2\/product_brand?post=10283"},{"taxonomy":"product_cat","embeddable":true,"href":"https:\/\/uj.adatbank.ro\/lexikon\/wp-json\/wp\/v2\/product_cat?post=10283"},{"taxonomy":"product_tag","embeddable":true,"href":"https:\/\/uj.adatbank.ro\/lexikon\/wp-json\/wp\/v2\/product_tag?post=10283"}],"curies":[{"name":"wp","href":"https:\/\/api.w.org\/{rel}","templated":true}]}}