{"id":10286,"date":"2025-06-29T13:14:58","date_gmt":"2025-06-29T11:14:58","guid":{"rendered":"https:\/\/uj.adatbank.ro\/lexikon\/termek\/iliescu-brinceni-nicu\/"},"modified":"2025-06-29T13:14:58","modified_gmt":"2025-06-29T11:14:58","slug":"iliescu-brinceni-nicu","status":"publish","type":"product","link":"https:\/\/uj.adatbank.ro\/lexikon\/termek\/iliescu-brinceni-nicu\/","title":{"rendered":"ILIESCU BRINCENI Nicu"},"content":{"rendered":"<p>? \u2020\u00a0? : \u00fczletember. \u2013 Teleorm\u00e1ni \u00fczletember, megv\u00e1s\u00e1rolta a sz\u00e1szr\u00e9geni Diamanstein Mih\u00e1ly cs\u00f3nakgy\u00e1r\u00e1t (1935), ami Nautica n\u00e9ven m\u0171k\u00f6d\u00f6tt (1940. szept. 5.-ig). <br \/><strong>Irod.:<\/strong> B\u00edr\u00f3 Don\u00e1t<\/br><\/p>\n","protected":false},"excerpt":{"rendered":"<p>? \u2020\u00a0? : \u00fczletember. \u2013 Teleorm\u00e1ni \u00fczletember, megv\u00e1s\u00e1rolta a sz\u00e1szr\u00e9geni Diamanstein Mih\u00e1ly cs\u00f3nakgy\u00e1r\u00e1t (1935), ami Nautica n\u00e9ven m\u0171k\u00f6d\u00f6tt (1940. szept. 5.-ig). Irod.: B\u00edr\u00f3 Don\u00e1t<\/p>\n","protected":false},"featured_media":0,"comment_status":"open","ping_status":"closed","template":"","meta":[],"product_brand":[],"product_cat":[137],"product_tag":[],"class_list":{"0":"post-10286","1":"product","2":"type-product","3":"status-publish","5":"product_cat-maros-megyei-eletrajzi-lexikon","7":"first","8":"instock","9":"shipping-taxable","10":"product-type-simple"},"_links":{"self":[{"href":"https:\/\/uj.adatbank.ro\/lexikon\/wp-json\/wp\/v2\/product\/10286","targetHints":{"allow":["GET"]}}],"collection":[{"href":"https:\/\/uj.adatbank.ro\/lexikon\/wp-json\/wp\/v2\/product"}],"about":[{"href":"https:\/\/uj.adatbank.ro\/lexikon\/wp-json\/wp\/v2\/types\/product"}],"replies":[{"embeddable":true,"href":"https:\/\/uj.adatbank.ro\/lexikon\/wp-json\/wp\/v2\/comments?post=10286"}],"wp:attachment":[{"href":"https:\/\/uj.adatbank.ro\/lexikon\/wp-json\/wp\/v2\/media?parent=10286"}],"wp:term":[{"taxonomy":"product_brand","embeddable":true,"href":"https:\/\/uj.adatbank.ro\/lexikon\/wp-json\/wp\/v2\/product_brand?post=10286"},{"taxonomy":"product_cat","embeddable":true,"href":"https:\/\/uj.adatbank.ro\/lexikon\/wp-json\/wp\/v2\/product_cat?post=10286"},{"taxonomy":"product_tag","embeddable":true,"href":"https:\/\/uj.adatbank.ro\/lexikon\/wp-json\/wp\/v2\/product_tag?post=10286"}],"curies":[{"name":"wp","href":"https:\/\/api.w.org\/{rel}","templated":true}]}}