{"id":10287,"date":"2025-06-29T13:15:00","date_gmt":"2025-06-29T11:15:00","guid":{"rendered":"https:\/\/uj.adatbank.ro\/lexikon\/termek\/iliesiu-mirel\/"},"modified":"2025-06-29T13:15:00","modified_gmt":"2025-06-29T11:15:00","slug":"iliesiu-mirel","status":"publish","type":"product","link":"https:\/\/uj.adatbank.ro\/lexikon\/termek\/iliesiu-mirel\/","title":{"rendered":"ILIE\u015eIU Mirel"},"content":{"rendered":"<p>Buc., 1923. okt. 18., \u2020 Mv., 1985. m\u00e1rc. 23.: dokumentumfilm rendez\u0151, forgat\u00f3k\u00f6nyv szerz\u0151. &#8211; A dokumentum film minden v\u00e1llfaj\u00e1t m\u0171velte. Hazai \u00e9s nemzetk\u00f6zi d\u00edjakat kapott : Cannes, Teheran, Mamaia. \u2013 <strong>F. m.:<\/strong> Viscolul (1953); \u00cenv\u0103\u0163\u0103toarea (1956); Bicaz cota 563 (1959); Lumin\u0103 \u015fi piatr\u0103 (1960); Trei strig\u00eete pe Bistri\u0163a (1962); R\u0103d\u0103cini (1963); T\u0103b\u0103carii (dijazott Mamaian, 1964); Ritmuri potrivite (1964); Tensiume \u00eenalt\u0103 la Bechet (1967); C\u00e2ntecele rena\u015fterii (Cannes-ban f\u0151 dij, \u00e9s menci\u00f3 a technikai \u00e9rdemek\u00e9rt, Palme d Or, 1969); \u00cen marea trecere (Teher\u00e1nban dijazott, 1971); Paciurea (1973); Dun\u0103rea-legend\u0103 \u00een form\u0103 de fluviu (1974), H. Catargi (1975); \u015ei ne-om plimba cu barca (1976); Un drum bun (1977); Ziduri care viseaz\u0103 (1978); Curajul marilor spa\u0163ii (1979); Lini\u015ftea picturii (1981); Mireasa, Autoportret \u00een timp (1982); Sf\u00e2r\u015fit de veac \u00een sunet \u015fi imagini (1983); Noul teatru vechi (1984) <br \/><strong>Irod.:<\/strong> Dic\u0163ionar de cinema; Todea 2013<\/br><\/p>\n","protected":false},"excerpt":{"rendered":"<p>Buc., 1923. okt. 18., \u2020 Mv., 1985. m\u00e1rc. 23.: dokumentumfilm rendez\u0151, forgat\u00f3k\u00f6nyv szerz\u0151. &#8211; A dokumentum film minden v\u00e1llfaj\u00e1t m\u0171velte. Hazai \u00e9s nemzetk\u00f6zi d\u00edjakat kapott : Cannes, Teheran, Mamaia. \u2013 F. m.: Viscolul (1953); \u00cenv\u0103\u0163\u0103toarea (1956); Bicaz cota 563 (1959); Lumin\u0103 \u015fi piatr\u0103 (1960); Trei strig\u00eete pe Bistri\u0163a (1962); R\u0103d\u0103cini (1963); T\u0103b\u0103carii (dijazott Mamaian, 1964); [&hellip;]<\/p>\n","protected":false},"featured_media":0,"comment_status":"open","ping_status":"closed","template":"","meta":[],"product_brand":[],"product_cat":[137],"product_tag":[],"class_list":{"0":"post-10287","1":"product","2":"type-product","3":"status-publish","5":"product_cat-maros-megyei-eletrajzi-lexikon","7":"first","8":"instock","9":"shipping-taxable","10":"product-type-simple"},"_links":{"self":[{"href":"https:\/\/uj.adatbank.ro\/lexikon\/wp-json\/wp\/v2\/product\/10287","targetHints":{"allow":["GET"]}}],"collection":[{"href":"https:\/\/uj.adatbank.ro\/lexikon\/wp-json\/wp\/v2\/product"}],"about":[{"href":"https:\/\/uj.adatbank.ro\/lexikon\/wp-json\/wp\/v2\/types\/product"}],"replies":[{"embeddable":true,"href":"https:\/\/uj.adatbank.ro\/lexikon\/wp-json\/wp\/v2\/comments?post=10287"}],"wp:attachment":[{"href":"https:\/\/uj.adatbank.ro\/lexikon\/wp-json\/wp\/v2\/media?parent=10287"}],"wp:term":[{"taxonomy":"product_brand","embeddable":true,"href":"https:\/\/uj.adatbank.ro\/lexikon\/wp-json\/wp\/v2\/product_brand?post=10287"},{"taxonomy":"product_cat","embeddable":true,"href":"https:\/\/uj.adatbank.ro\/lexikon\/wp-json\/wp\/v2\/product_cat?post=10287"},{"taxonomy":"product_tag","embeddable":true,"href":"https:\/\/uj.adatbank.ro\/lexikon\/wp-json\/wp\/v2\/product_tag?post=10287"}],"curies":[{"name":"wp","href":"https:\/\/api.w.org\/{rel}","templated":true}]}}