{"id":10290,"date":"2025-06-29T13:15:06","date_gmt":"2025-06-29T11:15:06","guid":{"rendered":"https:\/\/uj.adatbank.ro\/lexikon\/termek\/illiesi\/"},"modified":"2025-06-29T13:15:06","modified_gmt":"2025-06-29T11:15:06","slug":"illiesi","status":"publish","type":"product","link":"https:\/\/uj.adatbank.ro\/lexikon\/termek\/illiesi\/","title":{"rendered":"ILLI\u00c9SI"},"content":{"rendered":"<p>? \u2020 ?: nemes. \u2013 Mez\u0151bergenyei csal\u00e1d, B\u00e1thory G\u00e1bort\u00f3l nyert c\u00edmeres nemeslevelet (1612. j\u00fan. 28.). <br \/><strong>Irod.:<\/strong> P\u00e1lmay<\/br><\/p>\n","protected":false},"excerpt":{"rendered":"<p>? \u2020 ?: nemes. \u2013 Mez\u0151bergenyei csal\u00e1d, B\u00e1thory G\u00e1bort\u00f3l nyert c\u00edmeres nemeslevelet (1612. j\u00fan. 28.). Irod.: P\u00e1lmay<\/p>\n","protected":false},"featured_media":0,"comment_status":"open","ping_status":"closed","template":"","meta":[],"product_brand":[],"product_cat":[137],"product_tag":[],"class_list":{"0":"post-10290","1":"product","2":"type-product","3":"status-publish","5":"product_cat-maros-megyei-eletrajzi-lexikon","7":"first","8":"instock","9":"shipping-taxable","10":"product-type-simple"},"_links":{"self":[{"href":"https:\/\/uj.adatbank.ro\/lexikon\/wp-json\/wp\/v2\/product\/10290","targetHints":{"allow":["GET"]}}],"collection":[{"href":"https:\/\/uj.adatbank.ro\/lexikon\/wp-json\/wp\/v2\/product"}],"about":[{"href":"https:\/\/uj.adatbank.ro\/lexikon\/wp-json\/wp\/v2\/types\/product"}],"replies":[{"embeddable":true,"href":"https:\/\/uj.adatbank.ro\/lexikon\/wp-json\/wp\/v2\/comments?post=10290"}],"wp:attachment":[{"href":"https:\/\/uj.adatbank.ro\/lexikon\/wp-json\/wp\/v2\/media?parent=10290"}],"wp:term":[{"taxonomy":"product_brand","embeddable":true,"href":"https:\/\/uj.adatbank.ro\/lexikon\/wp-json\/wp\/v2\/product_brand?post=10290"},{"taxonomy":"product_cat","embeddable":true,"href":"https:\/\/uj.adatbank.ro\/lexikon\/wp-json\/wp\/v2\/product_cat?post=10290"},{"taxonomy":"product_tag","embeddable":true,"href":"https:\/\/uj.adatbank.ro\/lexikon\/wp-json\/wp\/v2\/product_tag?post=10290"}],"curies":[{"name":"wp","href":"https:\/\/api.w.org\/{rel}","templated":true}]}}