{"id":10293,"date":"2025-06-29T13:15:11","date_gmt":"2025-06-29T11:15:11","guid":{"rendered":"https:\/\/uj.adatbank.ro\/lexikon\/termek\/illyefalvi-istvan\/"},"modified":"2025-06-29T13:15:11","modified_gmt":"2025-06-29T11:15:11","slug":"illyefalvi-istvan","status":"publish","type":"product","link":"https:\/\/uj.adatbank.ro\/lexikon\/termek\/illyefalvi-istvan\/","title":{"rendered":"ILLYEFALVI Istv\u00e1n"},"content":{"rendered":"<p>16. sz., \u2020 ? : prot. lelk\u00e9sz, tan\u00edt\u00f3. \u2013 Radn\u00f3ton lakott (1590). \u2013 <strong>F. m.:<\/strong> Iephta sive tragoedia lepte, ex Georgio Buchanano Ungaricis versibus reddita in gratiam spectabilis ac Magnifici D. D. Francisci Kendi de Rhadnot, filiolaeqe eiusdem Festiussimae Sophiae Kendi (Kv., 1590, 1597); Carmen Funebre ad tumulum E. D. peritia rei militaris prudentia vitaeque integritate insignis, Ladislai Kem\u00e9ny de Omboz: Qiu diem suum obijt (Kv., 1593). <br \/><strong>Irod.:<\/strong> Szinnyei, \u00daIL<\/br><\/p>\n","protected":false},"excerpt":{"rendered":"<p>16. sz., \u2020 ? : prot. lelk\u00e9sz, tan\u00edt\u00f3. \u2013 Radn\u00f3ton lakott (1590). \u2013 F. m.: Iephta sive tragoedia lepte, ex Georgio Buchanano Ungaricis versibus reddita in gratiam spectabilis ac Magnifici D. D. Francisci Kendi de Rhadnot, filiolaeqe eiusdem Festiussimae Sophiae Kendi (Kv., 1590, 1597); Carmen Funebre ad tumulum E. D. peritia rei militaris prudentia vitaeque [&hellip;]<\/p>\n","protected":false},"featured_media":0,"comment_status":"open","ping_status":"closed","template":"","meta":[],"product_brand":[],"product_cat":[137],"product_tag":[],"class_list":{"0":"post-10293","1":"product","2":"type-product","3":"status-publish","5":"product_cat-maros-megyei-eletrajzi-lexikon","7":"first","8":"instock","9":"shipping-taxable","10":"product-type-simple"},"_links":{"self":[{"href":"https:\/\/uj.adatbank.ro\/lexikon\/wp-json\/wp\/v2\/product\/10293","targetHints":{"allow":["GET"]}}],"collection":[{"href":"https:\/\/uj.adatbank.ro\/lexikon\/wp-json\/wp\/v2\/product"}],"about":[{"href":"https:\/\/uj.adatbank.ro\/lexikon\/wp-json\/wp\/v2\/types\/product"}],"replies":[{"embeddable":true,"href":"https:\/\/uj.adatbank.ro\/lexikon\/wp-json\/wp\/v2\/comments?post=10293"}],"wp:attachment":[{"href":"https:\/\/uj.adatbank.ro\/lexikon\/wp-json\/wp\/v2\/media?parent=10293"}],"wp:term":[{"taxonomy":"product_brand","embeddable":true,"href":"https:\/\/uj.adatbank.ro\/lexikon\/wp-json\/wp\/v2\/product_brand?post=10293"},{"taxonomy":"product_cat","embeddable":true,"href":"https:\/\/uj.adatbank.ro\/lexikon\/wp-json\/wp\/v2\/product_cat?post=10293"},{"taxonomy":"product_tag","embeddable":true,"href":"https:\/\/uj.adatbank.ro\/lexikon\/wp-json\/wp\/v2\/product_tag?post=10293"}],"curies":[{"name":"wp","href":"https:\/\/api.w.org\/{rel}","templated":true}]}}