{"id":10295,"date":"2025-06-29T13:15:16","date_gmt":"2025-06-29T11:15:16","guid":{"rendered":"https:\/\/uj.adatbank.ro\/lexikon\/termek\/illyefalvi-t-daniel\/"},"modified":"2025-06-29T13:15:16","modified_gmt":"2025-06-29T11:15:16","slug":"illyefalvi-t-daniel","status":"publish","type":"product","link":"https:\/\/uj.adatbank.ro\/lexikon\/termek\/illyefalvi-t-daniel\/","title":{"rendered":"ILLYEFALVI T. D\u00e1niel"},"content":{"rendered":"<p>? \u2020 Magyarherepe, 1732.: tan\u00edt\u00f3, ref. lelk\u00e9sz. \u2013 Nagyenyeden subscrib\u00e1lt (1682). Rektor volt Magyarkir\u00e1lyfalv\u00e1n (1653\u201354). Lelk\u00e9sz Mez\u0151bodonban (1692\u20131731), Magyarkir\u00e1lyfalv\u00e1n (1682 ut\u00e1n), Magyarherep\u00e9n (1732), ahol elhunyt. <br \/><strong>Irod.:<\/strong> K\u00fck\u00fcll\u0151i Ref. Egyh\u00e1zm. 2., 3., 4.<\/br><\/p>\n","protected":false},"excerpt":{"rendered":"<p>? \u2020 Magyarherepe, 1732.: tan\u00edt\u00f3, ref. lelk\u00e9sz. \u2013 Nagyenyeden subscrib\u00e1lt (1682). Rektor volt Magyarkir\u00e1lyfalv\u00e1n (1653\u201354). Lelk\u00e9sz Mez\u0151bodonban (1692\u20131731), Magyarkir\u00e1lyfalv\u00e1n (1682 ut\u00e1n), Magyarherep\u00e9n (1732), ahol elhunyt. Irod.: K\u00fck\u00fcll\u0151i Ref. Egyh\u00e1zm. 2., 3., 4.<\/p>\n","protected":false},"featured_media":0,"comment_status":"open","ping_status":"closed","template":"","meta":[],"product_brand":[],"product_cat":[137],"product_tag":[],"class_list":{"0":"post-10295","1":"product","2":"type-product","3":"status-publish","5":"product_cat-maros-megyei-eletrajzi-lexikon","7":"first","8":"instock","9":"shipping-taxable","10":"product-type-simple"},"_links":{"self":[{"href":"https:\/\/uj.adatbank.ro\/lexikon\/wp-json\/wp\/v2\/product\/10295","targetHints":{"allow":["GET"]}}],"collection":[{"href":"https:\/\/uj.adatbank.ro\/lexikon\/wp-json\/wp\/v2\/product"}],"about":[{"href":"https:\/\/uj.adatbank.ro\/lexikon\/wp-json\/wp\/v2\/types\/product"}],"replies":[{"embeddable":true,"href":"https:\/\/uj.adatbank.ro\/lexikon\/wp-json\/wp\/v2\/comments?post=10295"}],"wp:attachment":[{"href":"https:\/\/uj.adatbank.ro\/lexikon\/wp-json\/wp\/v2\/media?parent=10295"}],"wp:term":[{"taxonomy":"product_brand","embeddable":true,"href":"https:\/\/uj.adatbank.ro\/lexikon\/wp-json\/wp\/v2\/product_brand?post=10295"},{"taxonomy":"product_cat","embeddable":true,"href":"https:\/\/uj.adatbank.ro\/lexikon\/wp-json\/wp\/v2\/product_cat?post=10295"},{"taxonomy":"product_tag","embeddable":true,"href":"https:\/\/uj.adatbank.ro\/lexikon\/wp-json\/wp\/v2\/product_tag?post=10295"}],"curies":[{"name":"wp","href":"https:\/\/api.w.org\/{rel}","templated":true}]}}