{"id":10296,"date":"2025-06-29T13:15:19","date_gmt":"2025-06-29T11:15:19","guid":{"rendered":"https:\/\/uj.adatbank.ro\/lexikon\/termek\/illyes-albert-sofalvi\/"},"modified":"2025-06-29T13:15:19","modified_gmt":"2025-06-29T11:15:19","slug":"illyes-albert-sofalvi","status":"publish","type":"product","link":"https:\/\/uj.adatbank.ro\/lexikon\/termek\/illyes-albert-sofalvi\/","title":{"rendered":"ILLY\u00c9S Albert, s\u00f3falvi"},"content":{"rendered":"<p>1844., \u2020\u00a0? : f\u00f6ldbirtokos. \u2013 Le\u00e1nyai: Cornelia, koz\u00e1rv\u00e1ri br. Incz\u00e9di Istv\u00e1nn\u00e9; Gizella dr. Boda Zsigmondn\u00e9, a le\u00e1nyuk Ilona, aki a Mez\u0151m\u00e9hesen \u00e9p\u00fclt (20. sz.) udvarh\u00e1z \u00e9s park utols\u00f3 tulajdonosa Az EMKE alap\u00edt\u00f3 \u00e9s v\u00e1lasztott v\u00e1lasztm\u00e1nyi tagja (1885\u2013). <br \/><strong>Irod.:<\/strong> EMKE 120; Keresztes Gyula: \u00d6r\u00f6ks\u00e9g\u00fcnk 80.: A mez\u0151m\u00e9hesi udvarh\u00e1z (N\u00fa., 1995. aug. 3.); Maros megye<\/br><\/p>\n","protected":false},"excerpt":{"rendered":"<p>1844., \u2020\u00a0? : f\u00f6ldbirtokos. \u2013 Le\u00e1nyai: Cornelia, koz\u00e1rv\u00e1ri br. Incz\u00e9di Istv\u00e1nn\u00e9; Gizella dr. Boda Zsigmondn\u00e9, a le\u00e1nyuk Ilona, aki a Mez\u0151m\u00e9hesen \u00e9p\u00fclt (20. sz.) udvarh\u00e1z \u00e9s park utols\u00f3 tulajdonosa Az EMKE alap\u00edt\u00f3 \u00e9s v\u00e1lasztott v\u00e1lasztm\u00e1nyi tagja (1885\u2013). Irod.: EMKE 120; Keresztes Gyula: \u00d6r\u00f6ks\u00e9g\u00fcnk 80.: A mez\u0151m\u00e9hesi udvarh\u00e1z (N\u00fa., 1995. aug. 3.); Maros megye<\/p>\n","protected":false},"featured_media":0,"comment_status":"open","ping_status":"closed","template":"","meta":[],"product_brand":[],"product_cat":[137],"product_tag":[],"class_list":{"0":"post-10296","1":"product","2":"type-product","3":"status-publish","5":"product_cat-maros-megyei-eletrajzi-lexikon","7":"first","8":"instock","9":"shipping-taxable","10":"product-type-simple"},"_links":{"self":[{"href":"https:\/\/uj.adatbank.ro\/lexikon\/wp-json\/wp\/v2\/product\/10296","targetHints":{"allow":["GET"]}}],"collection":[{"href":"https:\/\/uj.adatbank.ro\/lexikon\/wp-json\/wp\/v2\/product"}],"about":[{"href":"https:\/\/uj.adatbank.ro\/lexikon\/wp-json\/wp\/v2\/types\/product"}],"replies":[{"embeddable":true,"href":"https:\/\/uj.adatbank.ro\/lexikon\/wp-json\/wp\/v2\/comments?post=10296"}],"wp:attachment":[{"href":"https:\/\/uj.adatbank.ro\/lexikon\/wp-json\/wp\/v2\/media?parent=10296"}],"wp:term":[{"taxonomy":"product_brand","embeddable":true,"href":"https:\/\/uj.adatbank.ro\/lexikon\/wp-json\/wp\/v2\/product_brand?post=10296"},{"taxonomy":"product_cat","embeddable":true,"href":"https:\/\/uj.adatbank.ro\/lexikon\/wp-json\/wp\/v2\/product_cat?post=10296"},{"taxonomy":"product_tag","embeddable":true,"href":"https:\/\/uj.adatbank.ro\/lexikon\/wp-json\/wp\/v2\/product_tag?post=10296"}],"curies":[{"name":"wp","href":"https:\/\/api.w.org\/{rel}","templated":true}]}}