{"id":10297,"date":"2025-06-29T13:15:20","date_gmt":"2025-06-29T11:15:20","guid":{"rendered":"https:\/\/uj.adatbank.ro\/lexikon\/termek\/illyes-andor-%c2%a7-sofalvi-dr\/"},"modified":"2025-06-29T13:15:20","modified_gmt":"2025-06-29T11:15:20","slug":"illyes-andor-%c2%a7-sofalvi-dr","status":"publish","type":"product","link":"https:\/\/uj.adatbank.ro\/lexikon\/termek\/illyes-andor-%c2%a7-sofalvi-dr\/","title":{"rendered":"ILLY\u00c9S Andor, \u00a7 s\u00f3falvi, dr."},"content":{"rendered":"<p>1895., \u2020\u00a0Sz\u00e9kes, 1924. \u00e1pr. 26.: orvos, f\u00f6ldbirtokos. \u2013 Feles\u00e9ge: sz\u00e9kesfeh\u00e9rv\u00e1ri Fej\u00e9rv\u00e1ry Lily. \u2013 M. kir. bel\u00fcgyminiszteri titk\u00e1r, tartal\u00e9kos husz\u00e1r sz\u00e1zados. S\u00edrja a mv.-i Ref. temet\u0151ben. <br \/><strong>Irod.:<\/strong> Gy\u00e1szjelent\u0151, Kiss\u2013P\u00e9terffy\u2013P\u00e9terffy<\/br><\/p>\n","protected":false},"excerpt":{"rendered":"<p>1895., \u2020\u00a0Sz\u00e9kes, 1924. \u00e1pr. 26.: orvos, f\u00f6ldbirtokos. \u2013 Feles\u00e9ge: sz\u00e9kesfeh\u00e9rv\u00e1ri Fej\u00e9rv\u00e1ry Lily. \u2013 M. kir. bel\u00fcgyminiszteri titk\u00e1r, tartal\u00e9kos husz\u00e1r sz\u00e1zados. S\u00edrja a mv.-i Ref. temet\u0151ben. Irod.: Gy\u00e1szjelent\u0151, Kiss\u2013P\u00e9terffy\u2013P\u00e9terffy<\/p>\n","protected":false},"featured_media":0,"comment_status":"open","ping_status":"closed","template":"","meta":[],"product_brand":[],"product_cat":[137],"product_tag":[],"class_list":{"0":"post-10297","1":"product","2":"type-product","3":"status-publish","5":"product_cat-maros-megyei-eletrajzi-lexikon","7":"first","8":"instock","9":"shipping-taxable","10":"product-type-simple"},"_links":{"self":[{"href":"https:\/\/uj.adatbank.ro\/lexikon\/wp-json\/wp\/v2\/product\/10297","targetHints":{"allow":["GET"]}}],"collection":[{"href":"https:\/\/uj.adatbank.ro\/lexikon\/wp-json\/wp\/v2\/product"}],"about":[{"href":"https:\/\/uj.adatbank.ro\/lexikon\/wp-json\/wp\/v2\/types\/product"}],"replies":[{"embeddable":true,"href":"https:\/\/uj.adatbank.ro\/lexikon\/wp-json\/wp\/v2\/comments?post=10297"}],"wp:attachment":[{"href":"https:\/\/uj.adatbank.ro\/lexikon\/wp-json\/wp\/v2\/media?parent=10297"}],"wp:term":[{"taxonomy":"product_brand","embeddable":true,"href":"https:\/\/uj.adatbank.ro\/lexikon\/wp-json\/wp\/v2\/product_brand?post=10297"},{"taxonomy":"product_cat","embeddable":true,"href":"https:\/\/uj.adatbank.ro\/lexikon\/wp-json\/wp\/v2\/product_cat?post=10297"},{"taxonomy":"product_tag","embeddable":true,"href":"https:\/\/uj.adatbank.ro\/lexikon\/wp-json\/wp\/v2\/product_tag?post=10297"}],"curies":[{"name":"wp","href":"https:\/\/api.w.org\/{rel}","templated":true}]}}