{"id":10299,"date":"2025-06-29T13:15:23","date_gmt":"2025-06-29T11:15:23","guid":{"rendered":"https:\/\/uj.adatbank.ro\/lexikon\/termek\/illyes-erno\/"},"modified":"2025-06-29T13:15:23","modified_gmt":"2025-06-29T11:15:23","slug":"illyes-erno","status":"publish","type":"product","link":"https:\/\/uj.adatbank.ro\/lexikon\/termek\/illyes-erno\/","title":{"rendered":"ILLY\u00c9S Ern\u0151"},"content":{"rendered":"<p>? \u2020 ?: fog\u00e1sz. \u2013 Feles\u00e9ge: Cs\u00e1sz\u00e1r Ir\u00e9n gy\u00f3gyszer\u00e9sz. \u2013 Makfalv\u00e1n m\u0171k\u00f6d\u00f6tt (1920\u201340 k.). <br \/><strong>Irod.:<\/strong> Visnai<\/br><\/p>\n","protected":false},"excerpt":{"rendered":"<p>? \u2020 ?: fog\u00e1sz. \u2013 Feles\u00e9ge: Cs\u00e1sz\u00e1r Ir\u00e9n gy\u00f3gyszer\u00e9sz. \u2013 Makfalv\u00e1n m\u0171k\u00f6d\u00f6tt (1920\u201340 k.). Irod.: Visnai<\/p>\n","protected":false},"featured_media":0,"comment_status":"open","ping_status":"closed","template":"","meta":[],"product_brand":[],"product_cat":[137],"product_tag":[],"class_list":{"0":"post-10299","1":"product","2":"type-product","3":"status-publish","5":"product_cat-maros-megyei-eletrajzi-lexikon","7":"first","8":"instock","9":"shipping-taxable","10":"product-type-simple"},"_links":{"self":[{"href":"https:\/\/uj.adatbank.ro\/lexikon\/wp-json\/wp\/v2\/product\/10299","targetHints":{"allow":["GET"]}}],"collection":[{"href":"https:\/\/uj.adatbank.ro\/lexikon\/wp-json\/wp\/v2\/product"}],"about":[{"href":"https:\/\/uj.adatbank.ro\/lexikon\/wp-json\/wp\/v2\/types\/product"}],"replies":[{"embeddable":true,"href":"https:\/\/uj.adatbank.ro\/lexikon\/wp-json\/wp\/v2\/comments?post=10299"}],"wp:attachment":[{"href":"https:\/\/uj.adatbank.ro\/lexikon\/wp-json\/wp\/v2\/media?parent=10299"}],"wp:term":[{"taxonomy":"product_brand","embeddable":true,"href":"https:\/\/uj.adatbank.ro\/lexikon\/wp-json\/wp\/v2\/product_brand?post=10299"},{"taxonomy":"product_cat","embeddable":true,"href":"https:\/\/uj.adatbank.ro\/lexikon\/wp-json\/wp\/v2\/product_cat?post=10299"},{"taxonomy":"product_tag","embeddable":true,"href":"https:\/\/uj.adatbank.ro\/lexikon\/wp-json\/wp\/v2\/product_tag?post=10299"}],"curies":[{"name":"wp","href":"https:\/\/api.w.org\/{rel}","templated":true}]}}