{"id":10300,"date":"2025-06-29T13:15:25","date_gmt":"2025-06-29T11:15:25","guid":{"rendered":"https:\/\/uj.adatbank.ro\/lexikon\/termek\/illyes-ernone-csaszar-iren-ilyes-ernone\/"},"modified":"2025-06-29T13:15:25","modified_gmt":"2025-06-29T11:15:25","slug":"illyes-ernone-csaszar-iren-ilyes-ernone","status":"publish","type":"product","link":"https:\/\/uj.adatbank.ro\/lexikon\/termek\/illyes-ernone-csaszar-iren-ilyes-ernone\/","title":{"rendered":"ILLY\u00c9S Ern\u0151n\u00e9; Cs\u00e1sz\u00e1r Ir\u00e9n, Ily\u00e9s Ern\u0151n\u00e9"},"content":{"rendered":"<p>Mv., 1895. nov. 26., \u2020\u00a0? : gy\u00f3gyszer\u00e9sz. \u2013 F\u00e9rje: I. Ern\u0151, fog\u00e1sz Makfalv\u00e1n. \u2013 Tanulm\u00e1nyait Mv.-en, Kv. -on, Bp.-en \u00e9s Buk. -ben v\u00e9gezte, oklevelet szerzett (1922). Makfalv\u00e1n nyitott gy\u00f3gyszert\u00e1rat Diana n\u00e9ven (1936). <br \/><strong>Irod.:<\/strong> P\u00e9ter H. M.; P\u00e9ter H. M. 2013; Sz\u00e9kelyf\u00f6ld \u00ed. k.; Visnai<\/br><\/p>\n","protected":false},"excerpt":{"rendered":"<p>Mv., 1895. nov. 26., \u2020\u00a0? : gy\u00f3gyszer\u00e9sz. \u2013 F\u00e9rje: I. Ern\u0151, fog\u00e1sz Makfalv\u00e1n. \u2013 Tanulm\u00e1nyait Mv.-en, Kv. -on, Bp.-en \u00e9s Buk. -ben v\u00e9gezte, oklevelet szerzett (1922). Makfalv\u00e1n nyitott gy\u00f3gyszert\u00e1rat Diana n\u00e9ven (1936). Irod.: P\u00e9ter H. M.; P\u00e9ter H. M. 2013; Sz\u00e9kelyf\u00f6ld \u00ed. k.; Visnai<\/p>\n","protected":false},"featured_media":0,"comment_status":"open","ping_status":"closed","template":"","meta":[],"product_brand":[],"product_cat":[137],"product_tag":[],"class_list":{"0":"post-10300","1":"product","2":"type-product","3":"status-publish","5":"product_cat-maros-megyei-eletrajzi-lexikon","7":"first","8":"instock","9":"shipping-taxable","10":"product-type-simple"},"_links":{"self":[{"href":"https:\/\/uj.adatbank.ro\/lexikon\/wp-json\/wp\/v2\/product\/10300","targetHints":{"allow":["GET"]}}],"collection":[{"href":"https:\/\/uj.adatbank.ro\/lexikon\/wp-json\/wp\/v2\/product"}],"about":[{"href":"https:\/\/uj.adatbank.ro\/lexikon\/wp-json\/wp\/v2\/types\/product"}],"replies":[{"embeddable":true,"href":"https:\/\/uj.adatbank.ro\/lexikon\/wp-json\/wp\/v2\/comments?post=10300"}],"wp:attachment":[{"href":"https:\/\/uj.adatbank.ro\/lexikon\/wp-json\/wp\/v2\/media?parent=10300"}],"wp:term":[{"taxonomy":"product_brand","embeddable":true,"href":"https:\/\/uj.adatbank.ro\/lexikon\/wp-json\/wp\/v2\/product_brand?post=10300"},{"taxonomy":"product_cat","embeddable":true,"href":"https:\/\/uj.adatbank.ro\/lexikon\/wp-json\/wp\/v2\/product_cat?post=10300"},{"taxonomy":"product_tag","embeddable":true,"href":"https:\/\/uj.adatbank.ro\/lexikon\/wp-json\/wp\/v2\/product_tag?post=10300"}],"curies":[{"name":"wp","href":"https:\/\/api.w.org\/{rel}","templated":true}]}}