{"id":10301,"date":"2025-06-29T13:15:28","date_gmt":"2025-06-29T11:15:28","guid":{"rendered":"https:\/\/uj.adatbank.ro\/lexikon\/termek\/illyes-gabriella-nuridsanyne\/"},"modified":"2025-06-29T13:15:28","modified_gmt":"2025-06-29T11:15:28","slug":"illyes-gabriella-nuridsanyne","status":"publish","type":"product","link":"https:\/\/uj.adatbank.ro\/lexikon\/termek\/illyes-gabriella-nuridsanyne\/","title":{"rendered":"ILLY\u00c9S Gabriella, Nurids\u00e1nyn\u00e9"},"content":{"rendered":"<p>1935., \u2020\u00a0Bp., 2010. \u00e1pr. 14.: b\u00e1bsz\u00edn\u00e9sz. \u2013 A Mv.-i B\u00e1bsz\u00ednh\u00e1znak, az \u201earanycsapat\u00e1nak\u201d tagja. <br \/><strong>Irod.:<\/strong> Ariel; Nekrol\u00f3g<\/br><\/p>\n","protected":false},"excerpt":{"rendered":"<p>1935., \u2020\u00a0Bp., 2010. \u00e1pr. 14.: b\u00e1bsz\u00edn\u00e9sz. \u2013 A Mv.-i B\u00e1bsz\u00ednh\u00e1znak, az \u201earanycsapat\u00e1nak\u201d tagja. Irod.: Ariel; Nekrol\u00f3g<\/p>\n","protected":false},"featured_media":0,"comment_status":"open","ping_status":"closed","template":"","meta":[],"product_brand":[],"product_cat":[137],"product_tag":[],"class_list":{"0":"post-10301","1":"product","2":"type-product","3":"status-publish","5":"product_cat-maros-megyei-eletrajzi-lexikon","7":"first","8":"instock","9":"shipping-taxable","10":"product-type-simple"},"_links":{"self":[{"href":"https:\/\/uj.adatbank.ro\/lexikon\/wp-json\/wp\/v2\/product\/10301","targetHints":{"allow":["GET"]}}],"collection":[{"href":"https:\/\/uj.adatbank.ro\/lexikon\/wp-json\/wp\/v2\/product"}],"about":[{"href":"https:\/\/uj.adatbank.ro\/lexikon\/wp-json\/wp\/v2\/types\/product"}],"replies":[{"embeddable":true,"href":"https:\/\/uj.adatbank.ro\/lexikon\/wp-json\/wp\/v2\/comments?post=10301"}],"wp:attachment":[{"href":"https:\/\/uj.adatbank.ro\/lexikon\/wp-json\/wp\/v2\/media?parent=10301"}],"wp:term":[{"taxonomy":"product_brand","embeddable":true,"href":"https:\/\/uj.adatbank.ro\/lexikon\/wp-json\/wp\/v2\/product_brand?post=10301"},{"taxonomy":"product_cat","embeddable":true,"href":"https:\/\/uj.adatbank.ro\/lexikon\/wp-json\/wp\/v2\/product_cat?post=10301"},{"taxonomy":"product_tag","embeddable":true,"href":"https:\/\/uj.adatbank.ro\/lexikon\/wp-json\/wp\/v2\/product_tag?post=10301"}],"curies":[{"name":"wp","href":"https:\/\/api.w.org\/{rel}","templated":true}]}}