{"id":10304,"date":"2025-06-29T13:15:32","date_gmt":"2025-06-29T11:15:32","guid":{"rendered":"https:\/\/uj.adatbank.ro\/lexikon\/termek\/illyes-geza-%c2%a7-sofalvai\/"},"modified":"2025-06-29T13:15:32","modified_gmt":"2025-06-29T11:15:32","slug":"illyes-geza-%c2%a7-sofalvai","status":"publish","type":"product","link":"https:\/\/uj.adatbank.ro\/lexikon\/termek\/illyes-geza-%c2%a7-sofalvai\/","title":{"rendered":"ILLY\u00c9S G\u00e9za, \u00a7 s\u00f3falvai"},"content":{"rendered":"<p>Mv., 1870. m\u00e1j. 24., \u2020 Bp., 1951. aug. 6.: orvos, urol\u00f3gus, egyetemi tan\u00e1r. \u2013 Egyetemi tanulm\u00e1nyait Bp.-en, Berlinben, P\u00e1rizsban a Sorbonne Orv. Kar\u00e1n (1893) v\u00e9gezte, orvosdoktori oklevelet nyert Bp.-en (1893); \u00e1ltal\u00e1nos seb\u00e9szi szakk\u00e9pes\u00edt\u00e9st szerzett (1898). Bp-en a a II. sz. belklinik\u00e1n gyakornok (1894\u201395), az I. sz. seb\u00e9szeti klinik\u00e1n m\u0171t\u0151n\u00f6vend\u00e9k (1895\u201398), tan\u00e1rseg\u00e9d (1898\u2013), az urol\u00f3giai ambul\u00e1nci\u00e1nak \u00e9s fekv\u0151beteg r\u00e9szleg\u00e9nak vezet\u0151je (1913\u2013). Sz\u00e1m\u00e1ra szervezt\u00e9k Bp-en az els\u0151 urol\u00f3giai-seb\u00e9szeti tansz\u00e9ket, az urol\u00f3giai seb\u00e9szet mag\u00e1ntan\u00e1ra (1904\u2013); c\u00edmzetes, nyilv\u00e1nos rendk\u00edv\u00fcli tan\u00e1r (1914\u2013), f\u0151orvos a bp.-i Apponyi Albert Poliklinika seb\u00e9szeti oszt\u00e1ly\u00e1n (1905\u201313), megkapta az egyetemi r. tan\u00e1ri c\u00edmet \u00e9s megv\u00e1lasztott\u00e1k a Szent R\u00f3kus K\u00f3rh\u00e1z urol\u00f3giai-seb\u00e9szeti oszt\u00e1ly\u00e1nak f\u0151orvos\u00e1v\u00e1 (1913\u201320); bevonult katon\u00e1nak (1914\u2013), a Honv\u00e9d Hely\u0151rs\u00e9gi K\u00f3rh\u00e1z seb\u00e9szeti vezet\u0151je (0915\u201316), az olasz fronton s levic\u00f3i seb\u00e9szeti tartal\u00e9kk\u00f3rh\u00e1z parancsnoka (1916\u201317), a Hold utcai hadik\u00f3rh\u00e1z parancsnoka (1917\u201318). A bp.-i Tudom\u00e1nyegyetem Urol\u00f3giai Seb\u00e9szeti Tansz\u00e9k\u00e9n r. tan\u00e1r, az urol\u00f3giai klinika vezet\u0151je (1920\u201341). M. Urol\u00f3giai T\u00e1rsas\u00e1g n\u00e9ven tudom\u00e1nyos egyes\u00fcletet alap\u00edtott, sok kiv\u00e1l\u00f3 tan\u00edtv\u00e1nyt nevelt. A Nemzetk\u00f6zi Urol\u00f3giai T\u00e1rsas\u00e1g b\u00e9csi kongresszusa alkalm\u00e1val megh\u00edvott 86 amerikai angol, francia, n\u00e9met szakorvost Bp.-re (1936), akik megtekintett\u00e9k klinik\u00e1j\u00e1t, bemutatta m\u0171t\u00e9ti \u00e9s vizsg\u00e1l\u00f3 m\u00f3dszereit, \u00e9rdekes patol\u00f3giai k\u00e9sz\u00edtm\u00e9nyeit. 119 tudom\u00e1nyos dolgozata jelent meg m. \u00e9s idegen nyelveken f\u0151leg a vese- \u00e9s prosztata seb\u00e9szet k\u00f6r\u00e9b\u0151l az: Orvosi Hetilap, Matematikai \u00e9s Term\u00e9szettudom\u00e1nyi \u00c9rtes\u00edt\u0151, Orvosk\u00e9pz\u00e9s stb. -ben. A MTA levelez\u0151 (1936), majd rendes tagja (1943); az V. \u2013 Orvostudom\u00e1nyok Oszt\u00e1ly\u00e1nak eln\u00f6ke (1949\u201351); A M. Urol\u00f3giai T\u00e1rsas\u00e1g els\u0151 eln\u00f6ke \u00e9s t. tagja (1925\u2013). a Bp.-i Orvosi T\u00e1rsas\u00e1g eln\u00f6ke (1939\u201342). A Franciao-i (1918\u2013), Amerikai (1910), Argentinai (1930), N\u00e9metoi Urol\u00f3giai T\u00e1rsas\u00e1g levelez\u0151, az olasz \u00e9s rom\u00e1n (1832) Urol\u00f3giai T\u00e1rsas\u00e1gok tiszteletbeli tagja. Kit\u0171ntet\u00e9sei: Ferenc J\u00f3zsef rend I. keresztje, a n\u00e9met V\u00f6r\u00f6s kereszt III. o. -a, nyugd\u00edjaz\u00e1sakor a M. \u00c9rdemrend k\u00f6z\u00e9pkeresztje a csillaggal, a M. N\u00e9pk\u00f6zt\u00e1rsas\u00e1gi \u00c9rdemrend V. fokozata. \u2013 <strong>F. m.:<\/strong> Ur\u00e9ter \u2013catheterez\u00e9s \u00e9s radiographia (Bp., 1901); Az urol\u00f3gia tank\u00f6nyve (Bp., 1906); Veseseb\u00e9szet (Bp., 1909); Erfahrungen in der Nierenchirurgie (Berlin, 1911); A vesek\u0151r\u0151l (Bp., 1912); A belgy\u00f3gy\u00e1szati vese megbeteged\u00e9sek seb\u00e9szeti kezel\u00e9s\u00e9r\u0151l (Bp., 1912.); Tapasztalatok a veseseb\u00e9szet k\u00f6r\u00e9b\u0151l (Bp., 1913); \u00dcber prostatahypertrophie (Berlin, 1925); Urol\u00f3gia (Bp., 1931); Special Urology (London, 1940); Surgical Urology (London, 1942); Az urogenit\u00e1lis szervek tuberkul\u00f3zisa (Bp., 1943); t\u00e1rs. sz.: A seb\u00e9szeti m\u0171t\u00e9ttan alapvonalai (Bp., 1899); Urol\u00f3giai jegyzetek (Bp., 1912); A M. Seb\u00e9szet 30 \u00e9ve (Bp., 1937). <br \/><strong>Irod.:<\/strong> D\u00f6rnyei; Guly\u00e1s; H\u00f6gyes; MNL; Petrik; RNL; R\u00daL; Szab\u00f3\u2013Simon\u2013Sz\u00f6gi; \u00daIL; \u00daM\u00c9L<\/br><\/p>\n","protected":false},"excerpt":{"rendered":"<p>Mv., 1870. m\u00e1j. 24., \u2020 Bp., 1951. aug. 6.: orvos, urol\u00f3gus, egyetemi tan\u00e1r. \u2013 Egyetemi tanulm\u00e1nyait Bp.-en, Berlinben, P\u00e1rizsban a Sorbonne Orv. Kar\u00e1n (1893) v\u00e9gezte, orvosdoktori oklevelet nyert Bp.-en (1893); \u00e1ltal\u00e1nos seb\u00e9szi szakk\u00e9pes\u00edt\u00e9st szerzett (1898). Bp-en a a II. sz. belklinik\u00e1n gyakornok (1894\u201395), az I. sz. seb\u00e9szeti klinik\u00e1n m\u0171t\u0151n\u00f6vend\u00e9k (1895\u201398), tan\u00e1rseg\u00e9d (1898\u2013), az urol\u00f3giai ambul\u00e1nci\u00e1nak [&hellip;]<\/p>\n","protected":false},"featured_media":0,"comment_status":"open","ping_status":"closed","template":"","meta":[],"product_brand":[],"product_cat":[137],"product_tag":[],"class_list":{"0":"post-10304","1":"product","2":"type-product","3":"status-publish","5":"product_cat-maros-megyei-eletrajzi-lexikon","7":"first","8":"instock","9":"shipping-taxable","10":"product-type-simple"},"_links":{"self":[{"href":"https:\/\/uj.adatbank.ro\/lexikon\/wp-json\/wp\/v2\/product\/10304","targetHints":{"allow":["GET"]}}],"collection":[{"href":"https:\/\/uj.adatbank.ro\/lexikon\/wp-json\/wp\/v2\/product"}],"about":[{"href":"https:\/\/uj.adatbank.ro\/lexikon\/wp-json\/wp\/v2\/types\/product"}],"replies":[{"embeddable":true,"href":"https:\/\/uj.adatbank.ro\/lexikon\/wp-json\/wp\/v2\/comments?post=10304"}],"wp:attachment":[{"href":"https:\/\/uj.adatbank.ro\/lexikon\/wp-json\/wp\/v2\/media?parent=10304"}],"wp:term":[{"taxonomy":"product_brand","embeddable":true,"href":"https:\/\/uj.adatbank.ro\/lexikon\/wp-json\/wp\/v2\/product_brand?post=10304"},{"taxonomy":"product_cat","embeddable":true,"href":"https:\/\/uj.adatbank.ro\/lexikon\/wp-json\/wp\/v2\/product_cat?post=10304"},{"taxonomy":"product_tag","embeddable":true,"href":"https:\/\/uj.adatbank.ro\/lexikon\/wp-json\/wp\/v2\/product_tag?post=10304"}],"curies":[{"name":"wp","href":"https:\/\/api.w.org\/{rel}","templated":true}]}}