{"id":10306,"date":"2025-06-29T13:15:39","date_gmt":"2025-06-29T11:15:39","guid":{"rendered":"https:\/\/uj.adatbank.ro\/lexikon\/termek\/illyes-gyula\/"},"modified":"2025-06-29T13:15:39","modified_gmt":"2025-06-29T11:15:39","slug":"illyes-gyula","status":"publish","type":"product","link":"https:\/\/uj.adatbank.ro\/lexikon\/termek\/illyes-gyula\/","title":{"rendered":"ILLY\u00c9S Gyula"},"content":{"rendered":"<p>R\u00e1cegrespuszta, 1902. nov. 2., \u2020 Bp., 1983.: k\u00f6lt\u0151, \u00edr\u00f3, dr\u00e1ma\u00edr\u00f3. \u2013 Mv.-en vend\u00e9geskedett Tam\u00e1si \u00c1ronnal (1942). A F\u00e1klyal\u00e1ng c. darabja a mv.-i Sz\u00e9kely Sz\u00ednh\u00e1z egyik legnagyobb sikere (1946) Kov\u00e1cs Gy\u00f6rgy-gyel a f\u0151szerepben. Mv.-re a F\u00e1klyal\u00e1ng 100. bem\u00fatat\u00f3j\u00e1ra \u00e9rkezett (1956. febr. 1.). Salamon Ern\u0151 feles\u00e9g\u00e9hez int\u00e9zett I. Gy. levele olvashat\u00f3 a Marosi-KZST-ben. <br \/><strong>Irod.:<\/strong> Bottoni 2008; Izs\u00e1k J\u00f3zsef: I. Gy. k\u00f6lt\u0151i vil\u00e1gk\u00e9pe (Bp., 1982); Marosi-KZST; M\u00c9L; RMIL<\/br><\/p>\n","protected":false},"excerpt":{"rendered":"<p>R\u00e1cegrespuszta, 1902. nov. 2., \u2020 Bp., 1983.: k\u00f6lt\u0151, \u00edr\u00f3, dr\u00e1ma\u00edr\u00f3. \u2013 Mv.-en vend\u00e9geskedett Tam\u00e1si \u00c1ronnal (1942). A F\u00e1klyal\u00e1ng c. darabja a mv.-i Sz\u00e9kely Sz\u00ednh\u00e1z egyik legnagyobb sikere (1946) Kov\u00e1cs Gy\u00f6rgy-gyel a f\u0151szerepben. Mv.-re a F\u00e1klyal\u00e1ng 100. bem\u00fatat\u00f3j\u00e1ra \u00e9rkezett (1956. febr. 1.). Salamon Ern\u0151 feles\u00e9g\u00e9hez int\u00e9zett I. Gy. levele olvashat\u00f3 a Marosi-KZST-ben. Irod.: Bottoni 2008; Izs\u00e1k [&hellip;]<\/p>\n","protected":false},"featured_media":0,"comment_status":"open","ping_status":"closed","template":"","meta":[],"product_brand":[],"product_cat":[137],"product_tag":[],"class_list":{"0":"post-10306","1":"product","2":"type-product","3":"status-publish","5":"product_cat-maros-megyei-eletrajzi-lexikon","7":"first","8":"instock","9":"shipping-taxable","10":"product-type-simple"},"_links":{"self":[{"href":"https:\/\/uj.adatbank.ro\/lexikon\/wp-json\/wp\/v2\/product\/10306","targetHints":{"allow":["GET"]}}],"collection":[{"href":"https:\/\/uj.adatbank.ro\/lexikon\/wp-json\/wp\/v2\/product"}],"about":[{"href":"https:\/\/uj.adatbank.ro\/lexikon\/wp-json\/wp\/v2\/types\/product"}],"replies":[{"embeddable":true,"href":"https:\/\/uj.adatbank.ro\/lexikon\/wp-json\/wp\/v2\/comments?post=10306"}],"wp:attachment":[{"href":"https:\/\/uj.adatbank.ro\/lexikon\/wp-json\/wp\/v2\/media?parent=10306"}],"wp:term":[{"taxonomy":"product_brand","embeddable":true,"href":"https:\/\/uj.adatbank.ro\/lexikon\/wp-json\/wp\/v2\/product_brand?post=10306"},{"taxonomy":"product_cat","embeddable":true,"href":"https:\/\/uj.adatbank.ro\/lexikon\/wp-json\/wp\/v2\/product_cat?post=10306"},{"taxonomy":"product_tag","embeddable":true,"href":"https:\/\/uj.adatbank.ro\/lexikon\/wp-json\/wp\/v2\/product_tag?post=10306"}],"curies":[{"name":"wp","href":"https:\/\/api.w.org\/{rel}","templated":true}]}}