{"id":10308,"date":"2025-06-29T13:15:42","date_gmt":"2025-06-29T11:15:42","guid":{"rendered":"https:\/\/uj.adatbank.ro\/lexikon\/termek\/illyes-janos\/"},"modified":"2025-06-29T13:15:42","modified_gmt":"2025-06-29T11:15:42","slug":"illyes-janos","status":"publish","type":"product","link":"https:\/\/uj.adatbank.ro\/lexikon\/termek\/illyes-janos\/","title":{"rendered":"ILLY\u00c9S J\u00e1nos"},"content":{"rendered":"<p>? \u2020\u00a0?: alvajda. \u2013 S\u00f3falvi \u0151si sz\u00e9kely csal\u00e1d sarja, m\u00e1r a 15. sz. -ban, mint erd\u00e9lyi alvajda szerepel az okiratokban. A sz\u00e9kesi birtok t\u00f6bb gener\u00e1ci\u00f3n \u00e1t a Bercs\u00e9nyiek tulajdona volt. <br \/><strong>Irod.:<\/strong> Sz\u00e9kes<\/br><\/p>\n","protected":false},"excerpt":{"rendered":"<p>? \u2020\u00a0?: alvajda. \u2013 S\u00f3falvi \u0151si sz\u00e9kely csal\u00e1d sarja, m\u00e1r a 15. sz. -ban, mint erd\u00e9lyi alvajda szerepel az okiratokban. A sz\u00e9kesi birtok t\u00f6bb gener\u00e1ci\u00f3n \u00e1t a Bercs\u00e9nyiek tulajdona volt. Irod.: Sz\u00e9kes<\/p>\n","protected":false},"featured_media":0,"comment_status":"open","ping_status":"closed","template":"","meta":[],"product_brand":[],"product_cat":[137],"product_tag":[],"class_list":{"0":"post-10308","1":"product","2":"type-product","3":"status-publish","5":"product_cat-maros-megyei-eletrajzi-lexikon","7":"first","8":"instock","9":"shipping-taxable","10":"product-type-simple"},"_links":{"self":[{"href":"https:\/\/uj.adatbank.ro\/lexikon\/wp-json\/wp\/v2\/product\/10308","targetHints":{"allow":["GET"]}}],"collection":[{"href":"https:\/\/uj.adatbank.ro\/lexikon\/wp-json\/wp\/v2\/product"}],"about":[{"href":"https:\/\/uj.adatbank.ro\/lexikon\/wp-json\/wp\/v2\/types\/product"}],"replies":[{"embeddable":true,"href":"https:\/\/uj.adatbank.ro\/lexikon\/wp-json\/wp\/v2\/comments?post=10308"}],"wp:attachment":[{"href":"https:\/\/uj.adatbank.ro\/lexikon\/wp-json\/wp\/v2\/media?parent=10308"}],"wp:term":[{"taxonomy":"product_brand","embeddable":true,"href":"https:\/\/uj.adatbank.ro\/lexikon\/wp-json\/wp\/v2\/product_brand?post=10308"},{"taxonomy":"product_cat","embeddable":true,"href":"https:\/\/uj.adatbank.ro\/lexikon\/wp-json\/wp\/v2\/product_cat?post=10308"},{"taxonomy":"product_tag","embeddable":true,"href":"https:\/\/uj.adatbank.ro\/lexikon\/wp-json\/wp\/v2\/product_tag?post=10308"}],"curies":[{"name":"wp","href":"https:\/\/api.w.org\/{rel}","templated":true}]}}