{"id":10314,"date":"2025-06-29T13:15:53","date_gmt":"2025-06-29T11:15:53","guid":{"rendered":"https:\/\/uj.adatbank.ro\/lexikon\/termek\/illyes-lajos\/"},"modified":"2025-06-29T13:15:53","modified_gmt":"2025-06-29T11:15:53","slug":"illyes-lajos","status":"publish","type":"product","link":"https:\/\/uj.adatbank.ro\/lexikon\/termek\/illyes-lajos\/","title":{"rendered":"ILLY\u00c9S Lajos"},"content":{"rendered":"<p>Bar\u00f3t, 1900., \u2020\u00a0?\u00a0: pl\u00e9b\u00e1nos. \u2013 Tanulm\u00e1nyait Bar\u00f3ton, Sz\u00e9kelyudvarhelyen \u00e9s Gyulafeh\u00e9rv\u00e1ron v\u00e9gezte, papp\u00e1 szentelt\u00e9k (1923). Gyergy\u00f3alfaluban, Sz\u00e9kelyudvarhelyen, Magyarzs\u00e1kodon, majd Szenth\u00e1roms\u00e1gon (1939\u2013) pl\u00e9b\u00e1nos. <br \/><strong>Irod.:<\/strong> Sz\u00e9kelyf\u00f6ld \u00ed. k.<\/br><\/p>\n","protected":false},"excerpt":{"rendered":"<p>Bar\u00f3t, 1900., \u2020\u00a0?\u00a0: pl\u00e9b\u00e1nos. \u2013 Tanulm\u00e1nyait Bar\u00f3ton, Sz\u00e9kelyudvarhelyen \u00e9s Gyulafeh\u00e9rv\u00e1ron v\u00e9gezte, papp\u00e1 szentelt\u00e9k (1923). Gyergy\u00f3alfaluban, Sz\u00e9kelyudvarhelyen, Magyarzs\u00e1kodon, majd Szenth\u00e1roms\u00e1gon (1939\u2013) pl\u00e9b\u00e1nos. Irod.: Sz\u00e9kelyf\u00f6ld \u00ed. k.<\/p>\n","protected":false},"featured_media":0,"comment_status":"open","ping_status":"closed","template":"","meta":[],"product_brand":[],"product_cat":[137],"product_tag":[],"class_list":{"0":"post-10314","1":"product","2":"type-product","3":"status-publish","5":"product_cat-maros-megyei-eletrajzi-lexikon","7":"first","8":"instock","9":"shipping-taxable","10":"product-type-simple"},"_links":{"self":[{"href":"https:\/\/uj.adatbank.ro\/lexikon\/wp-json\/wp\/v2\/product\/10314","targetHints":{"allow":["GET"]}}],"collection":[{"href":"https:\/\/uj.adatbank.ro\/lexikon\/wp-json\/wp\/v2\/product"}],"about":[{"href":"https:\/\/uj.adatbank.ro\/lexikon\/wp-json\/wp\/v2\/types\/product"}],"replies":[{"embeddable":true,"href":"https:\/\/uj.adatbank.ro\/lexikon\/wp-json\/wp\/v2\/comments?post=10314"}],"wp:attachment":[{"href":"https:\/\/uj.adatbank.ro\/lexikon\/wp-json\/wp\/v2\/media?parent=10314"}],"wp:term":[{"taxonomy":"product_brand","embeddable":true,"href":"https:\/\/uj.adatbank.ro\/lexikon\/wp-json\/wp\/v2\/product_brand?post=10314"},{"taxonomy":"product_cat","embeddable":true,"href":"https:\/\/uj.adatbank.ro\/lexikon\/wp-json\/wp\/v2\/product_cat?post=10314"},{"taxonomy":"product_tag","embeddable":true,"href":"https:\/\/uj.adatbank.ro\/lexikon\/wp-json\/wp\/v2\/product_tag?post=10314"}],"curies":[{"name":"wp","href":"https:\/\/api.w.org\/{rel}","templated":true}]}}