{"id":10316,"date":"2025-06-29T13:15:55","date_gmt":"2025-06-29T11:15:55","guid":{"rendered":"https:\/\/uj.adatbank.ro\/lexikon\/termek\/illyes-lajos-%c2%a7-sofalvi-illes-lajos-sofalvi-sofalvi-illyes-lajos\/"},"modified":"2025-06-29T13:15:55","modified_gmt":"2025-06-29T11:15:55","slug":"illyes-lajos-%c2%a7-sofalvi-illes-lajos-sofalvi-sofalvi-illyes-lajos","status":"publish","type":"product","link":"https:\/\/uj.adatbank.ro\/lexikon\/termek\/illyes-lajos-%c2%a7-sofalvi-illes-lajos-sofalvi-sofalvi-illyes-lajos\/","title":{"rendered":"ILLY\u00c9S Lajos, \u00a7 s\u00f3falvi, Ill\u00e9s Lajos s\u00f3falvi, S\u00f3falvi Illy\u00e9s Lajos"},"content":{"rendered":"<p>Sz\u00e9kes, 1839. szept. 25., \u2020\u00a0Szov\u00e1ta, 1926. febr. 2. Sz\u00e9kesen temett\u00e9k: tan\u00e1r, k\u00f6zgazd\u00e1sz, birtokos, a szov\u00e1tai gy\u00f3gyf\u00fcrd\u0151 megalap\u00edt\u00f3ja, ny. min. oszt\u00e1lytan\u00e1csos. \u2013 A s\u00f3falvi Illy\u00e9s Istv\u00e1n f\u00f6ldbirtokos, t\u00e1blab\u00edr\u00f3 (1811\u20131892) \u00e9s Sombory Am\u00e1lia (1816\u20131887) fia. 4. fi\u00fa testv\u00e9re volt. Feles\u00e9ge: Braun Irma. Gyermekeik: Margit (1871), Kl\u00e1ra (1873), Ilona (1874), Tibor (1876), M\u00e1ria (1877), Andor (1879) \u00e9s Istv\u00e1n (1892). \u2013 Az elemit \u00e9s k\u00f6z\u00e9piskol\u00e1t a mv.-i Ref. Koll. -ban v\u00e9gezte, a segesv\u00e1ri sz\u00e1sz gimn. -ban t\u00f6k\u00e9letes\u00edtette n\u00e9met tud\u00e1s\u00e1t (1852\u201354). Ott volt Bolyai Farkas hal\u00e1los \u00e1gy\u00e1n\u00e1l (1856). A B\u00e9csi Egy. Jogtud. Kar\u00e1nak hallgat\u00f3ja (1858). Kv.-on v\u00e9gezte az egyetemi tanulm\u00e1nyait, k\u00f6zgazd\u00e1sz lett. Hazat\u00e9rt a mv.-i koll. -ba. A Marostorda V\u00e1rmegyei Gazdas\u00e1gi Egylet. aleln\u00f6ke (1890\u2013). Inditv\u00e1nyozta \u00e9s meg is alap\u00edtotta a cukorgy\u00e1ri hizlald\u00e1t. Az EMKE alap\u00edt\u00f3 (1885. \u00e1pr. 12) \u00e9s v\u00e1lasztott v\u00e1lasztm\u00e1nyi \u00f6r\u00f6k\u00f6s tagja. S\u00f3vid\u00e9ki birtok\u00fcgyeinek rendez\u00e9sekor t\u00f6bbsz\u00f6r is megfordult Szov\u00e1t\u00e1n. Els\u0151k\u00e9nt fedezte fel a Medve t\u00f3 v\u00edz\u00e9nek melegs\u00e9g\u00e9t, felv\u00e1s\u00e1rolta a t\u00f3 k\u00f6r\u00fcli ter\u00fcleteket \u00e9s itt fel\u00e9p\u00edtette az els\u0151 vill\u00e1t (1894). F\u00fcrd\u0151enged\u00e9lyt szerzett a nyilv\u00e1nos f\u00fcrd\u0151 sz\u00e1m\u00e1ra. F\u00fcrd\u0151v\u00e1llalat\u00e1t bejegyeztette (1900) \u00e9s megv\u00e1s\u00e1rolta a ref. egyh\u00e1zt\u00f3l a Veress J\u00f3zsef \u00e1ltal alap\u00edtott G\u00e9ra, als\u00f3 f\u00fcrd\u0151t (1902). Megalap\u00edtotta a Medve t\u00f3ra \u00e9p\u00fcl\u0151 Fels\u0151-Szov\u00e1ta f\u00fcrd\u0151t, ez a heliotermikus (napt\u00f3lmeleged\u0151) s\u00f3s t\u00f3 Eur\u00f3pa egyik legismertebb f\u00fcrd\u0151hely\u00e9v\u00e9 tette Szov\u00e1t\u00e1t. Els\u0151 f\u00e9nykor\u00e1nak az I. vh. vetett v\u00e9get. Eladta a f\u00fcrd\u0151t (1925), az Agr\u00e1rbank fel\u00fcgyelete melett, f\u00f6leg a Nemzeti Parasztp\u00e1rt jeles k\u00e9pvisel\u0151i v\u00e1s\u00e1rolt\u00e1k meg, l\u00e9trehozt\u00e1k a Szov\u00e1tai F\u00fcrd\u0151v\u00e1llalat Rt. -ot. Szov\u00e1t\u00e1n a hajdani F\u00fcrd\u0151telepi Iskola ut\u00f3da viseli a nev\u00e9t (2008). <br \/><strong>Irod.:<\/strong> Bern\u00e1dy; Derzsi\u2013Fekete; J\u00f3zsa Andr\u00e1s: S\u00f3falvi Illy\u00e9s Lajos a modern Szov\u00e1taf\u00fcrd\u0151 megalap\u00edt\u00f3ja =  P\u00e1l-Antal \u2013 Simon 2011; J\u00f3zsa Andr\u00e1s: Szov\u00e1taf\u00fcrd\u0151 (Korunk, 8. sz., 2009); [Nekrol\u00f3g] (A Ma: Politikai napilap, 1926. febr. 4.); Sepsisz\u00e9ki; Sz\u00e1z \u00e9ves a Medve t\u00f3 (N\u00fa., 1995. m\u00e1j. 26.); Szab\u00f3\u2013Simon\u2013Sz\u00f6gi; Szov\u00e1ta<\/br><\/p>\n","protected":false},"excerpt":{"rendered":"<p>Sz\u00e9kes, 1839. szept. 25., \u2020\u00a0Szov\u00e1ta, 1926. febr. 2. Sz\u00e9kesen temett\u00e9k: tan\u00e1r, k\u00f6zgazd\u00e1sz, birtokos, a szov\u00e1tai gy\u00f3gyf\u00fcrd\u0151 megalap\u00edt\u00f3ja, ny. min. oszt\u00e1lytan\u00e1csos. \u2013 A s\u00f3falvi Illy\u00e9s Istv\u00e1n f\u00f6ldbirtokos, t\u00e1blab\u00edr\u00f3 (1811\u20131892) \u00e9s Sombory Am\u00e1lia (1816\u20131887) fia. 4. fi\u00fa testv\u00e9re volt. Feles\u00e9ge: Braun Irma. Gyermekeik: Margit (1871), Kl\u00e1ra (1873), Ilona (1874), Tibor (1876), M\u00e1ria (1877), Andor (1879) \u00e9s Istv\u00e1n [&hellip;]<\/p>\n","protected":false},"featured_media":0,"comment_status":"open","ping_status":"closed","template":"","meta":[],"product_brand":[],"product_cat":[137],"product_tag":[],"class_list":{"0":"post-10316","1":"product","2":"type-product","3":"status-publish","5":"product_cat-maros-megyei-eletrajzi-lexikon","7":"first","8":"instock","9":"shipping-taxable","10":"product-type-simple"},"_links":{"self":[{"href":"https:\/\/uj.adatbank.ro\/lexikon\/wp-json\/wp\/v2\/product\/10316","targetHints":{"allow":["GET"]}}],"collection":[{"href":"https:\/\/uj.adatbank.ro\/lexikon\/wp-json\/wp\/v2\/product"}],"about":[{"href":"https:\/\/uj.adatbank.ro\/lexikon\/wp-json\/wp\/v2\/types\/product"}],"replies":[{"embeddable":true,"href":"https:\/\/uj.adatbank.ro\/lexikon\/wp-json\/wp\/v2\/comments?post=10316"}],"wp:attachment":[{"href":"https:\/\/uj.adatbank.ro\/lexikon\/wp-json\/wp\/v2\/media?parent=10316"}],"wp:term":[{"taxonomy":"product_brand","embeddable":true,"href":"https:\/\/uj.adatbank.ro\/lexikon\/wp-json\/wp\/v2\/product_brand?post=10316"},{"taxonomy":"product_cat","embeddable":true,"href":"https:\/\/uj.adatbank.ro\/lexikon\/wp-json\/wp\/v2\/product_cat?post=10316"},{"taxonomy":"product_tag","embeddable":true,"href":"https:\/\/uj.adatbank.ro\/lexikon\/wp-json\/wp\/v2\/product_tag?post=10316"}],"curies":[{"name":"wp","href":"https:\/\/api.w.org\/{rel}","templated":true}]}}