{"id":10317,"date":"2025-06-29T13:15:57","date_gmt":"2025-06-29T11:15:57","guid":{"rendered":"https:\/\/uj.adatbank.ro\/lexikon\/termek\/illyes-laszlo-illyes-marton\/"},"modified":"2025-06-29T13:15:57","modified_gmt":"2025-06-29T11:15:57","slug":"illyes-laszlo-illyes-marton","status":"publish","type":"product","link":"https:\/\/uj.adatbank.ro\/lexikon\/termek\/illyes-laszlo-illyes-marton\/","title":{"rendered":"ILLY\u00c9S L\u00e1szl\u00f3, Illy\u00e9s M\u00e1rton"},"content":{"rendered":"<p>Sz\u00e9kes, ? \u2020\u00a0?\u00a0: g\u00e9p\u00e9sz. \u2013 B\u00e9csben tanulta a d\u00edszk\u00fatak, sz\u00f6k\u0151kutak \u00e9p\u00edt\u00e9s\u00e9t. A mv.-i Bodor-k\u00fat \u00e9p\u00edt\u0151je, az \u0151 ir\u00e1ny\u00edt\u00e1s\u00e1val \u00e9p\u00fclt meg a sz\u00f6k\u00f6k\u00fat (1800). <br \/><strong>Irod.:<\/strong> Orb\u00e1n J\u00e1nos: Hasznoss\u00e1g \u00e9s sz\u00e9ps\u00e9g hat\u00e1r\u00e1n. K\u00f6zkutak Mv.-en a 19. sz\u00e1zad els\u0151 fel\u00e9ben  =  Liber discipulorum; P\u00e1l-Antal 2009; P\u00e1l-Antal 2013<\/br><\/p>\n","protected":false},"excerpt":{"rendered":"<p>Sz\u00e9kes, ? \u2020\u00a0?\u00a0: g\u00e9p\u00e9sz. \u2013 B\u00e9csben tanulta a d\u00edszk\u00fatak, sz\u00f6k\u0151kutak \u00e9p\u00edt\u00e9s\u00e9t. A mv.-i Bodor-k\u00fat \u00e9p\u00edt\u0151je, az \u0151 ir\u00e1ny\u00edt\u00e1s\u00e1val \u00e9p\u00fclt meg a sz\u00f6k\u00f6k\u00fat (1800). Irod.: Orb\u00e1n J\u00e1nos: Hasznoss\u00e1g \u00e9s sz\u00e9ps\u00e9g hat\u00e1r\u00e1n. K\u00f6zkutak Mv.-en a 19. sz\u00e1zad els\u0151 fel\u00e9ben = Liber discipulorum; P\u00e1l-Antal 2009; P\u00e1l-Antal 2013<\/p>\n","protected":false},"featured_media":0,"comment_status":"open","ping_status":"closed","template":"","meta":[],"product_brand":[],"product_cat":[137],"product_tag":[],"class_list":{"0":"post-10317","1":"product","2":"type-product","3":"status-publish","5":"product_cat-maros-megyei-eletrajzi-lexikon","7":"first","8":"instock","9":"shipping-taxable","10":"product-type-simple"},"_links":{"self":[{"href":"https:\/\/uj.adatbank.ro\/lexikon\/wp-json\/wp\/v2\/product\/10317","targetHints":{"allow":["GET"]}}],"collection":[{"href":"https:\/\/uj.adatbank.ro\/lexikon\/wp-json\/wp\/v2\/product"}],"about":[{"href":"https:\/\/uj.adatbank.ro\/lexikon\/wp-json\/wp\/v2\/types\/product"}],"replies":[{"embeddable":true,"href":"https:\/\/uj.adatbank.ro\/lexikon\/wp-json\/wp\/v2\/comments?post=10317"}],"wp:attachment":[{"href":"https:\/\/uj.adatbank.ro\/lexikon\/wp-json\/wp\/v2\/media?parent=10317"}],"wp:term":[{"taxonomy":"product_brand","embeddable":true,"href":"https:\/\/uj.adatbank.ro\/lexikon\/wp-json\/wp\/v2\/product_brand?post=10317"},{"taxonomy":"product_cat","embeddable":true,"href":"https:\/\/uj.adatbank.ro\/lexikon\/wp-json\/wp\/v2\/product_cat?post=10317"},{"taxonomy":"product_tag","embeddable":true,"href":"https:\/\/uj.adatbank.ro\/lexikon\/wp-json\/wp\/v2\/product_tag?post=10317"}],"curies":[{"name":"wp","href":"https:\/\/api.w.org\/{rel}","templated":true}]}}