{"id":10318,"date":"2025-06-29T13:16:01","date_gmt":"2025-06-29T11:16:01","guid":{"rendered":"https:\/\/uj.adatbank.ro\/lexikon\/termek\/illyes-lorinc\/"},"modified":"2025-06-29T13:16:01","modified_gmt":"2025-06-29T11:16:01","slug":"illyes-lorinc","status":"publish","type":"product","link":"https:\/\/uj.adatbank.ro\/lexikon\/termek\/illyes-lorinc\/","title":{"rendered":"ILLY\u00c9S L\u0151rinc"},"content":{"rendered":"<p>1861.? \u2020 Mv., 1915. \u00e1pr. 25.: kuriai b\u00edr\u00f3. \u2013 Testv\u00e9rei: I. P\u00e9ter, feles\u00e9ge Amerein Ida; Ida Papp M\u00f3zesn\u00e9; Anna Mezei \u00c1rp\u00e1dn\u00e9. Feles\u00e9ge: Csiky Ida. Gyermekeik: Andor, Piroska, Lajos (Mv., 1898. dec. 23. -Mv., 1986. \u00e1pr. 9), R\u00f3zsika (1902.?- Mv., 1918. m\u00e1j. 3.), Lilike. \u2013 Mv.-en vill\u00e1t \u00e9p\u00edtettek a Tisztvisel\u0151telepen, itt temett\u00e9k el. A kisebbik fi\u00fa, Lajos gy\u00f3gyszer\u00e9sz lett, l\u00e1nya Illy\u00e9s Kinga. A Mv.-i Kaszin\u00f3 v\u00e1lasztm\u00e1nyi tagja, titk\u00e1ra (1896\u20131902). <br \/><strong>Irod.:<\/strong> Bi\u00e1s Istv\u00e1n; Gy\u00e1szjelent\u0151; Sipos<\/br><\/p>\n","protected":false},"excerpt":{"rendered":"<p>1861.? \u2020 Mv., 1915. \u00e1pr. 25.: kuriai b\u00edr\u00f3. \u2013 Testv\u00e9rei: I. P\u00e9ter, feles\u00e9ge Amerein Ida; Ida Papp M\u00f3zesn\u00e9; Anna Mezei \u00c1rp\u00e1dn\u00e9. Feles\u00e9ge: Csiky Ida. Gyermekeik: Andor, Piroska, Lajos (Mv., 1898. dec. 23. -Mv., 1986. \u00e1pr. 9), R\u00f3zsika (1902.?- Mv., 1918. m\u00e1j. 3.), Lilike. \u2013 Mv.-en vill\u00e1t \u00e9p\u00edtettek a Tisztvisel\u0151telepen, itt temett\u00e9k el. A kisebbik fi\u00fa, [&hellip;]<\/p>\n","protected":false},"featured_media":0,"comment_status":"open","ping_status":"closed","template":"","meta":[],"product_brand":[],"product_cat":[137],"product_tag":[],"class_list":{"0":"post-10318","1":"product","2":"type-product","3":"status-publish","5":"product_cat-maros-megyei-eletrajzi-lexikon","7":"first","8":"instock","9":"shipping-taxable","10":"product-type-simple"},"_links":{"self":[{"href":"https:\/\/uj.adatbank.ro\/lexikon\/wp-json\/wp\/v2\/product\/10318","targetHints":{"allow":["GET"]}}],"collection":[{"href":"https:\/\/uj.adatbank.ro\/lexikon\/wp-json\/wp\/v2\/product"}],"about":[{"href":"https:\/\/uj.adatbank.ro\/lexikon\/wp-json\/wp\/v2\/types\/product"}],"replies":[{"embeddable":true,"href":"https:\/\/uj.adatbank.ro\/lexikon\/wp-json\/wp\/v2\/comments?post=10318"}],"wp:attachment":[{"href":"https:\/\/uj.adatbank.ro\/lexikon\/wp-json\/wp\/v2\/media?parent=10318"}],"wp:term":[{"taxonomy":"product_brand","embeddable":true,"href":"https:\/\/uj.adatbank.ro\/lexikon\/wp-json\/wp\/v2\/product_brand?post=10318"},{"taxonomy":"product_cat","embeddable":true,"href":"https:\/\/uj.adatbank.ro\/lexikon\/wp-json\/wp\/v2\/product_cat?post=10318"},{"taxonomy":"product_tag","embeddable":true,"href":"https:\/\/uj.adatbank.ro\/lexikon\/wp-json\/wp\/v2\/product_tag?post=10318"}],"curies":[{"name":"wp","href":"https:\/\/api.w.org\/{rel}","templated":true}]}}