{"id":10319,"date":"2025-06-29T13:16:02","date_gmt":"2025-06-29T11:16:02","guid":{"rendered":"https:\/\/uj.adatbank.ro\/lexikon\/termek\/illyes-lukacs\/"},"modified":"2025-06-29T13:16:02","modified_gmt":"2025-06-29T11:16:02","slug":"illyes-lukacs","status":"publish","type":"product","link":"https:\/\/uj.adatbank.ro\/lexikon\/termek\/illyes-lukacs\/","title":{"rendered":"ILLY\u00c9S Luk\u00e1cs"},"content":{"rendered":"<p>? \u2020\u00a0?: nemes. \u2013 Kisb\u00fani csal\u00e1d tagja. Nemeslevelet R\u00e1k\u00f3czi Gy\u00f6rgyt\u0151l nyert (1658. aug. 7.). <br \/><strong>Irod.:<\/strong> Kempelen<\/br><\/p>\n","protected":false},"excerpt":{"rendered":"<p>? \u2020\u00a0?: nemes. \u2013 Kisb\u00fani csal\u00e1d tagja. Nemeslevelet R\u00e1k\u00f3czi Gy\u00f6rgyt\u0151l nyert (1658. aug. 7.). Irod.: Kempelen<\/p>\n","protected":false},"featured_media":0,"comment_status":"open","ping_status":"closed","template":"","meta":[],"product_brand":[],"product_cat":[137],"product_tag":[],"class_list":{"0":"post-10319","1":"product","2":"type-product","3":"status-publish","5":"product_cat-maros-megyei-eletrajzi-lexikon","7":"first","8":"instock","9":"shipping-taxable","10":"product-type-simple"},"_links":{"self":[{"href":"https:\/\/uj.adatbank.ro\/lexikon\/wp-json\/wp\/v2\/product\/10319","targetHints":{"allow":["GET"]}}],"collection":[{"href":"https:\/\/uj.adatbank.ro\/lexikon\/wp-json\/wp\/v2\/product"}],"about":[{"href":"https:\/\/uj.adatbank.ro\/lexikon\/wp-json\/wp\/v2\/types\/product"}],"replies":[{"embeddable":true,"href":"https:\/\/uj.adatbank.ro\/lexikon\/wp-json\/wp\/v2\/comments?post=10319"}],"wp:attachment":[{"href":"https:\/\/uj.adatbank.ro\/lexikon\/wp-json\/wp\/v2\/media?parent=10319"}],"wp:term":[{"taxonomy":"product_brand","embeddable":true,"href":"https:\/\/uj.adatbank.ro\/lexikon\/wp-json\/wp\/v2\/product_brand?post=10319"},{"taxonomy":"product_cat","embeddable":true,"href":"https:\/\/uj.adatbank.ro\/lexikon\/wp-json\/wp\/v2\/product_cat?post=10319"},{"taxonomy":"product_tag","embeddable":true,"href":"https:\/\/uj.adatbank.ro\/lexikon\/wp-json\/wp\/v2\/product_tag?post=10319"}],"curies":[{"name":"wp","href":"https:\/\/api.w.org\/{rel}","templated":true}]}}