{"id":10320,"date":"2025-06-29T13:16:04","date_gmt":"2025-06-29T11:16:04","guid":{"rendered":"https:\/\/uj.adatbank.ro\/lexikon\/termek\/illyes-mihaly-sovaradi\/"},"modified":"2025-06-29T13:16:04","modified_gmt":"2025-06-29T11:16:04","slug":"illyes-mihaly-sovaradi","status":"publish","type":"product","link":"https:\/\/uj.adatbank.ro\/lexikon\/termek\/illyes-mihaly-sovaradi\/","title":{"rendered":"ILLY\u00c9S Mih\u00e1ly, s\u00f3v\u00e1radi"},"content":{"rendered":"<p>? \u2020 ? : nemes. &#8211; A csal\u00e1db\u00f3l els\u0151nek B\u00e1thory G\u00e1bort\u00f3l nyert c\u00edmeres nemeslevelet, gyalogoss\u00e1got (1608. j\u00fan. 10.). <br \/><strong>Irod.:<\/strong> Kempelen; P\u00e1lmay<\/br><\/p>\n","protected":false},"excerpt":{"rendered":"<p>? \u2020 ? : nemes. &#8211; A csal\u00e1db\u00f3l els\u0151nek B\u00e1thory G\u00e1bort\u00f3l nyert c\u00edmeres nemeslevelet, gyalogoss\u00e1got (1608. j\u00fan. 10.). Irod.: Kempelen; P\u00e1lmay<\/p>\n","protected":false},"featured_media":0,"comment_status":"open","ping_status":"closed","template":"","meta":[],"product_brand":[],"product_cat":[137],"product_tag":[],"class_list":{"0":"post-10320","1":"product","2":"type-product","3":"status-publish","5":"product_cat-maros-megyei-eletrajzi-lexikon","7":"first","8":"instock","9":"shipping-taxable","10":"product-type-simple"},"_links":{"self":[{"href":"https:\/\/uj.adatbank.ro\/lexikon\/wp-json\/wp\/v2\/product\/10320","targetHints":{"allow":["GET"]}}],"collection":[{"href":"https:\/\/uj.adatbank.ro\/lexikon\/wp-json\/wp\/v2\/product"}],"about":[{"href":"https:\/\/uj.adatbank.ro\/lexikon\/wp-json\/wp\/v2\/types\/product"}],"replies":[{"embeddable":true,"href":"https:\/\/uj.adatbank.ro\/lexikon\/wp-json\/wp\/v2\/comments?post=10320"}],"wp:attachment":[{"href":"https:\/\/uj.adatbank.ro\/lexikon\/wp-json\/wp\/v2\/media?parent=10320"}],"wp:term":[{"taxonomy":"product_brand","embeddable":true,"href":"https:\/\/uj.adatbank.ro\/lexikon\/wp-json\/wp\/v2\/product_brand?post=10320"},{"taxonomy":"product_cat","embeddable":true,"href":"https:\/\/uj.adatbank.ro\/lexikon\/wp-json\/wp\/v2\/product_cat?post=10320"},{"taxonomy":"product_tag","embeddable":true,"href":"https:\/\/uj.adatbank.ro\/lexikon\/wp-json\/wp\/v2\/product_tag?post=10320"}],"curies":[{"name":"wp","href":"https:\/\/api.w.org\/{rel}","templated":true}]}}