{"id":10321,"date":"2025-06-29T13:16:05","date_gmt":"2025-06-29T11:16:05","guid":{"rendered":"https:\/\/uj.adatbank.ro\/lexikon\/termek\/illyes-sandor-sofalvi\/"},"modified":"2025-06-29T13:16:05","modified_gmt":"2025-06-29T11:16:05","slug":"illyes-sandor-sofalvi","status":"publish","type":"product","link":"https:\/\/uj.adatbank.ro\/lexikon\/termek\/illyes-sandor-sofalvi\/","title":{"rendered":"ILLY\u00c9S S\u00e1ndor, s\u00f3falvi"},"content":{"rendered":"<p>1837., \u2020\u00a0Sz\u00e9kes, 1894. j\u00fan. 10.: j\u00e1r\u00e1sb\u00edr\u00f3. \u2013 Feles\u00e9ge: D\u00f3sa Anna. Gyermekeik: K\u00e1lm\u00e1n, S\u00e1ndor, Margit, G\u00e1briella, J\u00e1nos, Istv\u00e1n (1870.? \u2013 Mez\u0151b\u00e1nd, 1883. \u00e1pr. 19. Sz\u00e9kesen temett\u00e9k). \u2013 Mez\u0151b\u00e1ndi kir. j\u00e1r\u00e1sb\u00edr\u00f3. <br \/><strong>Irod.:<\/strong> Gy\u00e1szjelent\u0151<\/br><\/p>\n","protected":false},"excerpt":{"rendered":"<p>1837., \u2020\u00a0Sz\u00e9kes, 1894. j\u00fan. 10.: j\u00e1r\u00e1sb\u00edr\u00f3. \u2013 Feles\u00e9ge: D\u00f3sa Anna. Gyermekeik: K\u00e1lm\u00e1n, S\u00e1ndor, Margit, G\u00e1briella, J\u00e1nos, Istv\u00e1n (1870.? \u2013 Mez\u0151b\u00e1nd, 1883. \u00e1pr. 19. Sz\u00e9kesen temett\u00e9k). \u2013 Mez\u0151b\u00e1ndi kir. j\u00e1r\u00e1sb\u00edr\u00f3. Irod.: Gy\u00e1szjelent\u0151<\/p>\n","protected":false},"featured_media":0,"comment_status":"open","ping_status":"closed","template":"","meta":[],"product_brand":[],"product_cat":[137],"product_tag":[],"class_list":{"0":"post-10321","1":"product","2":"type-product","3":"status-publish","5":"product_cat-maros-megyei-eletrajzi-lexikon","7":"first","8":"instock","9":"shipping-taxable","10":"product-type-simple"},"_links":{"self":[{"href":"https:\/\/uj.adatbank.ro\/lexikon\/wp-json\/wp\/v2\/product\/10321","targetHints":{"allow":["GET"]}}],"collection":[{"href":"https:\/\/uj.adatbank.ro\/lexikon\/wp-json\/wp\/v2\/product"}],"about":[{"href":"https:\/\/uj.adatbank.ro\/lexikon\/wp-json\/wp\/v2\/types\/product"}],"replies":[{"embeddable":true,"href":"https:\/\/uj.adatbank.ro\/lexikon\/wp-json\/wp\/v2\/comments?post=10321"}],"wp:attachment":[{"href":"https:\/\/uj.adatbank.ro\/lexikon\/wp-json\/wp\/v2\/media?parent=10321"}],"wp:term":[{"taxonomy":"product_brand","embeddable":true,"href":"https:\/\/uj.adatbank.ro\/lexikon\/wp-json\/wp\/v2\/product_brand?post=10321"},{"taxonomy":"product_cat","embeddable":true,"href":"https:\/\/uj.adatbank.ro\/lexikon\/wp-json\/wp\/v2\/product_cat?post=10321"},{"taxonomy":"product_tag","embeddable":true,"href":"https:\/\/uj.adatbank.ro\/lexikon\/wp-json\/wp\/v2\/product_tag?post=10321"}],"curies":[{"name":"wp","href":"https:\/\/api.w.org\/{rel}","templated":true}]}}