{"id":10326,"date":"2025-06-29T13:16:15","date_gmt":"2025-06-29T11:16:15","guid":{"rendered":"https:\/\/uj.adatbank.ro\/lexikon\/termek\/ilyefalvi-janos\/"},"modified":"2025-06-29T13:16:15","modified_gmt":"2025-06-29T11:16:15","slug":"ilyefalvi-janos","status":"publish","type":"product","link":"https:\/\/uj.adatbank.ro\/lexikon\/termek\/ilyefalvi-janos\/","title":{"rendered":"ILYEFALVI J\u00e1nos"},"content":{"rendered":"<p>? \u2020\u00a0? : unit. lelk\u00e9sz. \u2013 Torn\u00e1n az Unit Gimn\u00e1ziumban k\u00f6ztan\u00edt\u00f3 (1743\u201345), Sz\u00e9plakon k\u00e1ntor majd Sz\u0151kefalv\u00e1n m\u0171k\u00f6d\u00f6tt (1747\u201353). <br \/><strong>Irod.:<\/strong> Nagy L\u00e1szl\u00f3; Varga D\u00e9nes. A Tordai Unit\u00e1rius Gimn\u00e1zium t\u00f6rt\u00e9nete (Torda, 1907)<\/br><\/p>\n","protected":false},"excerpt":{"rendered":"<p>? \u2020\u00a0? : unit. lelk\u00e9sz. \u2013 Torn\u00e1n az Unit Gimn\u00e1ziumban k\u00f6ztan\u00edt\u00f3 (1743\u201345), Sz\u00e9plakon k\u00e1ntor majd Sz\u0151kefalv\u00e1n m\u0171k\u00f6d\u00f6tt (1747\u201353). Irod.: Nagy L\u00e1szl\u00f3; Varga D\u00e9nes. A Tordai Unit\u00e1rius Gimn\u00e1zium t\u00f6rt\u00e9nete (Torda, 1907)<\/p>\n","protected":false},"featured_media":0,"comment_status":"open","ping_status":"closed","template":"","meta":[],"product_brand":[],"product_cat":[137],"product_tag":[],"class_list":{"0":"post-10326","1":"product","2":"type-product","3":"status-publish","5":"product_cat-maros-megyei-eletrajzi-lexikon","7":"first","8":"instock","9":"shipping-taxable","10":"product-type-simple"},"_links":{"self":[{"href":"https:\/\/uj.adatbank.ro\/lexikon\/wp-json\/wp\/v2\/product\/10326","targetHints":{"allow":["GET"]}}],"collection":[{"href":"https:\/\/uj.adatbank.ro\/lexikon\/wp-json\/wp\/v2\/product"}],"about":[{"href":"https:\/\/uj.adatbank.ro\/lexikon\/wp-json\/wp\/v2\/types\/product"}],"replies":[{"embeddable":true,"href":"https:\/\/uj.adatbank.ro\/lexikon\/wp-json\/wp\/v2\/comments?post=10326"}],"wp:attachment":[{"href":"https:\/\/uj.adatbank.ro\/lexikon\/wp-json\/wp\/v2\/media?parent=10326"}],"wp:term":[{"taxonomy":"product_brand","embeddable":true,"href":"https:\/\/uj.adatbank.ro\/lexikon\/wp-json\/wp\/v2\/product_brand?post=10326"},{"taxonomy":"product_cat","embeddable":true,"href":"https:\/\/uj.adatbank.ro\/lexikon\/wp-json\/wp\/v2\/product_cat?post=10326"},{"taxonomy":"product_tag","embeddable":true,"href":"https:\/\/uj.adatbank.ro\/lexikon\/wp-json\/wp\/v2\/product_tag?post=10326"}],"curies":[{"name":"wp","href":"https:\/\/api.w.org\/{rel}","templated":true}]}}