{"id":10329,"date":"2025-06-29T13:16:23","date_gmt":"2025-06-29T11:16:23","guid":{"rendered":"https:\/\/uj.adatbank.ro\/lexikon\/termek\/ilyes-janos-parajdi-ijes\/"},"modified":"2025-06-29T13:16:23","modified_gmt":"2025-06-29T11:16:23","slug":"ilyes-janos-parajdi-ijes","status":"publish","type":"product","link":"https:\/\/uj.adatbank.ro\/lexikon\/termek\/ilyes-janos-parajdi-ijes\/","title":{"rendered":"ILY\u00c9S J\u00e1nos, parajdi; Ij\u00e9s"},"content":{"rendered":"<p>? \u2020\u00a0?: fest\u0151, asztalos. \u2013 \u0150 festette a tancsi (1676), p\u00f3kai (1666) \u00e9s a ny\u00e1r\u00e1dszentimrei templomokat. A tancsi menyezet k\u00e9pei ma is l\u00e1that\u00f3k, a ny\u00e1r\u00e1dszentimreit Orb\u00e1n Bal\u00e1zs le\u00edr\u00e1s\u00e1b\u00f3l ismerj\u00fck. Keresett fest\u0151 lehetett mert a t\u00e1volabbi Alm\u00e1sm\u00e1lom templom\u00e1nak is \u0151 k\u00e9sz\u00edtette a mennyezet\u00e9t. <br \/><strong>Irod.:<\/strong> P\u00e9terfy 2005<\/br><\/p>\n","protected":false},"excerpt":{"rendered":"<p>? \u2020\u00a0?: fest\u0151, asztalos. \u2013 \u0150 festette a tancsi (1676), p\u00f3kai (1666) \u00e9s a ny\u00e1r\u00e1dszentimrei templomokat. A tancsi menyezet k\u00e9pei ma is l\u00e1that\u00f3k, a ny\u00e1r\u00e1dszentimreit Orb\u00e1n Bal\u00e1zs le\u00edr\u00e1s\u00e1b\u00f3l ismerj\u00fck. Keresett fest\u0151 lehetett mert a t\u00e1volabbi Alm\u00e1sm\u00e1lom templom\u00e1nak is \u0151 k\u00e9sz\u00edtette a mennyezet\u00e9t. Irod.: P\u00e9terfy 2005<\/p>\n","protected":false},"featured_media":0,"comment_status":"open","ping_status":"closed","template":"","meta":[],"product_brand":[],"product_cat":[137],"product_tag":[],"class_list":{"0":"post-10329","1":"product","2":"type-product","3":"status-publish","5":"product_cat-maros-megyei-eletrajzi-lexikon","7":"first","8":"instock","9":"shipping-taxable","10":"product-type-simple"},"_links":{"self":[{"href":"https:\/\/uj.adatbank.ro\/lexikon\/wp-json\/wp\/v2\/product\/10329","targetHints":{"allow":["GET"]}}],"collection":[{"href":"https:\/\/uj.adatbank.ro\/lexikon\/wp-json\/wp\/v2\/product"}],"about":[{"href":"https:\/\/uj.adatbank.ro\/lexikon\/wp-json\/wp\/v2\/types\/product"}],"replies":[{"embeddable":true,"href":"https:\/\/uj.adatbank.ro\/lexikon\/wp-json\/wp\/v2\/comments?post=10329"}],"wp:attachment":[{"href":"https:\/\/uj.adatbank.ro\/lexikon\/wp-json\/wp\/v2\/media?parent=10329"}],"wp:term":[{"taxonomy":"product_brand","embeddable":true,"href":"https:\/\/uj.adatbank.ro\/lexikon\/wp-json\/wp\/v2\/product_brand?post=10329"},{"taxonomy":"product_cat","embeddable":true,"href":"https:\/\/uj.adatbank.ro\/lexikon\/wp-json\/wp\/v2\/product_cat?post=10329"},{"taxonomy":"product_tag","embeddable":true,"href":"https:\/\/uj.adatbank.ro\/lexikon\/wp-json\/wp\/v2\/product_tag?post=10329"}],"curies":[{"name":"wp","href":"https:\/\/api.w.org\/{rel}","templated":true}]}}