{"id":10335,"date":"2025-06-29T13:16:36","date_gmt":"2025-06-29T11:16:36","guid":{"rendered":"https:\/\/uj.adatbank.ro\/lexikon\/termek\/imecs-julianna\/"},"modified":"2025-06-29T13:16:36","modified_gmt":"2025-06-29T11:16:36","slug":"imecs-julianna","status":"publish","type":"product","link":"https:\/\/uj.adatbank.ro\/lexikon\/termek\/imecs-julianna\/","title":{"rendered":"IMECS Julianna"},"content":{"rendered":"<p>Segesv\u00e1r, 1912. dec. 26. \u2020\u00a0?: tisztvisel\u0151. \u2013 Tisztvisel\u0151 Sz\u00e9kelykereszt\u00faron. Letart\u00f3ztatt\u00e1k (1958. j\u00fan. 11.) Mikulich Tibor gy\u00f3gyszer\u00e9sz, sz\u00f6k\u00e9sben l\u00e9v\u0151 h\u00e1bor\u00fas b\u0171n\u00f6s rejteget\u00e9se v\u00e1dj\u00e1val. <br \/><strong>Irod.:<\/strong> 1956 Erd\u00e9lyben<\/br><\/p>\n","protected":false},"excerpt":{"rendered":"<p>Segesv\u00e1r, 1912. dec. 26. \u2020\u00a0?: tisztvisel\u0151. \u2013 Tisztvisel\u0151 Sz\u00e9kelykereszt\u00faron. Letart\u00f3ztatt\u00e1k (1958. j\u00fan. 11.) Mikulich Tibor gy\u00f3gyszer\u00e9sz, sz\u00f6k\u00e9sben l\u00e9v\u0151 h\u00e1bor\u00fas b\u0171n\u00f6s rejteget\u00e9se v\u00e1dj\u00e1val. Irod.: 1956 Erd\u00e9lyben<\/p>\n","protected":false},"featured_media":0,"comment_status":"open","ping_status":"closed","template":"","meta":[],"product_brand":[],"product_cat":[137],"product_tag":[],"class_list":{"0":"post-10335","1":"product","2":"type-product","3":"status-publish","5":"product_cat-maros-megyei-eletrajzi-lexikon","7":"first","8":"instock","9":"shipping-taxable","10":"product-type-simple"},"_links":{"self":[{"href":"https:\/\/uj.adatbank.ro\/lexikon\/wp-json\/wp\/v2\/product\/10335","targetHints":{"allow":["GET"]}}],"collection":[{"href":"https:\/\/uj.adatbank.ro\/lexikon\/wp-json\/wp\/v2\/product"}],"about":[{"href":"https:\/\/uj.adatbank.ro\/lexikon\/wp-json\/wp\/v2\/types\/product"}],"replies":[{"embeddable":true,"href":"https:\/\/uj.adatbank.ro\/lexikon\/wp-json\/wp\/v2\/comments?post=10335"}],"wp:attachment":[{"href":"https:\/\/uj.adatbank.ro\/lexikon\/wp-json\/wp\/v2\/media?parent=10335"}],"wp:term":[{"taxonomy":"product_brand","embeddable":true,"href":"https:\/\/uj.adatbank.ro\/lexikon\/wp-json\/wp\/v2\/product_brand?post=10335"},{"taxonomy":"product_cat","embeddable":true,"href":"https:\/\/uj.adatbank.ro\/lexikon\/wp-json\/wp\/v2\/product_cat?post=10335"},{"taxonomy":"product_tag","embeddable":true,"href":"https:\/\/uj.adatbank.ro\/lexikon\/wp-json\/wp\/v2\/product_tag?post=10335"}],"curies":[{"name":"wp","href":"https:\/\/api.w.org\/{rel}","templated":true}]}}