{"id":10340,"date":"2025-06-29T13:16:46","date_gmt":"2025-06-29T11:16:46","guid":{"rendered":"https:\/\/uj.adatbank.ro\/lexikon\/termek\/imotai-bertalan-p\/"},"modified":"2025-06-29T13:16:46","modified_gmt":"2025-06-29T11:16:46","slug":"imotai-bertalan-p","status":"publish","type":"product","link":"https:\/\/uj.adatbank.ro\/lexikon\/termek\/imotai-bertalan-p\/","title":{"rendered":"IMOTAI Bertalan, P."},"content":{"rendered":"<p>? \u2020 Mikh\u00e1za, 1658. okt. 28.: r. k. szerzetes. \u2013 A bosnya argentiniai Provinci\u00e1b\u00f3l j\u00f6tt. H\u00e1zf\u0151n\u00f6k Mikh\u00e1z\u00e1n (1650\u2013). <br \/><strong>Irod.:<\/strong> Gy\u00f6rgy: A ferencrendiek<\/br><\/p>\n","protected":false},"excerpt":{"rendered":"<p>? \u2020 Mikh\u00e1za, 1658. okt. 28.: r. k. szerzetes. \u2013 A bosnya argentiniai Provinci\u00e1b\u00f3l j\u00f6tt. H\u00e1zf\u0151n\u00f6k Mikh\u00e1z\u00e1n (1650\u2013). Irod.: Gy\u00f6rgy: A ferencrendiek<\/p>\n","protected":false},"featured_media":0,"comment_status":"open","ping_status":"closed","template":"","meta":[],"product_brand":[],"product_cat":[137],"product_tag":[],"class_list":{"0":"post-10340","1":"product","2":"type-product","3":"status-publish","5":"product_cat-maros-megyei-eletrajzi-lexikon","7":"first","8":"instock","9":"shipping-taxable","10":"product-type-simple"},"_links":{"self":[{"href":"https:\/\/uj.adatbank.ro\/lexikon\/wp-json\/wp\/v2\/product\/10340","targetHints":{"allow":["GET"]}}],"collection":[{"href":"https:\/\/uj.adatbank.ro\/lexikon\/wp-json\/wp\/v2\/product"}],"about":[{"href":"https:\/\/uj.adatbank.ro\/lexikon\/wp-json\/wp\/v2\/types\/product"}],"replies":[{"embeddable":true,"href":"https:\/\/uj.adatbank.ro\/lexikon\/wp-json\/wp\/v2\/comments?post=10340"}],"wp:attachment":[{"href":"https:\/\/uj.adatbank.ro\/lexikon\/wp-json\/wp\/v2\/media?parent=10340"}],"wp:term":[{"taxonomy":"product_brand","embeddable":true,"href":"https:\/\/uj.adatbank.ro\/lexikon\/wp-json\/wp\/v2\/product_brand?post=10340"},{"taxonomy":"product_cat","embeddable":true,"href":"https:\/\/uj.adatbank.ro\/lexikon\/wp-json\/wp\/v2\/product_cat?post=10340"},{"taxonomy":"product_tag","embeddable":true,"href":"https:\/\/uj.adatbank.ro\/lexikon\/wp-json\/wp\/v2\/product_tag?post=10340"}],"curies":[{"name":"wp","href":"https:\/\/api.w.org\/{rel}","templated":true}]}}