{"id":10349,"date":"2025-06-29T13:16:59","date_gmt":"2025-06-29T11:16:59","guid":{"rendered":"https:\/\/uj.adatbank.ro\/lexikon\/termek\/imre-ferenc-imreh-ferenc\/"},"modified":"2025-06-29T13:16:59","modified_gmt":"2025-06-29T11:16:59","slug":"imre-ferenc-imreh-ferenc","status":"publish","type":"product","link":"https:\/\/uj.adatbank.ro\/lexikon\/termek\/imre-ferenc-imreh-ferenc\/","title":{"rendered":"IMRE Ferenc, Imreh Ferenc"},"content":{"rendered":"<p>Cs\u00edkmadaras, 1853., \u2020 Ny\u00e1r\u00e1dremete, 1926.: tan\u00edt\u00f3. \u2013 A cs\u00edksomly\u00f3i tan\u00edt\u00f3- \u00e9s k\u00e1ntork\u00e9pz\u0151 v\u00e9gzettje. Ny\u00e1r\u00e1dremet\u00e9n tan\u00edtott (1876\u20131926). Meghonos\u00edtotta a faluban a gy\u00fcm\u00f6lcsfa-nemes\u00edt\u00e9st, \u00e9s nev\u00e9hez f\u0171z\u0151dik az els\u0151 remetei faiskola alap\u00edt\u00e1sa, mely egykor a mai orvosi rendel\u0151 hely\u00e9n \u00e1llott. <br \/><strong>Irod.:<\/strong> EM; Eremitu-Ny\u00e1r\u00e1dremete; Kakucs: Ny\u00e1r\u00e1dremete; <\/br><\/p>\n","protected":false},"excerpt":{"rendered":"<p>Cs\u00edkmadaras, 1853., \u2020 Ny\u00e1r\u00e1dremete, 1926.: tan\u00edt\u00f3. \u2013 A cs\u00edksomly\u00f3i tan\u00edt\u00f3- \u00e9s k\u00e1ntork\u00e9pz\u0151 v\u00e9gzettje. Ny\u00e1r\u00e1dremet\u00e9n tan\u00edtott (1876\u20131926). Meghonos\u00edtotta a faluban a gy\u00fcm\u00f6lcsfa-nemes\u00edt\u00e9st, \u00e9s nev\u00e9hez f\u0171z\u0151dik az els\u0151 remetei faiskola alap\u00edt\u00e1sa, mely egykor a mai orvosi rendel\u0151 hely\u00e9n \u00e1llott. Irod.: EM; Eremitu-Ny\u00e1r\u00e1dremete; Kakucs: Ny\u00e1r\u00e1dremete;<\/p>\n","protected":false},"featured_media":0,"comment_status":"open","ping_status":"closed","template":"","meta":[],"product_brand":[],"product_cat":[137],"product_tag":[],"class_list":{"0":"post-10349","1":"product","2":"type-product","3":"status-publish","5":"product_cat-maros-megyei-eletrajzi-lexikon","7":"first","8":"instock","9":"shipping-taxable","10":"product-type-simple"},"_links":{"self":[{"href":"https:\/\/uj.adatbank.ro\/lexikon\/wp-json\/wp\/v2\/product\/10349","targetHints":{"allow":["GET"]}}],"collection":[{"href":"https:\/\/uj.adatbank.ro\/lexikon\/wp-json\/wp\/v2\/product"}],"about":[{"href":"https:\/\/uj.adatbank.ro\/lexikon\/wp-json\/wp\/v2\/types\/product"}],"replies":[{"embeddable":true,"href":"https:\/\/uj.adatbank.ro\/lexikon\/wp-json\/wp\/v2\/comments?post=10349"}],"wp:attachment":[{"href":"https:\/\/uj.adatbank.ro\/lexikon\/wp-json\/wp\/v2\/media?parent=10349"}],"wp:term":[{"taxonomy":"product_brand","embeddable":true,"href":"https:\/\/uj.adatbank.ro\/lexikon\/wp-json\/wp\/v2\/product_brand?post=10349"},{"taxonomy":"product_cat","embeddable":true,"href":"https:\/\/uj.adatbank.ro\/lexikon\/wp-json\/wp\/v2\/product_cat?post=10349"},{"taxonomy":"product_tag","embeddable":true,"href":"https:\/\/uj.adatbank.ro\/lexikon\/wp-json\/wp\/v2\/product_tag?post=10349"}],"curies":[{"name":"wp","href":"https:\/\/api.w.org\/{rel}","templated":true}]}}