{"id":10351,"date":"2025-06-29T13:17:03","date_gmt":"2025-06-29T11:17:03","guid":{"rendered":"https:\/\/uj.adatbank.ro\/lexikon\/termek\/imre-jozsef\/"},"modified":"2025-06-29T13:17:03","modified_gmt":"2025-06-29T11:17:03","slug":"imre-jozsef","status":"publish","type":"product","link":"https:\/\/uj.adatbank.ro\/lexikon\/termek\/imre-jozsef\/","title":{"rendered":"IMRE J\u00f3zsef"},"content":{"rendered":"<p>Radn\u00f3t, 1892, \u2020 ? : tan\u00edt\u00f3. \u2013 \u00c1ll. iskolai tan\u00edt\u00f3 Mv.-en. T\u00e9nyleges katonai szolg\u00e1latra vonult be (1913), majd r\u00e9szt vett az I. vh. -ban (1914\u201318), az orosz fronton harcolt, fogs\u00e1gba esett, mint hadnagy szerelt le kit\u00fcntet\u00e9ssel. <br \/><strong>Irod.:<\/strong> Erd\u00e9lyi ezredek<\/br><\/p>\n","protected":false},"excerpt":{"rendered":"<p>Radn\u00f3t, 1892, \u2020 ? : tan\u00edt\u00f3. \u2013 \u00c1ll. iskolai tan\u00edt\u00f3 Mv.-en. T\u00e9nyleges katonai szolg\u00e1latra vonult be (1913), majd r\u00e9szt vett az I. vh. -ban (1914\u201318), az orosz fronton harcolt, fogs\u00e1gba esett, mint hadnagy szerelt le kit\u00fcntet\u00e9ssel. Irod.: Erd\u00e9lyi ezredek<\/p>\n","protected":false},"featured_media":0,"comment_status":"open","ping_status":"closed","template":"","meta":[],"product_brand":[],"product_cat":[137],"product_tag":[],"class_list":{"0":"post-10351","1":"product","2":"type-product","3":"status-publish","5":"product_cat-maros-megyei-eletrajzi-lexikon","7":"first","8":"instock","9":"shipping-taxable","10":"product-type-simple"},"_links":{"self":[{"href":"https:\/\/uj.adatbank.ro\/lexikon\/wp-json\/wp\/v2\/product\/10351","targetHints":{"allow":["GET"]}}],"collection":[{"href":"https:\/\/uj.adatbank.ro\/lexikon\/wp-json\/wp\/v2\/product"}],"about":[{"href":"https:\/\/uj.adatbank.ro\/lexikon\/wp-json\/wp\/v2\/types\/product"}],"replies":[{"embeddable":true,"href":"https:\/\/uj.adatbank.ro\/lexikon\/wp-json\/wp\/v2\/comments?post=10351"}],"wp:attachment":[{"href":"https:\/\/uj.adatbank.ro\/lexikon\/wp-json\/wp\/v2\/media?parent=10351"}],"wp:term":[{"taxonomy":"product_brand","embeddable":true,"href":"https:\/\/uj.adatbank.ro\/lexikon\/wp-json\/wp\/v2\/product_brand?post=10351"},{"taxonomy":"product_cat","embeddable":true,"href":"https:\/\/uj.adatbank.ro\/lexikon\/wp-json\/wp\/v2\/product_cat?post=10351"},{"taxonomy":"product_tag","embeddable":true,"href":"https:\/\/uj.adatbank.ro\/lexikon\/wp-json\/wp\/v2\/product_tag?post=10351"}],"curies":[{"name":"wp","href":"https:\/\/api.w.org\/{rel}","templated":true}]}}