{"id":10352,"date":"2025-06-29T13:17:09","date_gmt":"2025-06-29T11:17:09","guid":{"rendered":"https:\/\/uj.adatbank.ro\/lexikon\/termek\/imre-lajos\/"},"modified":"2025-06-29T13:17:09","modified_gmt":"2025-06-29T11:17:09","slug":"imre-lajos","status":"publish","type":"product","link":"https:\/\/uj.adatbank.ro\/lexikon\/termek\/imre-lajos\/","title":{"rendered":"IMRE Lajos"},"content":{"rendered":"<p>Ny\u00e1r\u00e1dremete, 1885., \u2020 1915: tan\u00e1r. \u2013 Imre Ferenc tan\u00edt\u00f3 kisebbik fia. \u2013 A gyulafeh\u00e9rv\u00e1ri f\u0151gimn. tan\u00e1ra. A keleti fronton halt h\u0151si hal\u00e1lt. <br \/><strong>Irod.:<\/strong> Ny\u00e1r\u00e1dremete<\/br><\/p>\n","protected":false},"excerpt":{"rendered":"<p>Ny\u00e1r\u00e1dremete, 1885., \u2020 1915: tan\u00e1r. \u2013 Imre Ferenc tan\u00edt\u00f3 kisebbik fia. \u2013 A gyulafeh\u00e9rv\u00e1ri f\u0151gimn. tan\u00e1ra. A keleti fronton halt h\u0151si hal\u00e1lt. Irod.: Ny\u00e1r\u00e1dremete<\/p>\n","protected":false},"featured_media":0,"comment_status":"open","ping_status":"closed","template":"","meta":[],"product_brand":[],"product_cat":[137],"product_tag":[],"class_list":{"0":"post-10352","1":"product","2":"type-product","3":"status-publish","5":"product_cat-maros-megyei-eletrajzi-lexikon","7":"first","8":"instock","9":"shipping-taxable","10":"product-type-simple"},"_links":{"self":[{"href":"https:\/\/uj.adatbank.ro\/lexikon\/wp-json\/wp\/v2\/product\/10352","targetHints":{"allow":["GET"]}}],"collection":[{"href":"https:\/\/uj.adatbank.ro\/lexikon\/wp-json\/wp\/v2\/product"}],"about":[{"href":"https:\/\/uj.adatbank.ro\/lexikon\/wp-json\/wp\/v2\/types\/product"}],"replies":[{"embeddable":true,"href":"https:\/\/uj.adatbank.ro\/lexikon\/wp-json\/wp\/v2\/comments?post=10352"}],"wp:attachment":[{"href":"https:\/\/uj.adatbank.ro\/lexikon\/wp-json\/wp\/v2\/media?parent=10352"}],"wp:term":[{"taxonomy":"product_brand","embeddable":true,"href":"https:\/\/uj.adatbank.ro\/lexikon\/wp-json\/wp\/v2\/product_brand?post=10352"},{"taxonomy":"product_cat","embeddable":true,"href":"https:\/\/uj.adatbank.ro\/lexikon\/wp-json\/wp\/v2\/product_cat?post=10352"},{"taxonomy":"product_tag","embeddable":true,"href":"https:\/\/uj.adatbank.ro\/lexikon\/wp-json\/wp\/v2\/product_tag?post=10352"}],"curies":[{"name":"wp","href":"https:\/\/api.w.org\/{rel}","templated":true}]}}