{"id":10360,"date":"2025-06-29T13:17:26","date_gmt":"2025-06-29T11:17:26","guid":{"rendered":"https:\/\/uj.adatbank.ro\/lexikon\/termek\/imre-samu\/"},"modified":"2025-06-29T13:17:26","modified_gmt":"2025-06-29T11:17:26","slug":"imre-samu","status":"publish","type":"product","link":"https:\/\/uj.adatbank.ro\/lexikon\/termek\/imre-samu\/","title":{"rendered":"IMRE Samu"},"content":{"rendered":"<p>Korond, 1907., \u2020\u00a0?: k\u00f6zs\u00e9gi k\u00f6rjegyz\u0151. \u2013 Tanulm\u00e1nyait Sz\u00e9kelykereszt\u00faron v\u00e9gezte, majd jegyz\u0151i tanfolyamot hallgatott Fogarason. K\u00f6zigazgat\u00e1si m\u0171k\u00f6d\u00e9s\u00e9t B\u00f6rk\u00f6s\u00f6n kezdte, majd Nagyk\u00fck\u00fcll\u0151megy\u00e1ban volt vezet\u0151 jegyz\u0151, Gernyeszeg k\u00f6rjegyz\u0151je (1940\u2013). A k\u00f6zs\u00e9g minden kult\u00far \u00e9s szoci\u00e1lis int\u00e9zm\u00e9ny\u00e9nek ir\u00e1ny\u00edt\u00f3ja volt. <br \/><strong>Irod.:<\/strong> Sz\u00e9kelyf\u00f6ld \u00ed. k.<\/br><\/p>\n","protected":false},"excerpt":{"rendered":"<p>Korond, 1907., \u2020\u00a0?: k\u00f6zs\u00e9gi k\u00f6rjegyz\u0151. \u2013 Tanulm\u00e1nyait Sz\u00e9kelykereszt\u00faron v\u00e9gezte, majd jegyz\u0151i tanfolyamot hallgatott Fogarason. K\u00f6zigazgat\u00e1si m\u0171k\u00f6d\u00e9s\u00e9t B\u00f6rk\u00f6s\u00f6n kezdte, majd Nagyk\u00fck\u00fcll\u0151megy\u00e1ban volt vezet\u0151 jegyz\u0151, Gernyeszeg k\u00f6rjegyz\u0151je (1940\u2013). A k\u00f6zs\u00e9g minden kult\u00far \u00e9s szoci\u00e1lis int\u00e9zm\u00e9ny\u00e9nek ir\u00e1ny\u00edt\u00f3ja volt. Irod.: Sz\u00e9kelyf\u00f6ld \u00ed. k.<\/p>\n","protected":false},"featured_media":0,"comment_status":"open","ping_status":"closed","template":"","meta":[],"product_brand":[],"product_cat":[137],"product_tag":[],"class_list":{"0":"post-10360","1":"product","2":"type-product","3":"status-publish","5":"product_cat-maros-megyei-eletrajzi-lexikon","7":"first","8":"instock","9":"shipping-taxable","10":"product-type-simple"},"_links":{"self":[{"href":"https:\/\/uj.adatbank.ro\/lexikon\/wp-json\/wp\/v2\/product\/10360","targetHints":{"allow":["GET"]}}],"collection":[{"href":"https:\/\/uj.adatbank.ro\/lexikon\/wp-json\/wp\/v2\/product"}],"about":[{"href":"https:\/\/uj.adatbank.ro\/lexikon\/wp-json\/wp\/v2\/types\/product"}],"replies":[{"embeddable":true,"href":"https:\/\/uj.adatbank.ro\/lexikon\/wp-json\/wp\/v2\/comments?post=10360"}],"wp:attachment":[{"href":"https:\/\/uj.adatbank.ro\/lexikon\/wp-json\/wp\/v2\/media?parent=10360"}],"wp:term":[{"taxonomy":"product_brand","embeddable":true,"href":"https:\/\/uj.adatbank.ro\/lexikon\/wp-json\/wp\/v2\/product_brand?post=10360"},{"taxonomy":"product_cat","embeddable":true,"href":"https:\/\/uj.adatbank.ro\/lexikon\/wp-json\/wp\/v2\/product_cat?post=10360"},{"taxonomy":"product_tag","embeddable":true,"href":"https:\/\/uj.adatbank.ro\/lexikon\/wp-json\/wp\/v2\/product_tag?post=10360"}],"curies":[{"name":"wp","href":"https:\/\/api.w.org\/{rel}","templated":true}]}}