{"id":10368,"date":"2025-06-29T13:17:43","date_gmt":"2025-06-29T11:17:43","guid":{"rendered":"https:\/\/uj.adatbank.ro\/lexikon\/termek\/imreh-barna\/"},"modified":"2025-06-29T13:17:43","modified_gmt":"2025-06-29T11:17:43","slug":"imreh-barna","status":"publish","type":"product","link":"https:\/\/uj.adatbank.ro\/lexikon\/termek\/imreh-barna\/","title":{"rendered":"IMREH Barna"},"content":{"rendered":"<p>1922, \u2020 Sz\u00e9kesfeh\u00e9rv\u00e1r, 2010. szept.?? Sz\u00e9kesfef\u00e9rv\u00e1ron temett\u00e9k szept. 28.: orvos, gyermekgy\u00f3gy\u00e1sz. \u2013 Gyermekgy\u00f3gy\u00e1sz f\u0151orvos volt Mv.-en. <br \/><strong>Irod.:<\/strong> Nekrol\u00f3g] (N\u00fa., 2010. szept. 24.)<\/br><\/p>\n","protected":false},"excerpt":{"rendered":"<p>1922, \u2020 Sz\u00e9kesfeh\u00e9rv\u00e1r, 2010. szept.?? Sz\u00e9kesfef\u00e9rv\u00e1ron temett\u00e9k szept. 28.: orvos, gyermekgy\u00f3gy\u00e1sz. \u2013 Gyermekgy\u00f3gy\u00e1sz f\u0151orvos volt Mv.-en. Irod.: Nekrol\u00f3g] (N\u00fa., 2010. szept. 24.)<\/p>\n","protected":false},"featured_media":0,"comment_status":"open","ping_status":"closed","template":"","meta":[],"product_brand":[],"product_cat":[137],"product_tag":[],"class_list":{"0":"post-10368","1":"product","2":"type-product","3":"status-publish","5":"product_cat-maros-megyei-eletrajzi-lexikon","7":"first","8":"instock","9":"shipping-taxable","10":"product-type-simple"},"_links":{"self":[{"href":"https:\/\/uj.adatbank.ro\/lexikon\/wp-json\/wp\/v2\/product\/10368","targetHints":{"allow":["GET"]}}],"collection":[{"href":"https:\/\/uj.adatbank.ro\/lexikon\/wp-json\/wp\/v2\/product"}],"about":[{"href":"https:\/\/uj.adatbank.ro\/lexikon\/wp-json\/wp\/v2\/types\/product"}],"replies":[{"embeddable":true,"href":"https:\/\/uj.adatbank.ro\/lexikon\/wp-json\/wp\/v2\/comments?post=10368"}],"wp:attachment":[{"href":"https:\/\/uj.adatbank.ro\/lexikon\/wp-json\/wp\/v2\/media?parent=10368"}],"wp:term":[{"taxonomy":"product_brand","embeddable":true,"href":"https:\/\/uj.adatbank.ro\/lexikon\/wp-json\/wp\/v2\/product_brand?post=10368"},{"taxonomy":"product_cat","embeddable":true,"href":"https:\/\/uj.adatbank.ro\/lexikon\/wp-json\/wp\/v2\/product_cat?post=10368"},{"taxonomy":"product_tag","embeddable":true,"href":"https:\/\/uj.adatbank.ro\/lexikon\/wp-json\/wp\/v2\/product_tag?post=10368"}],"curies":[{"name":"wp","href":"https:\/\/api.w.org\/{rel}","templated":true}]}}