{"id":10375,"date":"2025-06-29T13:17:57","date_gmt":"2025-06-29T11:17:57","guid":{"rendered":"https:\/\/uj.adatbank.ro\/lexikon\/termek\/imreh-ferenc\/"},"modified":"2025-06-29T13:17:57","modified_gmt":"2025-06-29T11:17:57","slug":"imreh-ferenc","status":"publish","type":"product","link":"https:\/\/uj.adatbank.ro\/lexikon\/termek\/imreh-ferenc\/","title":{"rendered":"IMREH Ferenc"},"content":{"rendered":"<p>Kib\u00e9d, 1907. dec. 16., \u2020 Mv., ?: tisztvisel\u0151. \u2013 \u00c9retts\u00e9gizett. A mv.-i K\u00f6z\u00e9lelmez\u00e9si Tr\u00f6sztn\u00e9l dolgozott (TAPL). Kiz\u00e1rt\u00e1k a RKP-b\u00f3l (1952). \u00c1llamellenes propaganda miatt letart\u00f3ztatt\u00e1k (1961. aug. 10). <br \/><strong>Irod.:<\/strong> \u00c1ldozatok<\/br><\/p>\n","protected":false},"excerpt":{"rendered":"<p>Kib\u00e9d, 1907. dec. 16., \u2020 Mv., ?: tisztvisel\u0151. \u2013 \u00c9retts\u00e9gizett. A mv.-i K\u00f6z\u00e9lelmez\u00e9si Tr\u00f6sztn\u00e9l dolgozott (TAPL). Kiz\u00e1rt\u00e1k a RKP-b\u00f3l (1952). \u00c1llamellenes propaganda miatt letart\u00f3ztatt\u00e1k (1961. aug. 10). Irod.: \u00c1ldozatok<\/p>\n","protected":false},"featured_media":0,"comment_status":"open","ping_status":"closed","template":"","meta":[],"product_brand":[],"product_cat":[137],"product_tag":[],"class_list":{"0":"post-10375","1":"product","2":"type-product","3":"status-publish","5":"product_cat-maros-megyei-eletrajzi-lexikon","7":"first","8":"instock","9":"shipping-taxable","10":"product-type-simple"},"_links":{"self":[{"href":"https:\/\/uj.adatbank.ro\/lexikon\/wp-json\/wp\/v2\/product\/10375","targetHints":{"allow":["GET"]}}],"collection":[{"href":"https:\/\/uj.adatbank.ro\/lexikon\/wp-json\/wp\/v2\/product"}],"about":[{"href":"https:\/\/uj.adatbank.ro\/lexikon\/wp-json\/wp\/v2\/types\/product"}],"replies":[{"embeddable":true,"href":"https:\/\/uj.adatbank.ro\/lexikon\/wp-json\/wp\/v2\/comments?post=10375"}],"wp:attachment":[{"href":"https:\/\/uj.adatbank.ro\/lexikon\/wp-json\/wp\/v2\/media?parent=10375"}],"wp:term":[{"taxonomy":"product_brand","embeddable":true,"href":"https:\/\/uj.adatbank.ro\/lexikon\/wp-json\/wp\/v2\/product_brand?post=10375"},{"taxonomy":"product_cat","embeddable":true,"href":"https:\/\/uj.adatbank.ro\/lexikon\/wp-json\/wp\/v2\/product_cat?post=10375"},{"taxonomy":"product_tag","embeddable":true,"href":"https:\/\/uj.adatbank.ro\/lexikon\/wp-json\/wp\/v2\/product_tag?post=10375"}],"curies":[{"name":"wp","href":"https:\/\/api.w.org\/{rel}","templated":true}]}}