{"id":10376,"date":"2025-06-29T13:17:58","date_gmt":"2025-06-29T11:17:58","guid":{"rendered":"https:\/\/uj.adatbank.ro\/lexikon\/termek\/imreh-gyorgy\/"},"modified":"2025-06-29T13:17:58","modified_gmt":"2025-06-29T11:17:58","slug":"imreh-gyorgy","status":"publish","type":"product","link":"https:\/\/uj.adatbank.ro\/lexikon\/termek\/imreh-gyorgy\/","title":{"rendered":"IMREH Gy\u00f6rgy"},"content":{"rendered":"<p>Sz\u00e9kelykakasd, ? \u2020\u00a0Sz\u00e9kelykakasd, 1795. \u00e1pr. 15.: ref. lelk\u00e9sz. \u2013 Sz\u00e9kelykakasdon szolg\u00e1lt (1778\u20131795). Temet\u00e9s\u00e9n b\u00facs\u00faztatta esperes Tsibi J\u00e1nos \u00e9s Musnai Mikl\u00f3s. <br \/><strong>Irod.:<\/strong> Imreh Barna; Sz\u00e9kelykakasd<\/br><\/p>\n","protected":false},"excerpt":{"rendered":"<p>Sz\u00e9kelykakasd, ? \u2020\u00a0Sz\u00e9kelykakasd, 1795. \u00e1pr. 15.: ref. lelk\u00e9sz. \u2013 Sz\u00e9kelykakasdon szolg\u00e1lt (1778\u20131795). Temet\u00e9s\u00e9n b\u00facs\u00faztatta esperes Tsibi J\u00e1nos \u00e9s Musnai Mikl\u00f3s. Irod.: Imreh Barna; Sz\u00e9kelykakasd<\/p>\n","protected":false},"featured_media":0,"comment_status":"open","ping_status":"closed","template":"","meta":[],"product_brand":[],"product_cat":[137],"product_tag":[],"class_list":{"0":"post-10376","1":"product","2":"type-product","3":"status-publish","5":"product_cat-maros-megyei-eletrajzi-lexikon","7":"first","8":"instock","9":"shipping-taxable","10":"product-type-simple"},"_links":{"self":[{"href":"https:\/\/uj.adatbank.ro\/lexikon\/wp-json\/wp\/v2\/product\/10376","targetHints":{"allow":["GET"]}}],"collection":[{"href":"https:\/\/uj.adatbank.ro\/lexikon\/wp-json\/wp\/v2\/product"}],"about":[{"href":"https:\/\/uj.adatbank.ro\/lexikon\/wp-json\/wp\/v2\/types\/product"}],"replies":[{"embeddable":true,"href":"https:\/\/uj.adatbank.ro\/lexikon\/wp-json\/wp\/v2\/comments?post=10376"}],"wp:attachment":[{"href":"https:\/\/uj.adatbank.ro\/lexikon\/wp-json\/wp\/v2\/media?parent=10376"}],"wp:term":[{"taxonomy":"product_brand","embeddable":true,"href":"https:\/\/uj.adatbank.ro\/lexikon\/wp-json\/wp\/v2\/product_brand?post=10376"},{"taxonomy":"product_cat","embeddable":true,"href":"https:\/\/uj.adatbank.ro\/lexikon\/wp-json\/wp\/v2\/product_cat?post=10376"},{"taxonomy":"product_tag","embeddable":true,"href":"https:\/\/uj.adatbank.ro\/lexikon\/wp-json\/wp\/v2\/product_tag?post=10376"}],"curies":[{"name":"wp","href":"https:\/\/api.w.org\/{rel}","templated":true}]}}