{"id":10379,"date":"2025-06-29T13:18:02","date_gmt":"2025-06-29T11:18:02","guid":{"rendered":"https:\/\/uj.adatbank.ro\/lexikon\/termek\/imreh-istvan-kaposztasszentmiklosi-2\/"},"modified":"2025-06-29T13:18:02","modified_gmt":"2025-06-29T11:18:02","slug":"imreh-istvan-kaposztasszentmiklosi-2","status":"publish","type":"product","link":"https:\/\/uj.adatbank.ro\/lexikon\/termek\/imreh-istvan-kaposztasszentmiklosi-2\/","title":{"rendered":"IMREH Istv\u00e1n, k\u00e1poszt\u00e1sszentmikl\u00f3si"},"content":{"rendered":"<p>1810.? \u2020\u00a0Mv., 1879. aug. 6.: \u00fcgyv\u00e9d. \u2013 Feles\u00e9ge: Pataky Zsuzs\u00e1nna. (Ek\u00fcv\u0151: 1845. nov. 22.) Gyermekeik: I. Mikl\u00f3s, feles\u00e9ge Konr\u00e1d Ilka; Berta; Endre. \u2013 Mv.-en \u00fcgyv\u00e9d. Maros-Torda megye \u00c1rvasz\u00e9ki jegyz\u0151je. <br \/><strong>Irod.:<\/strong> Gy\u00e1szjelent\u0151; Mez\u0151madaras<\/br><\/p>\n","protected":false},"excerpt":{"rendered":"<p>1810.? \u2020\u00a0Mv., 1879. aug. 6.: \u00fcgyv\u00e9d. \u2013 Feles\u00e9ge: Pataky Zsuzs\u00e1nna. (Ek\u00fcv\u0151: 1845. nov. 22.) Gyermekeik: I. Mikl\u00f3s, feles\u00e9ge Konr\u00e1d Ilka; Berta; Endre. \u2013 Mv.-en \u00fcgyv\u00e9d. Maros-Torda megye \u00c1rvasz\u00e9ki jegyz\u0151je. Irod.: Gy\u00e1szjelent\u0151; Mez\u0151madaras<\/p>\n","protected":false},"featured_media":0,"comment_status":"open","ping_status":"closed","template":"","meta":[],"product_brand":[],"product_cat":[137],"product_tag":[],"class_list":{"0":"post-10379","1":"product","2":"type-product","3":"status-publish","5":"product_cat-maros-megyei-eletrajzi-lexikon","7":"first","8":"instock","9":"shipping-taxable","10":"product-type-simple"},"_links":{"self":[{"href":"https:\/\/uj.adatbank.ro\/lexikon\/wp-json\/wp\/v2\/product\/10379","targetHints":{"allow":["GET"]}}],"collection":[{"href":"https:\/\/uj.adatbank.ro\/lexikon\/wp-json\/wp\/v2\/product"}],"about":[{"href":"https:\/\/uj.adatbank.ro\/lexikon\/wp-json\/wp\/v2\/types\/product"}],"replies":[{"embeddable":true,"href":"https:\/\/uj.adatbank.ro\/lexikon\/wp-json\/wp\/v2\/comments?post=10379"}],"wp:attachment":[{"href":"https:\/\/uj.adatbank.ro\/lexikon\/wp-json\/wp\/v2\/media?parent=10379"}],"wp:term":[{"taxonomy":"product_brand","embeddable":true,"href":"https:\/\/uj.adatbank.ro\/lexikon\/wp-json\/wp\/v2\/product_brand?post=10379"},{"taxonomy":"product_cat","embeddable":true,"href":"https:\/\/uj.adatbank.ro\/lexikon\/wp-json\/wp\/v2\/product_cat?post=10379"},{"taxonomy":"product_tag","embeddable":true,"href":"https:\/\/uj.adatbank.ro\/lexikon\/wp-json\/wp\/v2\/product_tag?post=10379"}],"curies":[{"name":"wp","href":"https:\/\/api.w.org\/{rel}","templated":true}]}}